{"id":8929,"date":"2021-01-27T00:05:55","date_gmt":"2021-01-27T00:05:55","guid":{"rendered":"https:\/\/instamedic.mx\/?post_type=product&#038;p=8929"},"modified":"2024-03-11T21:33:44","modified_gmt":"2024-03-11T21:33:44","slug":"pocket-fetal-doppler","status":"publish","type":"product","link":"https:\/\/instamedic.mx\/en\/tienda-medica\/equipo-medico\/diagnostico\/dopler\/pocket-fetal-doppler\/","title":{"rendered":"Pocket fetal doppler"},"content":{"rendered":"<p>Sonoline C &#8211; Doppler Fetal<\/p>\n<p>Es una unidad de mano Obst\u00e9trica, que puede ser usado en el hospital, la cl\u00ednica y el hogar para el control diario de la mujer embarazada.<\/p>\n<p>Caracter\u00edsticas:<\/p>\n<p>Port\u00e1til y f\u00e1cil de usar.<br \/>\nPantalla LCD TFT en color (3536 colores): 160* 128 p\u00edxeles.<br \/>\nFrecuencia Card\u00edaca Fetal, gr\u00e1fico de barras y de forma de onda color en la pantalla de visualizaci\u00f3n.<br \/>\nPulso card\u00edaco de alarma en rojo cuando el rango de la frecuencia card\u00edaca del feto esta fuera del rango normal.<br \/>\nModo de visualizaci\u00f3n de la frecuencia card\u00edaca fetal en tiempo real.<br \/>\nIndicador de estado de la bater\u00eda.<br \/>\nCuenta con parlantes.<br \/>\nSalida para Auriculares.<br \/>\nDos bater\u00edas alcalinas AA de 1,5 V que pueden trabajar no menos de 8 hs.<\/p>\n<p>Rendimiento:<\/p>\n<p>FHR rango de medici\u00f3n: 50 \u2013 240 BPM (BPM: latidos por minuto).<br \/>\nPrecisi\u00f3n: \u00b1 2BPM.<br \/>\nFrecuencia de trabajo: 2.0MHz \u00b1 10 %<br \/>\nIntensidad de salida del ultrasonido: &lt;5mW\/cm2<br \/>\nModo de trabajo: Doppler de onda continua.<\/p>\n<p>Caracter\u00edsticas F\u00edsicas<br \/>\nTama\u00f1o: 135mm (largo) x 92mm (ancho) x 29 mm. (alto)<br \/>\nPeso: 245 gr. Aprox. (Bater\u00edas incluidas).<\/p>","protected":false},"excerpt":{"rendered":"<p>Aparato de monitoreo cardiaco fetal<\/p>\n<p>Para la auto-comprobaci\u00f3n diaria por parte de la mujer embarazada, realizando un seguimiento temprano y cuidado de por vida<\/p>","protected":false},"featured_media":8931,"comment_status":"open","ping_status":"closed","template":"","meta":[],"wpc-collection":[],"product_brand":[],"product_cat":[122],"product_tag":[468,470,123,220,469],"yoast_head":"<!-- This site is optimized with the Yoast SEO Premium plugin v22.3 (Yoast SEO v22.4) - https:\/\/yoast.com\/wordpress\/plugins\/seo\/ -->\n<title>Pocket fetal doppler | Instamedic<\/title>\n<meta name=\"robots\" content=\"index, follow, max-snippet:-1, max-image-preview:large, max-video-preview:-1\" \/>\n<link rel=\"canonical\" href=\"https:\/\/instamedic.mx\/en\/tienda-medica\/equipo-medico\/diagnostico\/dopler\/pocket-fetal-doppler\/\" \/>\n<meta property=\"og:locale\" content=\"en_US\" \/>\n<meta property=\"og:type\" content=\"article\" \/>\n<meta property=\"og:title\" content=\"Pocket fetal doppler\" \/>\n<meta property=\"og:description\" content=\"Aparato de monitoreo cardiaco fetal  Para la auto-comprobaci\u00f3n diaria por parte de la mujer embarazada, realizando un seguimiento temprano y cuidado de por vida\" \/>\n<meta property=\"og:url\" content=\"https:\/\/instamedic.mx\/en\/tienda-medica\/equipo-medico\/diagnostico\/dopler\/pocket-fetal-doppler\/\" \/>\n<meta property=\"og:site_name\" content=\"Instamedic\" \/>\n<meta property=\"article:publisher\" content=\"https:\/\/www.facebook.com\/instamedicmx\" \/>\n<meta property=\"article:modified_time\" content=\"2024-03-11T21:33:44+00:00\" \/>\n<meta property=\"og:image\" content=\"https:\/\/instamedic.mx\/wp-content\/uploads\/2021\/01\/doppler-azul-marino-pocket-fetal-contec-baby-sound-c.jpg\" \/>\n\t<meta property=\"og:image:width\" content=\"800\" \/>\n\t<meta property=\"og:image:height\" content=\"800\" \/>\n\t<meta property=\"og:image:type\" content=\"image\/jpeg\" \/>\n<meta name=\"twitter:card\" content=\"summary_large_image\" \/>\n<meta name=\"twitter:label1\" content=\"Est. reading time\" \/>\n\t<meta name=\"twitter:data1\" content=\"1 minute\" \/>\n<script type=\"application\/ld+json\" class=\"yoast-schema-graph\">{\"@context\":\"https:\/\/schema.org\",\"@graph\":[{\"@type\":\"WebPage\",\"@id\":\"https:\/\/instamedic.mx\/tienda-medica\/equipo-medico\/diagnostico\/dopler\/pocket-fetal-doppler\/\",\"url\":\"https:\/\/instamedic.mx\/tienda-medica\/equipo-medico\/diagnostico\/dopler\/pocket-fetal-doppler\/\",\"name\":\"Pocket fetal doppler | Instamedic\",\"isPartOf\":{\"@id\":\"https:\/\/instamedic.mx\/#website\"},\"primaryImageOfPage\":{\"@id\":\"https:\/\/instamedic.mx\/tienda-medica\/equipo-medico\/diagnostico\/dopler\/pocket-fetal-doppler\/#primaryimage\"},\"image\":{\"@id\":\"https:\/\/instamedic.mx\/tienda-medica\/equipo-medico\/diagnostico\/dopler\/pocket-fetal-doppler\/#primaryimage\"},\"thumbnailUrl\":\"https:\/\/instamedic.mx\/wp-content\/uploads\/2021\/01\/doppler-azul-marino-pocket-fetal-contec-baby-sound-c.jpg\",\"datePublished\":\"2021-01-27T00:05:55+00:00\",\"dateModified\":\"2024-03-11T21:33:44+00:00\",\"breadcrumb\":{\"@id\":\"https:\/\/instamedic.mx\/tienda-medica\/equipo-medico\/diagnostico\/dopler\/pocket-fetal-doppler\/#breadcrumb\"},\"inLanguage\":\"en-US\",\"potentialAction\":[{\"@type\":\"ReadAction\",\"target\":[\"https:\/\/instamedic.mx\/tienda-medica\/equipo-medico\/diagnostico\/dopler\/pocket-fetal-doppler\/\"]}]},{\"@type\":\"ImageObject\",\"inLanguage\":\"en-US\",\"@id\":\"https:\/\/instamedic.mx\/tienda-medica\/equipo-medico\/diagnostico\/dopler\/pocket-fetal-doppler\/#primaryimage\",\"url\":\"https:\/\/instamedic.mx\/wp-content\/uploads\/2021\/01\/doppler-azul-marino-pocket-fetal-contec-baby-sound-c.jpg\",\"contentUrl\":\"https:\/\/instamedic.mx\/wp-content\/uploads\/2021\/01\/doppler-azul-marino-pocket-fetal-contec-baby-sound-c.jpg\",\"width\":800,\"height\":800},{\"@type\":\"BreadcrumbList\",\"@id\":\"https:\/\/instamedic.mx\/tienda-medica\/equipo-medico\/diagnostico\/dopler\/pocket-fetal-doppler\/#breadcrumb\",\"itemListElement\":[{\"@type\":\"ListItem\",\"position\":1,\"name\":\"Inicio\",\"item\":\"https:\/\/instamedic.mx\/\"},{\"@type\":\"ListItem\",\"position\":2,\"name\":\"Tienda m\u00e9dica\",\"item\":\"https:\/\/instamedic.mx\/tienda-medica\/\"},{\"@type\":\"ListItem\",\"position\":3,\"name\":\"Pocket fetal doppler\"}]},{\"@type\":\"WebSite\",\"@id\":\"https:\/\/instamedic.mx\/#website\",\"url\":\"https:\/\/instamedic.mx\/\",\"name\":\"INSTAMEDIC\",\"description\":\"Venta de equipo m\u00e9dico, instrumental y uniformes quirpurgicos\",\"publisher\":{\"@id\":\"https:\/\/instamedic.mx\/#organization\"},\"potentialAction\":[{\"@type\":\"SearchAction\",\"target\":{\"@type\":\"EntryPoint\",\"urlTemplate\":\"https:\/\/instamedic.mx\/?s={search_term_string}\"},\"query-input\":\"required name=search_term_string\"}],\"inLanguage\":\"en-US\"},{\"@type\":\"Organization\",\"@id\":\"https:\/\/instamedic.mx\/#organization\",\"name\":\"INSTAMEDIC\",\"url\":\"https:\/\/instamedic.mx\/\",\"logo\":{\"@type\":\"ImageObject\",\"inLanguage\":\"en-US\",\"@id\":\"https:\/\/instamedic.mx\/#\/schema\/logo\/image\/\",\"url\":\"https:\/\/instamedic.mx\/wp-content\/uploads\/2024\/02\/Logo-instamedic.png\",\"contentUrl\":\"https:\/\/instamedic.mx\/wp-content\/uploads\/2024\/02\/Logo-instamedic.png\",\"width\":500,\"height\":500,\"caption\":\"INSTAMEDIC\"},\"image\":{\"@id\":\"https:\/\/instamedic.mx\/#\/schema\/logo\/image\/\"},\"sameAs\":[\"https:\/\/www.facebook.com\/instamedicmx\",\"https:\/\/www.instagram.com\/instamedic_mx\/\"],\"email\":\"info@instamedic.mx\",\"telephone\":\"8713426247\"}]}<\/script>\n<!-- \/ Yoast SEO Premium plugin. -->","yoast_head_json":{"title":"Pocket fetal doppler | Instamedic","robots":{"index":"index","follow":"follow","max-snippet":"max-snippet:-1","max-image-preview":"max-image-preview:large","max-video-preview":"max-video-preview:-1"},"canonical":"https:\/\/instamedic.mx\/en\/tienda-medica\/equipo-medico\/diagnostico\/dopler\/pocket-fetal-doppler\/","og_locale":"en_US","og_type":"article","og_title":"Pocket fetal doppler","og_description":"Aparato de monitoreo cardiaco fetal  Para la auto-comprobaci\u00f3n diaria por parte de la mujer embarazada, realizando un seguimiento temprano y cuidado de por vida","og_url":"https:\/\/instamedic.mx\/en\/tienda-medica\/equipo-medico\/diagnostico\/dopler\/pocket-fetal-doppler\/","og_site_name":"Instamedic","article_publisher":"https:\/\/www.facebook.com\/instamedicmx","article_modified_time":"2024-03-11T21:33:44+00:00","og_image":[{"width":800,"height":800,"url":"https:\/\/instamedic.mx\/wp-content\/uploads\/2021\/01\/doppler-azul-marino-pocket-fetal-contec-baby-sound-c.jpg","type":"image\/jpeg"}],"twitter_card":"summary_large_image","twitter_misc":{"Est. reading time":"1 minute"},"schema":{"@context":"https:\/\/schema.org","@graph":[{"@type":"WebPage","@id":"https:\/\/instamedic.mx\/tienda-medica\/equipo-medico\/diagnostico\/dopler\/pocket-fetal-doppler\/","url":"https:\/\/instamedic.mx\/tienda-medica\/equipo-medico\/diagnostico\/dopler\/pocket-fetal-doppler\/","name":"Pocket fetal doppler | Instamedic","isPartOf":{"@id":"https:\/\/instamedic.mx\/#website"},"primaryImageOfPage":{"@id":"https:\/\/instamedic.mx\/tienda-medica\/equipo-medico\/diagnostico\/dopler\/pocket-fetal-doppler\/#primaryimage"},"image":{"@id":"https:\/\/instamedic.mx\/tienda-medica\/equipo-medico\/diagnostico\/dopler\/pocket-fetal-doppler\/#primaryimage"},"thumbnailUrl":"https:\/\/instamedic.mx\/wp-content\/uploads\/2021\/01\/doppler-azul-marino-pocket-fetal-contec-baby-sound-c.jpg","datePublished":"2021-01-27T00:05:55+00:00","dateModified":"2024-03-11T21:33:44+00:00","breadcrumb":{"@id":"https:\/\/instamedic.mx\/tienda-medica\/equipo-medico\/diagnostico\/dopler\/pocket-fetal-doppler\/#breadcrumb"},"inLanguage":"en-US","potentialAction":[{"@type":"ReadAction","target":["https:\/\/instamedic.mx\/tienda-medica\/equipo-medico\/diagnostico\/dopler\/pocket-fetal-doppler\/"]}]},{"@type":"ImageObject","inLanguage":"en-US","@id":"https:\/\/instamedic.mx\/tienda-medica\/equipo-medico\/diagnostico\/dopler\/pocket-fetal-doppler\/#primaryimage","url":"https:\/\/instamedic.mx\/wp-content\/uploads\/2021\/01\/doppler-azul-marino-pocket-fetal-contec-baby-sound-c.jpg","contentUrl":"https:\/\/instamedic.mx\/wp-content\/uploads\/2021\/01\/doppler-azul-marino-pocket-fetal-contec-baby-sound-c.jpg","width":800,"height":800},{"@type":"BreadcrumbList","@id":"https:\/\/instamedic.mx\/tienda-medica\/equipo-medico\/diagnostico\/dopler\/pocket-fetal-doppler\/#breadcrumb","itemListElement":[{"@type":"ListItem","position":1,"name":"Inicio","item":"https:\/\/instamedic.mx\/"},{"@type":"ListItem","position":2,"name":"Tienda m\u00e9dica","item":"https:\/\/instamedic.mx\/tienda-medica\/"},{"@type":"ListItem","position":3,"name":"Pocket fetal doppler"}]},{"@type":"WebSite","@id":"https:\/\/instamedic.mx\/#website","url":"https:\/\/instamedic.mx\/","name":"INSTAMEDIC","description":"Venta de equipo m\u00e9dico, instrumental y uniformes quirpurgicos","publisher":{"@id":"https:\/\/instamedic.mx\/#organization"},"potentialAction":[{"@type":"SearchAction","target":{"@type":"EntryPoint","urlTemplate":"https:\/\/instamedic.mx\/?s={search_term_string}"},"query-input":"required name=search_term_string"}],"inLanguage":"en-US"},{"@type":"Organization","@id":"https:\/\/instamedic.mx\/#organization","name":"INSTAMEDIC","url":"https:\/\/instamedic.mx\/","logo":{"@type":"ImageObject","inLanguage":"en-US","@id":"https:\/\/instamedic.mx\/#\/schema\/logo\/image\/","url":"https:\/\/instamedic.mx\/wp-content\/uploads\/2024\/02\/Logo-instamedic.png","contentUrl":"https:\/\/instamedic.mx\/wp-content\/uploads\/2024\/02\/Logo-instamedic.png","width":500,"height":500,"caption":"INSTAMEDIC"},"image":{"@id":"https:\/\/instamedic.mx\/#\/schema\/logo\/image\/"},"sameAs":["https:\/\/www.facebook.com\/instamedicmx","https:\/\/www.instagram.com\/instamedic_mx\/"],"email":"info@instamedic.mx","telephone":"8713426247"}]}},"jetpack_sharing_enabled":true,"_links":{"self":[{"href":"https:\/\/instamedic.mx\/en\/wp-json\/wp\/v2\/product\/8929"}],"collection":[{"href":"https:\/\/instamedic.mx\/en\/wp-json\/wp\/v2\/product"}],"about":[{"href":"https:\/\/instamedic.mx\/en\/wp-json\/wp\/v2\/types\/product"}],"replies":[{"embeddable":true,"href":"https:\/\/instamedic.mx\/en\/wp-json\/wp\/v2\/comments?post=8929"}],"version-history":[{"count":1,"href":"https:\/\/instamedic.mx\/en\/wp-json\/wp\/v2\/product\/8929\/revisions"}],"predecessor-version":[{"id":22897,"href":"https:\/\/instamedic.mx\/en\/wp-json\/wp\/v2\/product\/8929\/revisions\/22897"}],"wp:featuredmedia":[{"embeddable":true,"href":"https:\/\/instamedic.mx\/en\/wp-json\/wp\/v2\/media\/8931"}],"wp:attachment":[{"href":"https:\/\/instamedic.mx\/en\/wp-json\/wp\/v2\/media?parent=8929"}],"wp:term":[{"taxonomy":"wpc-collection","embeddable":true,"href":"https:\/\/instamedic.mx\/en\/wp-json\/wp\/v2\/wpc-collection?post=8929"},{"taxonomy":"product_brand","embeddable":true,"href":"https:\/\/instamedic.mx\/en\/wp-json\/wp\/v2\/product_brand?post=8929"},{"taxonomy":"product_cat","embeddable":true,"href":"https:\/\/instamedic.mx\/en\/wp-json\/wp\/v2\/product_cat?post=8929"},{"taxonomy":"product_tag","embeddable":true,"href":"https:\/\/instamedic.mx\/en\/wp-json\/wp\/v2\/product_tag?post=8929"}],"curies":[{"name":"wp","href":"https:\/\/api.w.org\/{rel}","templated":true}]}}