{"id":8932,"date":"2021-01-27T01:11:23","date_gmt":"2021-01-27T01:11:23","guid":{"rendered":"https:\/\/instamedic.mx\/?post_type=product&#038;p=8932"},"modified":"2021-01-27T01:11:24","modified_gmt":"2021-01-27T01:11:24","slug":"oximetro-de-pulso-jziki","status":"publish","type":"product","link":"https:\/\/instamedic.mx\/en\/tienda-medica\/equipo-medico\/diagnostico\/oximetros\/oximetro-de-pulso-jziki\/","title":{"rendered":"Oximetro de pulso JZIKI"},"content":{"rendered":"<p>&gt; CARACTER\u00cdSTICAS:<\/p>\n<p>&#8211; Tipo de pantalla: LCD OLED<br \/>\n&#8211; Rango de medici\u00f3n de SpO2: 70% \u2013 99%<br \/>\n&#8211; Potencia: 2 pilas alcalinas AAA de 1,5 V (NO INCLUIDAS).<br \/>\n&#8211; Temperatura de funcionamiento: 5 \u00b0C \u2013 40 \u00b0C<br \/>\n&#8211; Presi\u00f3n de aire: 70kPa \u2013 106kPa<br \/>\n&#8211; Apagado autom\u00e1tico: apagado autom\u00e1tico de 8 segundos<br \/>\n&#8211; Tiempo de monitoreo del sue\u00f1o: 8 horas.<br \/>\n&#8211; Peso aprox: 52gr.<\/p>\n<p>Se adapta a cada dedo<br \/>\nPRESENTACI\u00d3N:<\/p>\n<p>&#8211; El paquete contiene: 1 Ox\u00edmetro IMDK A3, 1 Manual de usuario y 1 Cord\u00f3n de cuello.<\/p>\n<p>FUNCIONAMIENTO CORRECTO:<\/p>\n<p>Con 2 pilas alcalinas AAA de 1,5 V (NO INCLUIDAS).<br \/>\n*Aseg\u00farese de colocar las pilas correctamente: deben colocarse una negativa y otra positiva.<\/p>","protected":false},"excerpt":{"rendered":"<p>Ox\u00edmetro de Pulso de M\u00e1xima Calidad. Color gris con blanco.<\/p>\n<p>La pantalla LED es f\u00e1cilmente legible y entendible. Se puede girar en 4 direcciones, a gusto personal.<\/p>","protected":false},"featured_media":8933,"comment_status":"open","ping_status":"closed","template":"","meta":[],"wpc-collection":[],"product_brand":[],"product_cat":[95],"product_tag":[387,342,150,341],"yoast_head":"<!-- This site is optimized with the Yoast SEO Premium plugin v22.3 (Yoast SEO v22.4) - https:\/\/yoast.com\/wordpress\/plugins\/seo\/ -->\n<title>Oximetro de pulso JZIKI | Instamedic<\/title>\n<meta name=\"robots\" content=\"index, follow, max-snippet:-1, max-image-preview:large, max-video-preview:-1\" \/>\n<link rel=\"canonical\" href=\"https:\/\/instamedic.mx\/en\/tienda-medica\/equipo-medico\/diagnostico\/oximetros\/oximetro-de-pulso-jziki\/\" \/>\n<meta property=\"og:locale\" content=\"en_US\" \/>\n<meta property=\"og:type\" content=\"article\" \/>\n<meta property=\"og:title\" content=\"Oximetro de pulso JZIKI\" \/>\n<meta property=\"og:description\" content=\"Ox\u00edmetro de Pulso de M\u00e1xima Calidad. Color gris con blanco.  La pantalla LED es f\u00e1cilmente legible y entendible. Se puede girar en 4 direcciones, a gusto personal.\" \/>\n<meta property=\"og:url\" content=\"https:\/\/instamedic.mx\/en\/tienda-medica\/equipo-medico\/diagnostico\/oximetros\/oximetro-de-pulso-jziki\/\" \/>\n<meta property=\"og:site_name\" content=\"Instamedic\" \/>\n<meta property=\"article:publisher\" content=\"https:\/\/www.facebook.com\/instamedicmx\" \/>\n<meta property=\"article:modified_time\" content=\"2021-01-27T01:11:24+00:00\" \/>\n<meta property=\"og:image\" content=\"https:\/\/instamedic.mx\/wp-content\/uploads\/2021\/01\/oximetro_gris-removebg-preview1.png\" \/>\n\t<meta property=\"og:image:width\" content=\"500\" \/>\n\t<meta property=\"og:image:height\" content=\"500\" \/>\n\t<meta property=\"og:image:type\" content=\"image\/png\" \/>\n<meta name=\"twitter:card\" content=\"summary_large_image\" \/>\n<meta name=\"twitter:label1\" content=\"Est. reading time\" \/>\n\t<meta name=\"twitter:data1\" content=\"1 minute\" \/>\n<script type=\"application\/ld+json\" class=\"yoast-schema-graph\">{\"@context\":\"https:\/\/schema.org\",\"@graph\":[{\"@type\":\"WebPage\",\"@id\":\"https:\/\/instamedic.mx\/tienda-medica\/equipo-medico\/diagnostico\/oximetros\/oximetro-de-pulso-jziki\/\",\"url\":\"https:\/\/instamedic.mx\/tienda-medica\/equipo-medico\/diagnostico\/oximetros\/oximetro-de-pulso-jziki\/\",\"name\":\"Oximetro de pulso JZIKI | Instamedic\",\"isPartOf\":{\"@id\":\"https:\/\/instamedic.mx\/#website\"},\"primaryImageOfPage\":{\"@id\":\"https:\/\/instamedic.mx\/tienda-medica\/equipo-medico\/diagnostico\/oximetros\/oximetro-de-pulso-jziki\/#primaryimage\"},\"image\":{\"@id\":\"https:\/\/instamedic.mx\/tienda-medica\/equipo-medico\/diagnostico\/oximetros\/oximetro-de-pulso-jziki\/#primaryimage\"},\"thumbnailUrl\":\"https:\/\/instamedic.mx\/wp-content\/uploads\/2021\/01\/oximetro_gris-removebg-preview1.png\",\"datePublished\":\"2021-01-27T01:11:23+00:00\",\"dateModified\":\"2021-01-27T01:11:24+00:00\",\"breadcrumb\":{\"@id\":\"https:\/\/instamedic.mx\/tienda-medica\/equipo-medico\/diagnostico\/oximetros\/oximetro-de-pulso-jziki\/#breadcrumb\"},\"inLanguage\":\"en-US\",\"potentialAction\":[{\"@type\":\"ReadAction\",\"target\":[\"https:\/\/instamedic.mx\/tienda-medica\/equipo-medico\/diagnostico\/oximetros\/oximetro-de-pulso-jziki\/\"]}]},{\"@type\":\"ImageObject\",\"inLanguage\":\"en-US\",\"@id\":\"https:\/\/instamedic.mx\/tienda-medica\/equipo-medico\/diagnostico\/oximetros\/oximetro-de-pulso-jziki\/#primaryimage\",\"url\":\"https:\/\/instamedic.mx\/wp-content\/uploads\/2021\/01\/oximetro_gris-removebg-preview1.png\",\"contentUrl\":\"https:\/\/instamedic.mx\/wp-content\/uploads\/2021\/01\/oximetro_gris-removebg-preview1.png\",\"width\":500,\"height\":500},{\"@type\":\"BreadcrumbList\",\"@id\":\"https:\/\/instamedic.mx\/tienda-medica\/equipo-medico\/diagnostico\/oximetros\/oximetro-de-pulso-jziki\/#breadcrumb\",\"itemListElement\":[{\"@type\":\"ListItem\",\"position\":1,\"name\":\"Inicio\",\"item\":\"https:\/\/instamedic.mx\/\"},{\"@type\":\"ListItem\",\"position\":2,\"name\":\"Tienda m\u00e9dica\",\"item\":\"https:\/\/instamedic.mx\/tienda-medica\/\"},{\"@type\":\"ListItem\",\"position\":3,\"name\":\"Oximetro de pulso JZIKI\"}]},{\"@type\":\"WebSite\",\"@id\":\"https:\/\/instamedic.mx\/#website\",\"url\":\"https:\/\/instamedic.mx\/\",\"name\":\"INSTAMEDIC\",\"description\":\"Venta de equipo m\u00e9dico, instrumental y uniformes quirpurgicos\",\"publisher\":{\"@id\":\"https:\/\/instamedic.mx\/#organization\"},\"potentialAction\":[{\"@type\":\"SearchAction\",\"target\":{\"@type\":\"EntryPoint\",\"urlTemplate\":\"https:\/\/instamedic.mx\/?s={search_term_string}\"},\"query-input\":\"required name=search_term_string\"}],\"inLanguage\":\"en-US\"},{\"@type\":\"Organization\",\"@id\":\"https:\/\/instamedic.mx\/#organization\",\"name\":\"INSTAMEDIC\",\"url\":\"https:\/\/instamedic.mx\/\",\"logo\":{\"@type\":\"ImageObject\",\"inLanguage\":\"en-US\",\"@id\":\"https:\/\/instamedic.mx\/#\/schema\/logo\/image\/\",\"url\":\"https:\/\/instamedic.mx\/wp-content\/uploads\/2024\/02\/Logo-instamedic.png\",\"contentUrl\":\"https:\/\/instamedic.mx\/wp-content\/uploads\/2024\/02\/Logo-instamedic.png\",\"width\":500,\"height\":500,\"caption\":\"INSTAMEDIC\"},\"image\":{\"@id\":\"https:\/\/instamedic.mx\/#\/schema\/logo\/image\/\"},\"sameAs\":[\"https:\/\/www.facebook.com\/instamedicmx\",\"https:\/\/www.instagram.com\/instamedic_mx\/\"],\"email\":\"info@instamedic.mx\",\"telephone\":\"8713426247\"}]}<\/script>\n<!-- \/ Yoast SEO Premium plugin. -->","yoast_head_json":{"title":"Oximetro de pulso JZIKI | Instamedic","robots":{"index":"index","follow":"follow","max-snippet":"max-snippet:-1","max-image-preview":"max-image-preview:large","max-video-preview":"max-video-preview:-1"},"canonical":"https:\/\/instamedic.mx\/en\/tienda-medica\/equipo-medico\/diagnostico\/oximetros\/oximetro-de-pulso-jziki\/","og_locale":"en_US","og_type":"article","og_title":"Oximetro de pulso JZIKI","og_description":"Ox\u00edmetro de Pulso de M\u00e1xima Calidad. Color gris con blanco.  La pantalla LED es f\u00e1cilmente legible y entendible. Se puede girar en 4 direcciones, a gusto personal.","og_url":"https:\/\/instamedic.mx\/en\/tienda-medica\/equipo-medico\/diagnostico\/oximetros\/oximetro-de-pulso-jziki\/","og_site_name":"Instamedic","article_publisher":"https:\/\/www.facebook.com\/instamedicmx","article_modified_time":"2021-01-27T01:11:24+00:00","og_image":[{"width":500,"height":500,"url":"https:\/\/instamedic.mx\/wp-content\/uploads\/2021\/01\/oximetro_gris-removebg-preview1.png","type":"image\/png"}],"twitter_card":"summary_large_image","twitter_misc":{"Est. reading time":"1 minute"},"schema":{"@context":"https:\/\/schema.org","@graph":[{"@type":"WebPage","@id":"https:\/\/instamedic.mx\/tienda-medica\/equipo-medico\/diagnostico\/oximetros\/oximetro-de-pulso-jziki\/","url":"https:\/\/instamedic.mx\/tienda-medica\/equipo-medico\/diagnostico\/oximetros\/oximetro-de-pulso-jziki\/","name":"Oximetro de pulso JZIKI | Instamedic","isPartOf":{"@id":"https:\/\/instamedic.mx\/#website"},"primaryImageOfPage":{"@id":"https:\/\/instamedic.mx\/tienda-medica\/equipo-medico\/diagnostico\/oximetros\/oximetro-de-pulso-jziki\/#primaryimage"},"image":{"@id":"https:\/\/instamedic.mx\/tienda-medica\/equipo-medico\/diagnostico\/oximetros\/oximetro-de-pulso-jziki\/#primaryimage"},"thumbnailUrl":"https:\/\/instamedic.mx\/wp-content\/uploads\/2021\/01\/oximetro_gris-removebg-preview1.png","datePublished":"2021-01-27T01:11:23+00:00","dateModified":"2021-01-27T01:11:24+00:00","breadcrumb":{"@id":"https:\/\/instamedic.mx\/tienda-medica\/equipo-medico\/diagnostico\/oximetros\/oximetro-de-pulso-jziki\/#breadcrumb"},"inLanguage":"en-US","potentialAction":[{"@type":"ReadAction","target":["https:\/\/instamedic.mx\/tienda-medica\/equipo-medico\/diagnostico\/oximetros\/oximetro-de-pulso-jziki\/"]}]},{"@type":"ImageObject","inLanguage":"en-US","@id":"https:\/\/instamedic.mx\/tienda-medica\/equipo-medico\/diagnostico\/oximetros\/oximetro-de-pulso-jziki\/#primaryimage","url":"https:\/\/instamedic.mx\/wp-content\/uploads\/2021\/01\/oximetro_gris-removebg-preview1.png","contentUrl":"https:\/\/instamedic.mx\/wp-content\/uploads\/2021\/01\/oximetro_gris-removebg-preview1.png","width":500,"height":500},{"@type":"BreadcrumbList","@id":"https:\/\/instamedic.mx\/tienda-medica\/equipo-medico\/diagnostico\/oximetros\/oximetro-de-pulso-jziki\/#breadcrumb","itemListElement":[{"@type":"ListItem","position":1,"name":"Inicio","item":"https:\/\/instamedic.mx\/"},{"@type":"ListItem","position":2,"name":"Tienda m\u00e9dica","item":"https:\/\/instamedic.mx\/tienda-medica\/"},{"@type":"ListItem","position":3,"name":"Oximetro de pulso JZIKI"}]},{"@type":"WebSite","@id":"https:\/\/instamedic.mx\/#website","url":"https:\/\/instamedic.mx\/","name":"INSTAMEDIC","description":"Venta de equipo m\u00e9dico, instrumental y uniformes quirpurgicos","publisher":{"@id":"https:\/\/instamedic.mx\/#organization"},"potentialAction":[{"@type":"SearchAction","target":{"@type":"EntryPoint","urlTemplate":"https:\/\/instamedic.mx\/?s={search_term_string}"},"query-input":"required name=search_term_string"}],"inLanguage":"en-US"},{"@type":"Organization","@id":"https:\/\/instamedic.mx\/#organization","name":"INSTAMEDIC","url":"https:\/\/instamedic.mx\/","logo":{"@type":"ImageObject","inLanguage":"en-US","@id":"https:\/\/instamedic.mx\/#\/schema\/logo\/image\/","url":"https:\/\/instamedic.mx\/wp-content\/uploads\/2024\/02\/Logo-instamedic.png","contentUrl":"https:\/\/instamedic.mx\/wp-content\/uploads\/2024\/02\/Logo-instamedic.png","width":500,"height":500,"caption":"INSTAMEDIC"},"image":{"@id":"https:\/\/instamedic.mx\/#\/schema\/logo\/image\/"},"sameAs":["https:\/\/www.facebook.com\/instamedicmx","https:\/\/www.instagram.com\/instamedic_mx\/"],"email":"info@instamedic.mx","telephone":"8713426247"}]}},"jetpack_sharing_enabled":true,"_links":{"self":[{"href":"https:\/\/instamedic.mx\/en\/wp-json\/wp\/v2\/product\/8932"}],"collection":[{"href":"https:\/\/instamedic.mx\/en\/wp-json\/wp\/v2\/product"}],"about":[{"href":"https:\/\/instamedic.mx\/en\/wp-json\/wp\/v2\/types\/product"}],"replies":[{"embeddable":true,"href":"https:\/\/instamedic.mx\/en\/wp-json\/wp\/v2\/comments?post=8932"}],"version-history":[{"count":0,"href":"https:\/\/instamedic.mx\/en\/wp-json\/wp\/v2\/product\/8932\/revisions"}],"wp:featuredmedia":[{"embeddable":true,"href":"https:\/\/instamedic.mx\/en\/wp-json\/wp\/v2\/media\/8933"}],"wp:attachment":[{"href":"https:\/\/instamedic.mx\/en\/wp-json\/wp\/v2\/media?parent=8932"}],"wp:term":[{"taxonomy":"wpc-collection","embeddable":true,"href":"https:\/\/instamedic.mx\/en\/wp-json\/wp\/v2\/wpc-collection?post=8932"},{"taxonomy":"product_brand","embeddable":true,"href":"https:\/\/instamedic.mx\/en\/wp-json\/wp\/v2\/product_brand?post=8932"},{"taxonomy":"product_cat","embeddable":true,"href":"https:\/\/instamedic.mx\/en\/wp-json\/wp\/v2\/product_cat?post=8932"},{"taxonomy":"product_tag","embeddable":true,"href":"https:\/\/instamedic.mx\/en\/wp-json\/wp\/v2\/product_tag?post=8932"}],"curies":[{"name":"wp","href":"https:\/\/api.w.org\/{rel}","templated":true}]}}