{"id":8983,"date":"2021-02-12T20:46:49","date_gmt":"2021-02-12T20:46:49","guid":{"rendered":"https:\/\/instamedic.mx\/?post_type=product&#038;p=8983"},"modified":"2024-03-01T22:14:17","modified_gmt":"2024-03-01T22:14:17","slug":"termometro-yuwell-yt-1","status":"publish","type":"product","link":"https:\/\/instamedic.mx\/en\/tienda-medica\/equipo-medico\/diagnostico\/termometros\/termometro-yuwell-yt-1\/","title":{"rendered":"Term\u00f3metro Yuwell YT-1"},"content":{"rendered":"<p>&#8211; Term\u00f3metro Infrarrojo sin contacto.<br \/>\n&#8211; Operaci\u00f3n sencilla con un solo bot\u00f3n.<br \/>\n&#8211; Tecnolog\u00eda de doble medici\u00f3n simultanea que mejora la precisi\u00f3n de la lectura.<br \/>\n&#8211; Sensor de Amphenol thermopile Americano con precisi\u00f3n a 0.1\u00b0C.<br \/>\n&#8211; Pantalla Retroiluminada de Alta Definici\u00f3n con Indicador de Alta temperatura (37.6\u00b0C).<br \/>\n&#8211; Alarma auditiva y sensitiva de toma de lectura.<br \/>\n&#8211; Lectura r\u00e1pida (1 seg).<br \/>\n&#8211; Distancia optima de medici\u00f3n 0-5 cm.<br \/>\n&#8211; Apagado autom\u00e1tico (30 seg).<br \/>\n&#8211; Certificaciones: IS013485 \/CE \/CFDA approved<br \/>\n&#8211; Incluye 2 bater\u00edas AAA<\/p>","protected":false},"excerpt":{"rendered":"<p>&#8211; Term\u00f3metro Infrarrojo sin contacto.<br \/>\n&#8211; Operaci\u00f3n sencilla con un solo bot\u00f3n.<br \/>\n&#8211; Tecnolog\u00eda de doble medici\u00f3n simultanea que mejora la precisi\u00f3n de la lectura.<br \/>\n&#8211; Sensor de Amphenol thermopile Americano con precisi\u00f3n a 0.1\u00b0C.<br \/>\n&#8211; Pantalla Retroiluminada de Alta Definici\u00f3n con Indicador de Alta temperatura (37.6\u00b0C).<br \/>\n&#8211; Alarma auditiva y sensitiva de toma de lectura.<br \/>\n&#8211; Lectura r\u00e1pida (1 seg).<br \/>\n&#8211; Distancia optima de medici\u00f3n 0-5 cm.<br \/>\n&#8211; Apagado autom\u00e1tico (30 seg).<br \/>\n&#8211; Certificaciones: IS013485 \/CE \/CFDA approved<br \/>\n&#8211; Incluye 2 bater\u00edas AAA<\/p>","protected":false},"featured_media":8984,"comment_status":"open","ping_status":"closed","template":"","meta":[],"wpc-collection":[],"product_brand":[],"product_cat":[94],"product_tag":[435,152,481,447],"yoast_head":"<!-- This site is optimized with the Yoast SEO Premium plugin v22.3 (Yoast SEO v22.4) - https:\/\/yoast.com\/wordpress\/plugins\/seo\/ -->\n<title>Term\u00f3metro Yuwell YT-1 | Instamedic<\/title>\n<meta name=\"description\" content=\"Compra Termometro yuwell YT-1 infrarrojo sin contacto al mejor precio. Tecnolog\u00eda de doble medici\u00f3n simultanea. Sensor con precisi\u00f3n a 0.1\u00b0C. Pantalla con Indicador Alta temperatura (37.6\u00b0C).\" \/>\n<meta name=\"robots\" content=\"index, follow, max-snippet:-1, max-image-preview:large, max-video-preview:-1\" \/>\n<link rel=\"canonical\" href=\"https:\/\/instamedic.mx\/en\/tienda-medica\/equipo-medico\/diagnostico\/termometros\/termometro-yuwell-yt-1\/\" \/>\n<meta property=\"og:locale\" content=\"en_US\" \/>\n<meta property=\"og:type\" content=\"article\" \/>\n<meta property=\"og:title\" content=\"Term\u00f3metro Yuwell YT-1\" \/>\n<meta property=\"og:description\" content=\"Compra Termometro yuwell YT-1 infrarrojo sin contacto al mejor precio. Tecnolog\u00eda de doble medici\u00f3n simultanea. Sensor con precisi\u00f3n a 0.1\u00b0C. Pantalla con Indicador Alta temperatura (37.6\u00b0C).\" \/>\n<meta property=\"og:url\" content=\"https:\/\/instamedic.mx\/en\/tienda-medica\/equipo-medico\/diagnostico\/termometros\/termometro-yuwell-yt-1\/\" \/>\n<meta property=\"og:site_name\" content=\"Instamedic\" \/>\n<meta property=\"article:publisher\" content=\"https:\/\/www.facebook.com\/instamedicmx\" \/>\n<meta property=\"article:modified_time\" content=\"2024-03-01T22:14:17+00:00\" \/>\n<meta property=\"og:image\" content=\"https:\/\/instamedic.mx\/wp-content\/uploads\/2021\/02\/Termometro-infrarojo-yuwell-yt-1.jpg\" \/>\n\t<meta property=\"og:image:width\" content=\"512\" \/>\n\t<meta property=\"og:image:height\" content=\"512\" \/>\n\t<meta property=\"og:image:type\" content=\"image\/jpeg\" \/>\n<meta name=\"twitter:card\" content=\"summary_large_image\" \/>\n<meta name=\"twitter:label1\" content=\"Est. reading time\" \/>\n\t<meta name=\"twitter:data1\" content=\"1 minute\" \/>\n<script type=\"application\/ld+json\" class=\"yoast-schema-graph\">{\"@context\":\"https:\/\/schema.org\",\"@graph\":[{\"@type\":\"WebPage\",\"@id\":\"https:\/\/instamedic.mx\/tienda-medica\/equipo-medico\/diagnostico\/termometros\/termometro-yuwell-yt-1\/\",\"url\":\"https:\/\/instamedic.mx\/tienda-medica\/equipo-medico\/diagnostico\/termometros\/termometro-yuwell-yt-1\/\",\"name\":\"Term\u00f3metro Yuwell YT-1 | Instamedic\",\"isPartOf\":{\"@id\":\"https:\/\/instamedic.mx\/#website\"},\"primaryImageOfPage\":{\"@id\":\"https:\/\/instamedic.mx\/tienda-medica\/equipo-medico\/diagnostico\/termometros\/termometro-yuwell-yt-1\/#primaryimage\"},\"image\":{\"@id\":\"https:\/\/instamedic.mx\/tienda-medica\/equipo-medico\/diagnostico\/termometros\/termometro-yuwell-yt-1\/#primaryimage\"},\"thumbnailUrl\":\"https:\/\/instamedic.mx\/wp-content\/uploads\/2021\/02\/Termometro-infrarojo-yuwell-yt-1.jpg\",\"datePublished\":\"2021-02-12T20:46:49+00:00\",\"dateModified\":\"2024-03-01T22:14:17+00:00\",\"description\":\"Compra Termometro yuwell YT-1 infrarrojo sin contacto al mejor precio. Tecnolog\u00eda de doble medici\u00f3n simultanea. Sensor con precisi\u00f3n a 0.1\u00b0C. Pantalla con Indicador Alta temperatura (37.6\u00b0C).\",\"breadcrumb\":{\"@id\":\"https:\/\/instamedic.mx\/tienda-medica\/equipo-medico\/diagnostico\/termometros\/termometro-yuwell-yt-1\/#breadcrumb\"},\"inLanguage\":\"en-US\",\"potentialAction\":[{\"@type\":\"ReadAction\",\"target\":[\"https:\/\/instamedic.mx\/tienda-medica\/equipo-medico\/diagnostico\/termometros\/termometro-yuwell-yt-1\/\"]}]},{\"@type\":\"ImageObject\",\"inLanguage\":\"en-US\",\"@id\":\"https:\/\/instamedic.mx\/tienda-medica\/equipo-medico\/diagnostico\/termometros\/termometro-yuwell-yt-1\/#primaryimage\",\"url\":\"https:\/\/instamedic.mx\/wp-content\/uploads\/2021\/02\/Termometro-infrarojo-yuwell-yt-1.jpg\",\"contentUrl\":\"https:\/\/instamedic.mx\/wp-content\/uploads\/2021\/02\/Termometro-infrarojo-yuwell-yt-1.jpg\",\"width\":512,\"height\":512},{\"@type\":\"BreadcrumbList\",\"@id\":\"https:\/\/instamedic.mx\/tienda-medica\/equipo-medico\/diagnostico\/termometros\/termometro-yuwell-yt-1\/#breadcrumb\",\"itemListElement\":[{\"@type\":\"ListItem\",\"position\":1,\"name\":\"Inicio\",\"item\":\"https:\/\/instamedic.mx\/\"},{\"@type\":\"ListItem\",\"position\":2,\"name\":\"Tienda m\u00e9dica\",\"item\":\"https:\/\/instamedic.mx\/tienda-medica\/\"},{\"@type\":\"ListItem\",\"position\":3,\"name\":\"Term\u00f3metro Yuwell YT-1\"}]},{\"@type\":\"WebSite\",\"@id\":\"https:\/\/instamedic.mx\/#website\",\"url\":\"https:\/\/instamedic.mx\/\",\"name\":\"INSTAMEDIC\",\"description\":\"Venta de equipo m\u00e9dico, instrumental y uniformes quirpurgicos\",\"publisher\":{\"@id\":\"https:\/\/instamedic.mx\/#organization\"},\"potentialAction\":[{\"@type\":\"SearchAction\",\"target\":{\"@type\":\"EntryPoint\",\"urlTemplate\":\"https:\/\/instamedic.mx\/?s={search_term_string}\"},\"query-input\":\"required name=search_term_string\"}],\"inLanguage\":\"en-US\"},{\"@type\":\"Organization\",\"@id\":\"https:\/\/instamedic.mx\/#organization\",\"name\":\"INSTAMEDIC\",\"url\":\"https:\/\/instamedic.mx\/\",\"logo\":{\"@type\":\"ImageObject\",\"inLanguage\":\"en-US\",\"@id\":\"https:\/\/instamedic.mx\/#\/schema\/logo\/image\/\",\"url\":\"https:\/\/instamedic.mx\/wp-content\/uploads\/2024\/02\/Logo-instamedic.png\",\"contentUrl\":\"https:\/\/instamedic.mx\/wp-content\/uploads\/2024\/02\/Logo-instamedic.png\",\"width\":500,\"height\":500,\"caption\":\"INSTAMEDIC\"},\"image\":{\"@id\":\"https:\/\/instamedic.mx\/#\/schema\/logo\/image\/\"},\"sameAs\":[\"https:\/\/www.facebook.com\/instamedicmx\",\"https:\/\/www.instagram.com\/instamedic_mx\/\"],\"email\":\"info@instamedic.mx\",\"telephone\":\"8713426247\"}]}<\/script>\n<!-- \/ Yoast SEO Premium plugin. -->","yoast_head_json":{"title":"Term\u00f3metro Yuwell YT-1 | Instamedic","description":"Compra Termometro yuwell YT-1 infrarrojo sin contacto al mejor precio. Tecnolog\u00eda de doble medici\u00f3n simultanea. Sensor con precisi\u00f3n a 0.1\u00b0C. Pantalla con Indicador Alta temperatura (37.6\u00b0C).","robots":{"index":"index","follow":"follow","max-snippet":"max-snippet:-1","max-image-preview":"max-image-preview:large","max-video-preview":"max-video-preview:-1"},"canonical":"https:\/\/instamedic.mx\/en\/tienda-medica\/equipo-medico\/diagnostico\/termometros\/termometro-yuwell-yt-1\/","og_locale":"en_US","og_type":"article","og_title":"Term\u00f3metro Yuwell YT-1","og_description":"Compra Termometro yuwell YT-1 infrarrojo sin contacto al mejor precio. Tecnolog\u00eda de doble medici\u00f3n simultanea. Sensor con precisi\u00f3n a 0.1\u00b0C. Pantalla con Indicador Alta temperatura (37.6\u00b0C).","og_url":"https:\/\/instamedic.mx\/en\/tienda-medica\/equipo-medico\/diagnostico\/termometros\/termometro-yuwell-yt-1\/","og_site_name":"Instamedic","article_publisher":"https:\/\/www.facebook.com\/instamedicmx","article_modified_time":"2024-03-01T22:14:17+00:00","og_image":[{"width":512,"height":512,"url":"https:\/\/instamedic.mx\/wp-content\/uploads\/2021\/02\/Termometro-infrarojo-yuwell-yt-1.jpg","type":"image\/jpeg"}],"twitter_card":"summary_large_image","twitter_misc":{"Est. reading time":"1 minute"},"schema":{"@context":"https:\/\/schema.org","@graph":[{"@type":"WebPage","@id":"https:\/\/instamedic.mx\/tienda-medica\/equipo-medico\/diagnostico\/termometros\/termometro-yuwell-yt-1\/","url":"https:\/\/instamedic.mx\/tienda-medica\/equipo-medico\/diagnostico\/termometros\/termometro-yuwell-yt-1\/","name":"Term\u00f3metro Yuwell YT-1 | Instamedic","isPartOf":{"@id":"https:\/\/instamedic.mx\/#website"},"primaryImageOfPage":{"@id":"https:\/\/instamedic.mx\/tienda-medica\/equipo-medico\/diagnostico\/termometros\/termometro-yuwell-yt-1\/#primaryimage"},"image":{"@id":"https:\/\/instamedic.mx\/tienda-medica\/equipo-medico\/diagnostico\/termometros\/termometro-yuwell-yt-1\/#primaryimage"},"thumbnailUrl":"https:\/\/instamedic.mx\/wp-content\/uploads\/2021\/02\/Termometro-infrarojo-yuwell-yt-1.jpg","datePublished":"2021-02-12T20:46:49+00:00","dateModified":"2024-03-01T22:14:17+00:00","description":"Compra Termometro yuwell YT-1 infrarrojo sin contacto al mejor precio. Tecnolog\u00eda de doble medici\u00f3n simultanea. Sensor con precisi\u00f3n a 0.1\u00b0C. Pantalla con Indicador Alta temperatura (37.6\u00b0C).","breadcrumb":{"@id":"https:\/\/instamedic.mx\/tienda-medica\/equipo-medico\/diagnostico\/termometros\/termometro-yuwell-yt-1\/#breadcrumb"},"inLanguage":"en-US","potentialAction":[{"@type":"ReadAction","target":["https:\/\/instamedic.mx\/tienda-medica\/equipo-medico\/diagnostico\/termometros\/termometro-yuwell-yt-1\/"]}]},{"@type":"ImageObject","inLanguage":"en-US","@id":"https:\/\/instamedic.mx\/tienda-medica\/equipo-medico\/diagnostico\/termometros\/termometro-yuwell-yt-1\/#primaryimage","url":"https:\/\/instamedic.mx\/wp-content\/uploads\/2021\/02\/Termometro-infrarojo-yuwell-yt-1.jpg","contentUrl":"https:\/\/instamedic.mx\/wp-content\/uploads\/2021\/02\/Termometro-infrarojo-yuwell-yt-1.jpg","width":512,"height":512},{"@type":"BreadcrumbList","@id":"https:\/\/instamedic.mx\/tienda-medica\/equipo-medico\/diagnostico\/termometros\/termometro-yuwell-yt-1\/#breadcrumb","itemListElement":[{"@type":"ListItem","position":1,"name":"Inicio","item":"https:\/\/instamedic.mx\/"},{"@type":"ListItem","position":2,"name":"Tienda m\u00e9dica","item":"https:\/\/instamedic.mx\/tienda-medica\/"},{"@type":"ListItem","position":3,"name":"Term\u00f3metro Yuwell YT-1"}]},{"@type":"WebSite","@id":"https:\/\/instamedic.mx\/#website","url":"https:\/\/instamedic.mx\/","name":"INSTAMEDIC","description":"Venta de equipo m\u00e9dico, instrumental y uniformes quirpurgicos","publisher":{"@id":"https:\/\/instamedic.mx\/#organization"},"potentialAction":[{"@type":"SearchAction","target":{"@type":"EntryPoint","urlTemplate":"https:\/\/instamedic.mx\/?s={search_term_string}"},"query-input":"required name=search_term_string"}],"inLanguage":"en-US"},{"@type":"Organization","@id":"https:\/\/instamedic.mx\/#organization","name":"INSTAMEDIC","url":"https:\/\/instamedic.mx\/","logo":{"@type":"ImageObject","inLanguage":"en-US","@id":"https:\/\/instamedic.mx\/#\/schema\/logo\/image\/","url":"https:\/\/instamedic.mx\/wp-content\/uploads\/2024\/02\/Logo-instamedic.png","contentUrl":"https:\/\/instamedic.mx\/wp-content\/uploads\/2024\/02\/Logo-instamedic.png","width":500,"height":500,"caption":"INSTAMEDIC"},"image":{"@id":"https:\/\/instamedic.mx\/#\/schema\/logo\/image\/"},"sameAs":["https:\/\/www.facebook.com\/instamedicmx","https:\/\/www.instagram.com\/instamedic_mx\/"],"email":"info@instamedic.mx","telephone":"8713426247"}]}},"jetpack_sharing_enabled":true,"_links":{"self":[{"href":"https:\/\/instamedic.mx\/en\/wp-json\/wp\/v2\/product\/8983"}],"collection":[{"href":"https:\/\/instamedic.mx\/en\/wp-json\/wp\/v2\/product"}],"about":[{"href":"https:\/\/instamedic.mx\/en\/wp-json\/wp\/v2\/types\/product"}],"replies":[{"embeddable":true,"href":"https:\/\/instamedic.mx\/en\/wp-json\/wp\/v2\/comments?post=8983"}],"version-history":[{"count":1,"href":"https:\/\/instamedic.mx\/en\/wp-json\/wp\/v2\/product\/8983\/revisions"}],"predecessor-version":[{"id":22256,"href":"https:\/\/instamedic.mx\/en\/wp-json\/wp\/v2\/product\/8983\/revisions\/22256"}],"wp:featuredmedia":[{"embeddable":true,"href":"https:\/\/instamedic.mx\/en\/wp-json\/wp\/v2\/media\/8984"}],"wp:attachment":[{"href":"https:\/\/instamedic.mx\/en\/wp-json\/wp\/v2\/media?parent=8983"}],"wp:term":[{"taxonomy":"wpc-collection","embeddable":true,"href":"https:\/\/instamedic.mx\/en\/wp-json\/wp\/v2\/wpc-collection?post=8983"},{"taxonomy":"product_brand","embeddable":true,"href":"https:\/\/instamedic.mx\/en\/wp-json\/wp\/v2\/product_brand?post=8983"},{"taxonomy":"product_cat","embeddable":true,"href":"https:\/\/instamedic.mx\/en\/wp-json\/wp\/v2\/product_cat?post=8983"},{"taxonomy":"product_tag","embeddable":true,"href":"https:\/\/instamedic.mx\/en\/wp-json\/wp\/v2\/product_tag?post=8983"}],"curies":[{"name":"wp","href":"https:\/\/api.w.org\/{rel}","templated":true}]}}