{"id":9011,"date":"2021-03-03T20:41:11","date_gmt":"2021-03-03T20:41:11","guid":{"rendered":"https:\/\/instamedic.mx\/?post_type=product&#038;p=9011"},"modified":"2024-07-25T22:45:16","modified_gmt":"2024-07-25T22:45:16","slug":"estuche-de-diseccion-grado-quirurgico-con-11-piezas-acero-aleman-premium","status":"publish","type":"product","link":"https:\/\/instamedic.mx\/en\/tienda-medica\/instrumental-medico\/estuche-de-disecciones\/estuche-de-diseccion-grado-quirurgico-con-11-piezas-acero-aleman-premium\/","title":{"rendered":"Estuche de disecci\u00f3n grado quir\u00fargico con 11 piezas acero Aleman Premium"},"content":{"rendered":"<h2 class=\"page-title\"><span class=\"base\" data-ui-id=\"page-title-wrapper\">Estuche de disecci\u00f3n con 11 piezas acero Aleman Premium <\/span><strong>Incluye<\/strong>:<\/h2>\n<ol>\n<li>Aguda roma curva 14 cm<\/li>\n<li>Aguda roma recta 14 cm<\/li>\n<li>Kelly recta 14 cm<\/li>\n<li>Mosquito recta de 12 cm<\/li>\n<li>Estilete abotonado<\/li>\n<li>Sonda acanolada<\/li>\n<li>Separador farabeuf<\/li>\n<li>Herina<\/li>\n<li>Pinza de disecci\u00f3n con dientes de 14cm<\/li>\n<li>Pinza de disecci\u00f3n sin dientes de 14 cm<\/li>\n<li>Mango de bisturi no. 3<\/li>\n<\/ol>","protected":false},"excerpt":{"rendered":"<p><strong>Estuche de disecci\u00f3n con 11 piezas Premium HP<br \/>\n<\/strong><strong>Incluye<\/strong>:<\/p>\n<ol>\n<li>Aguda roma curva 14 cm<\/li>\n<li>Aguda roma recta 14 cm<\/li>\n<li>Kelly recta 14 cm<\/li>\n<li>Mosquito recta de 12 cm<\/li>\n<li>Estilete abotonado<\/li>\n<li>Sonda acanolada<\/li>\n<li>Separador farabeuf<\/li>\n<li>Herina<\/li>\n<li>Pinza de disecci\u00f3n con dientes de 14cm<\/li>\n<li>Pinza de disecci\u00f3n sin dientes de 14 cm<\/li>\n<li>Mango de bisturi no. 3<\/li>\n<\/ol>","protected":false},"featured_media":9012,"comment_status":"open","ping_status":"closed","template":"","meta":[],"wpc-collection":[],"product_brand":[],"product_cat":[99],"product_tag":[407,100,482,231],"yoast_head":"<!-- This site is optimized with the Yoast SEO Premium plugin v22.3 (Yoast SEO v22.4) - https:\/\/yoast.com\/wordpress\/plugins\/seo\/ -->\n<title>Esctuche de disecci\u00f3n grado quir\u00fargico 11pzas | Instamedic | instrumental<\/title>\n<meta name=\"description\" content=\"Estuche de disecci\u00f3n grado quirurgico contiene 11 piezas fabricada en material premium (Acero aleman) los mejores precios solo en instamedic\" \/>\n<meta name=\"robots\" content=\"index, follow, max-snippet:-1, max-image-preview:large, max-video-preview:-1\" \/>\n<link rel=\"canonical\" href=\"https:\/\/instamedic.mx\/en\/tienda-medica\/instrumental-medico\/estuche-de-disecciones\/estuche-de-diseccion-grado-quirurgico-con-11-piezas-acero-aleman-premium\/\" \/>\n<meta property=\"og:locale\" content=\"en_US\" \/>\n<meta property=\"og:type\" content=\"article\" \/>\n<meta property=\"og:title\" content=\"Estuche de disecci\u00f3n grado quir\u00fargico con 11 piezas acero Aleman Premium\" \/>\n<meta property=\"og:description\" content=\"Estuche de disecci\u00f3n grado quirurgico contiene 11 piezas fabricada en material premium (Acero aleman) los mejores precios solo en instamedic\" \/>\n<meta property=\"og:url\" content=\"https:\/\/instamedic.mx\/en\/tienda-medica\/instrumental-medico\/estuche-de-disecciones\/estuche-de-diseccion-grado-quirurgico-con-11-piezas-acero-aleman-premium\/\" \/>\n<meta property=\"og:site_name\" content=\"Instamedic\" \/>\n<meta property=\"article:publisher\" content=\"https:\/\/www.facebook.com\/instamedicmx\" \/>\n<meta property=\"article:modified_time\" content=\"2024-07-25T22:45:16+00:00\" \/>\n<meta property=\"og:image\" content=\"https:\/\/instamedic.mx\/wp-content\/uploads\/2021\/03\/Estuche-de-disecion-premium-grado-quirurgico-11-piezas-hergom.jpeg\" \/>\n\t<meta property=\"og:image:width\" content=\"800\" \/>\n\t<meta property=\"og:image:height\" content=\"800\" \/>\n\t<meta property=\"og:image:type\" content=\"image\/jpeg\" \/>\n<meta name=\"twitter:card\" content=\"summary_large_image\" \/>\n<meta name=\"twitter:label1\" content=\"Est. reading time\" \/>\n\t<meta name=\"twitter:data1\" content=\"1 minute\" \/>\n<script type=\"application\/ld+json\" class=\"yoast-schema-graph\">{\"@context\":\"https:\/\/schema.org\",\"@graph\":[{\"@type\":\"WebPage\",\"@id\":\"https:\/\/instamedic.mx\/tienda-medica\/instrumental-medico\/estuche-de-disecciones\/estuche-de-diseccion-grado-quirurgico-con-11-piezas-acero-aleman-premium\/\",\"url\":\"https:\/\/instamedic.mx\/tienda-medica\/instrumental-medico\/estuche-de-disecciones\/estuche-de-diseccion-grado-quirurgico-con-11-piezas-acero-aleman-premium\/\",\"name\":\"Esctuche de disecci\u00f3n grado quir\u00fargico 11pzas | Instamedic | instrumental\",\"isPartOf\":{\"@id\":\"https:\/\/instamedic.mx\/#website\"},\"primaryImageOfPage\":{\"@id\":\"https:\/\/instamedic.mx\/tienda-medica\/instrumental-medico\/estuche-de-disecciones\/estuche-de-diseccion-grado-quirurgico-con-11-piezas-acero-aleman-premium\/#primaryimage\"},\"image\":{\"@id\":\"https:\/\/instamedic.mx\/tienda-medica\/instrumental-medico\/estuche-de-disecciones\/estuche-de-diseccion-grado-quirurgico-con-11-piezas-acero-aleman-premium\/#primaryimage\"},\"thumbnailUrl\":\"https:\/\/instamedic.mx\/wp-content\/uploads\/2021\/03\/Estuche-de-disecion-premium-grado-quirurgico-11-piezas-hergom.jpeg\",\"datePublished\":\"2021-03-03T20:41:11+00:00\",\"dateModified\":\"2024-07-25T22:45:16+00:00\",\"description\":\"Estuche de disecci\u00f3n grado quirurgico contiene 11 piezas fabricada en material premium (Acero aleman) los mejores precios solo en instamedic\",\"breadcrumb\":{\"@id\":\"https:\/\/instamedic.mx\/tienda-medica\/instrumental-medico\/estuche-de-disecciones\/estuche-de-diseccion-grado-quirurgico-con-11-piezas-acero-aleman-premium\/#breadcrumb\"},\"inLanguage\":\"en-US\",\"potentialAction\":[{\"@type\":\"ReadAction\",\"target\":[\"https:\/\/instamedic.mx\/tienda-medica\/instrumental-medico\/estuche-de-disecciones\/estuche-de-diseccion-grado-quirurgico-con-11-piezas-acero-aleman-premium\/\"]}]},{\"@type\":\"ImageObject\",\"inLanguage\":\"en-US\",\"@id\":\"https:\/\/instamedic.mx\/tienda-medica\/instrumental-medico\/estuche-de-disecciones\/estuche-de-diseccion-grado-quirurgico-con-11-piezas-acero-aleman-premium\/#primaryimage\",\"url\":\"https:\/\/instamedic.mx\/wp-content\/uploads\/2021\/03\/Estuche-de-disecion-premium-grado-quirurgico-11-piezas-hergom.jpeg\",\"contentUrl\":\"https:\/\/instamedic.mx\/wp-content\/uploads\/2021\/03\/Estuche-de-disecion-premium-grado-quirurgico-11-piezas-hergom.jpeg\",\"width\":800,\"height\":800,\"caption\":\"Estuche de disecion premium grado quirurgico 11 piezas hergom\"},{\"@type\":\"BreadcrumbList\",\"@id\":\"https:\/\/instamedic.mx\/tienda-medica\/instrumental-medico\/estuche-de-disecciones\/estuche-de-diseccion-grado-quirurgico-con-11-piezas-acero-aleman-premium\/#breadcrumb\",\"itemListElement\":[{\"@type\":\"ListItem\",\"position\":1,\"name\":\"Inicio\",\"item\":\"https:\/\/instamedic.mx\/\"},{\"@type\":\"ListItem\",\"position\":2,\"name\":\"Tienda m\u00e9dica\",\"item\":\"https:\/\/instamedic.mx\/tienda-medica\/\"},{\"@type\":\"ListItem\",\"position\":3,\"name\":\"Estuche de disecci\u00f3n grado quir\u00fargico con 11 piezas acero Aleman Premium\"}]},{\"@type\":\"WebSite\",\"@id\":\"https:\/\/instamedic.mx\/#website\",\"url\":\"https:\/\/instamedic.mx\/\",\"name\":\"INSTAMEDIC\",\"description\":\"Venta de equipo m\u00e9dico, instrumental y uniformes quirpurgicos\",\"publisher\":{\"@id\":\"https:\/\/instamedic.mx\/#organization\"},\"potentialAction\":[{\"@type\":\"SearchAction\",\"target\":{\"@type\":\"EntryPoint\",\"urlTemplate\":\"https:\/\/instamedic.mx\/?s={search_term_string}\"},\"query-input\":\"required name=search_term_string\"}],\"inLanguage\":\"en-US\"},{\"@type\":\"Organization\",\"@id\":\"https:\/\/instamedic.mx\/#organization\",\"name\":\"INSTAMEDIC\",\"url\":\"https:\/\/instamedic.mx\/\",\"logo\":{\"@type\":\"ImageObject\",\"inLanguage\":\"en-US\",\"@id\":\"https:\/\/instamedic.mx\/#\/schema\/logo\/image\/\",\"url\":\"https:\/\/instamedic.mx\/wp-content\/uploads\/2024\/02\/Logo-instamedic.png\",\"contentUrl\":\"https:\/\/instamedic.mx\/wp-content\/uploads\/2024\/02\/Logo-instamedic.png\",\"width\":500,\"height\":500,\"caption\":\"INSTAMEDIC\"},\"image\":{\"@id\":\"https:\/\/instamedic.mx\/#\/schema\/logo\/image\/\"},\"sameAs\":[\"https:\/\/www.facebook.com\/instamedicmx\",\"https:\/\/www.instagram.com\/instamedic_mx\/\"],\"email\":\"info@instamedic.mx\",\"telephone\":\"8713426247\"}]}<\/script>\n<!-- \/ Yoast SEO Premium plugin. -->","yoast_head_json":{"title":"Esctuche de disecci\u00f3n grado quir\u00fargico 11pzas | Instamedic | instrumental","description":"Estuche de disecci\u00f3n grado quirurgico contiene 11 piezas fabricada en material premium (Acero aleman) los mejores precios solo en instamedic","robots":{"index":"index","follow":"follow","max-snippet":"max-snippet:-1","max-image-preview":"max-image-preview:large","max-video-preview":"max-video-preview:-1"},"canonical":"https:\/\/instamedic.mx\/en\/tienda-medica\/instrumental-medico\/estuche-de-disecciones\/estuche-de-diseccion-grado-quirurgico-con-11-piezas-acero-aleman-premium\/","og_locale":"en_US","og_type":"article","og_title":"Estuche de disecci\u00f3n grado quir\u00fargico con 11 piezas acero Aleman Premium","og_description":"Estuche de disecci\u00f3n grado quirurgico contiene 11 piezas fabricada en material premium (Acero aleman) los mejores precios solo en instamedic","og_url":"https:\/\/instamedic.mx\/en\/tienda-medica\/instrumental-medico\/estuche-de-disecciones\/estuche-de-diseccion-grado-quirurgico-con-11-piezas-acero-aleman-premium\/","og_site_name":"Instamedic","article_publisher":"https:\/\/www.facebook.com\/instamedicmx","article_modified_time":"2024-07-25T22:45:16+00:00","og_image":[{"width":800,"height":800,"url":"https:\/\/instamedic.mx\/wp-content\/uploads\/2021\/03\/Estuche-de-disecion-premium-grado-quirurgico-11-piezas-hergom.jpeg","type":"image\/jpeg"}],"twitter_card":"summary_large_image","twitter_misc":{"Est. reading time":"1 minute"},"schema":{"@context":"https:\/\/schema.org","@graph":[{"@type":"WebPage","@id":"https:\/\/instamedic.mx\/tienda-medica\/instrumental-medico\/estuche-de-disecciones\/estuche-de-diseccion-grado-quirurgico-con-11-piezas-acero-aleman-premium\/","url":"https:\/\/instamedic.mx\/tienda-medica\/instrumental-medico\/estuche-de-disecciones\/estuche-de-diseccion-grado-quirurgico-con-11-piezas-acero-aleman-premium\/","name":"Esctuche de disecci\u00f3n grado quir\u00fargico 11pzas | Instamedic | instrumental","isPartOf":{"@id":"https:\/\/instamedic.mx\/#website"},"primaryImageOfPage":{"@id":"https:\/\/instamedic.mx\/tienda-medica\/instrumental-medico\/estuche-de-disecciones\/estuche-de-diseccion-grado-quirurgico-con-11-piezas-acero-aleman-premium\/#primaryimage"},"image":{"@id":"https:\/\/instamedic.mx\/tienda-medica\/instrumental-medico\/estuche-de-disecciones\/estuche-de-diseccion-grado-quirurgico-con-11-piezas-acero-aleman-premium\/#primaryimage"},"thumbnailUrl":"https:\/\/instamedic.mx\/wp-content\/uploads\/2021\/03\/Estuche-de-disecion-premium-grado-quirurgico-11-piezas-hergom.jpeg","datePublished":"2021-03-03T20:41:11+00:00","dateModified":"2024-07-25T22:45:16+00:00","description":"Estuche de disecci\u00f3n grado quirurgico contiene 11 piezas fabricada en material premium (Acero aleman) los mejores precios solo en instamedic","breadcrumb":{"@id":"https:\/\/instamedic.mx\/tienda-medica\/instrumental-medico\/estuche-de-disecciones\/estuche-de-diseccion-grado-quirurgico-con-11-piezas-acero-aleman-premium\/#breadcrumb"},"inLanguage":"en-US","potentialAction":[{"@type":"ReadAction","target":["https:\/\/instamedic.mx\/tienda-medica\/instrumental-medico\/estuche-de-disecciones\/estuche-de-diseccion-grado-quirurgico-con-11-piezas-acero-aleman-premium\/"]}]},{"@type":"ImageObject","inLanguage":"en-US","@id":"https:\/\/instamedic.mx\/tienda-medica\/instrumental-medico\/estuche-de-disecciones\/estuche-de-diseccion-grado-quirurgico-con-11-piezas-acero-aleman-premium\/#primaryimage","url":"https:\/\/instamedic.mx\/wp-content\/uploads\/2021\/03\/Estuche-de-disecion-premium-grado-quirurgico-11-piezas-hergom.jpeg","contentUrl":"https:\/\/instamedic.mx\/wp-content\/uploads\/2021\/03\/Estuche-de-disecion-premium-grado-quirurgico-11-piezas-hergom.jpeg","width":800,"height":800,"caption":"Estuche de disecion premium grado quirurgico 11 piezas hergom"},{"@type":"BreadcrumbList","@id":"https:\/\/instamedic.mx\/tienda-medica\/instrumental-medico\/estuche-de-disecciones\/estuche-de-diseccion-grado-quirurgico-con-11-piezas-acero-aleman-premium\/#breadcrumb","itemListElement":[{"@type":"ListItem","position":1,"name":"Inicio","item":"https:\/\/instamedic.mx\/"},{"@type":"ListItem","position":2,"name":"Tienda m\u00e9dica","item":"https:\/\/instamedic.mx\/tienda-medica\/"},{"@type":"ListItem","position":3,"name":"Estuche de disecci\u00f3n grado quir\u00fargico con 11 piezas acero Aleman Premium"}]},{"@type":"WebSite","@id":"https:\/\/instamedic.mx\/#website","url":"https:\/\/instamedic.mx\/","name":"INSTAMEDIC","description":"Venta de equipo m\u00e9dico, instrumental y uniformes quirpurgicos","publisher":{"@id":"https:\/\/instamedic.mx\/#organization"},"potentialAction":[{"@type":"SearchAction","target":{"@type":"EntryPoint","urlTemplate":"https:\/\/instamedic.mx\/?s={search_term_string}"},"query-input":"required name=search_term_string"}],"inLanguage":"en-US"},{"@type":"Organization","@id":"https:\/\/instamedic.mx\/#organization","name":"INSTAMEDIC","url":"https:\/\/instamedic.mx\/","logo":{"@type":"ImageObject","inLanguage":"en-US","@id":"https:\/\/instamedic.mx\/#\/schema\/logo\/image\/","url":"https:\/\/instamedic.mx\/wp-content\/uploads\/2024\/02\/Logo-instamedic.png","contentUrl":"https:\/\/instamedic.mx\/wp-content\/uploads\/2024\/02\/Logo-instamedic.png","width":500,"height":500,"caption":"INSTAMEDIC"},"image":{"@id":"https:\/\/instamedic.mx\/#\/schema\/logo\/image\/"},"sameAs":["https:\/\/www.facebook.com\/instamedicmx","https:\/\/www.instagram.com\/instamedic_mx\/"],"email":"info@instamedic.mx","telephone":"8713426247"}]}},"jetpack_sharing_enabled":true,"_links":{"self":[{"href":"https:\/\/instamedic.mx\/en\/wp-json\/wp\/v2\/product\/9011"}],"collection":[{"href":"https:\/\/instamedic.mx\/en\/wp-json\/wp\/v2\/product"}],"about":[{"href":"https:\/\/instamedic.mx\/en\/wp-json\/wp\/v2\/types\/product"}],"replies":[{"embeddable":true,"href":"https:\/\/instamedic.mx\/en\/wp-json\/wp\/v2\/comments?post=9011"}],"version-history":[{"count":3,"href":"https:\/\/instamedic.mx\/en\/wp-json\/wp\/v2\/product\/9011\/revisions"}],"predecessor-version":[{"id":10479,"href":"https:\/\/instamedic.mx\/en\/wp-json\/wp\/v2\/product\/9011\/revisions\/10479"}],"wp:featuredmedia":[{"embeddable":true,"href":"https:\/\/instamedic.mx\/en\/wp-json\/wp\/v2\/media\/9012"}],"wp:attachment":[{"href":"https:\/\/instamedic.mx\/en\/wp-json\/wp\/v2\/media?parent=9011"}],"wp:term":[{"taxonomy":"wpc-collection","embeddable":true,"href":"https:\/\/instamedic.mx\/en\/wp-json\/wp\/v2\/wpc-collection?post=9011"},{"taxonomy":"product_brand","embeddable":true,"href":"https:\/\/instamedic.mx\/en\/wp-json\/wp\/v2\/product_brand?post=9011"},{"taxonomy":"product_cat","embeddable":true,"href":"https:\/\/instamedic.mx\/en\/wp-json\/wp\/v2\/product_cat?post=9011"},{"taxonomy":"product_tag","embeddable":true,"href":"https:\/\/instamedic.mx\/en\/wp-json\/wp\/v2\/product_tag?post=9011"}],"curies":[{"name":"wp","href":"https:\/\/api.w.org\/{rel}","templated":true}]}}