{"id":9144,"date":"2021-09-03T02:49:48","date_gmt":"2021-09-03T02:49:48","guid":{"rendered":"https:\/\/instamedic.mx\/?post_type=product&#038;p=9144"},"modified":"2023-12-06T20:02:20","modified_gmt":"2023-12-06T20:02:20","slug":"uniforme-quirurgico-repelente-hassan-negro-caballero","status":"publish","type":"product","link":"https:\/\/instamedic.mx\/en\/tienda-medica\/uniformes\/quirurgicos-uniformes\/uniforme-quirurgico-repelente\/uniforme-quirurgico-repelente-hassan-negro-caballero\/","title":{"rendered":"HASSAN Black Repellent Surgical Scrub for Men"},"content":{"rendered":"<h2>UNIFOME QUIRURGICO ANTIFLUIDOS PARA CABALLERO COLOR NEGRO<\/h2>\n<ul>\n<li>DISE\u00d1O DE FILIPINA &#8211; Filipina manga corta y cuello en &#8220;V&#8221; con 2 amplias bolsas delanteras. Juvenil y c\u00f3moda filipina, la m\u00e1s fresca del mercado. La composici\u00f3n textil de esta filipina es 96% Poli\u00e9ster y 4% Elast\u00e1no para que ambos materiales creen una prenda muy c\u00f3moda y duradera.<\/li>\n<li>DISE\u00d1O DE PANTAL\u00d3N &#8211; Pantal\u00f3n con jareta y el\u00e1stica en la pretina para mayor comodidad. El m\u00e1s c\u00f3modo y fresco del mercado. Cuenta con bolsas laterales, bolsas traseras y bolsas de cargo. Todo reforzado para mayor durabilidad. Es el pantal\u00f3n m\u00e1s c\u00f3modo y bonito del mercado, un gran diferenciador y de los m\u00e1s queridos y reconocidos por los profesionales.<\/li>\n<li>TELA \u2013 STRETCH FLEX-DRY-DYNAMIC \u2013 96% Poli\u00e9ster y 4% Elast\u00e1no con\u00a0<strong>Tecnolog\u00eda de Repelencia a los fluidos<\/strong>. Nuestros productos no tienen \u201cbolitas\u201d ni arrugas, siendo una prenda con un tacto espectacular y una vista a\u00fan mejor. Sus bolsas te permiten tener siempre a la mano tus accesorios y herramientas de trabajo como el estetoscopio, para que siempre est\u00e9s preparado\/a.<\/li>\n<\/ul>","protected":false},"excerpt":{"rendered":"<p class=\"a-size-large a-spacing-none a-color-secondary\"><span id=\"productTitle\" class=\"a-size-large product-title-word-break\">Protecci\u00f3n para el profesional de la salud TELA STRETCH FLEX-DRY-DYNAMIC .<\/span><\/p>\n<p class=\"a-size-large a-spacing-none a-color-secondary\">Conjunto de pantal\u00f3n y filipina manga corta y cuello en \u201cV\u201d con un amplio bolsillo en la parte superior izquierda. Juvenil y c\u00f3moda filipina.<\/p>\n<p>La composici\u00f3n textil de esta filipina es 96% Poli\u00e9ster y 4% Elast\u00e1no para que ambos materiales creen una prenda muy c\u00f3moda y duradera.<\/p>","protected":false},"featured_media":9152,"comment_status":"open","ping_status":"closed","template":"","meta":[],"wpc-collection":[],"product_brand":[],"product_cat":[158,167,398],"product_tag":[397,415,409,464,243,244,399,463,160],"yoast_head":"<!-- This site is optimized with the Yoast SEO Premium plugin v22.3 (Yoast SEO v22.4) - https:\/\/yoast.com\/wordpress\/plugins\/seo\/ -->\n<title>Uniforme quir\u00fargico caballero repelente HASSAN Negro | Instamedic<\/title>\n<meta name=\"robots\" content=\"index, follow, max-snippet:-1, max-image-preview:large, max-video-preview:-1\" \/>\n<link rel=\"canonical\" href=\"https:\/\/instamedic.mx\/en\/tienda-medica\/uniformes\/quirurgicos-uniformes\/uniforme-quirurgico-repelente\/uniforme-quirurgico-repelente-hassan-negro-caballero\/\" \/>\n<meta property=\"og:locale\" content=\"en_US\" \/>\n<meta property=\"og:type\" content=\"article\" \/>\n<meta property=\"og:title\" content=\"Uniforme quir\u00fargico caballero repelente HASSAN Negro\" \/>\n<meta property=\"og:description\" content=\"Protecci\u00f3n para el profesional de la salud TELA STRETCH FLEX-DRY-DYNAMIC . Conjunto de pantal\u00f3n y filipina manga corta y cuello en \u201cV\u201d con un amplio bolsillo en la parte superior izquierda. Juvenil y c\u00f3moda filipina. La composici\u00f3n textil de esta filipina es 96% Poli\u00e9ster y 4% Elast\u00e1no para que ambos materiales creen una prenda muy c\u00f3moda y duradera.\" \/>\n<meta property=\"og:url\" content=\"https:\/\/instamedic.mx\/en\/tienda-medica\/uniformes\/quirurgicos-uniformes\/uniforme-quirurgico-repelente\/uniforme-quirurgico-repelente-hassan-negro-caballero\/\" \/>\n<meta property=\"og:site_name\" content=\"Instamedic\" \/>\n<meta property=\"article:publisher\" content=\"https:\/\/www.facebook.com\/instamedicmx\" \/>\n<meta property=\"article:modified_time\" content=\"2023-12-06T20:02:20+00:00\" \/>\n<meta property=\"og:image\" content=\"https:\/\/instamedic.mx\/wp-content\/uploads\/2021\/09\/Uniforme-quirurgico-para-caballero-color-negro-antifluidos-HASSAN.jpg\" \/>\n\t<meta property=\"og:image:width\" content=\"1365\" \/>\n\t<meta property=\"og:image:height\" content=\"2048\" \/>\n\t<meta property=\"og:image:type\" content=\"image\/jpeg\" \/>\n<meta name=\"twitter:card\" content=\"summary_large_image\" \/>\n<meta name=\"twitter:label1\" content=\"Est. reading time\" \/>\n\t<meta name=\"twitter:data1\" content=\"1 minute\" \/>\n<script type=\"application\/ld+json\" class=\"yoast-schema-graph\">{\"@context\":\"https:\/\/schema.org\",\"@graph\":[{\"@type\":\"WebPage\",\"@id\":\"https:\/\/instamedic.mx\/tienda-medica\/uniformes\/quirurgicos-uniformes\/uniforme-quirurgico-repelente\/uniforme-quirurgico-repelente-hassan-negro-caballero\/\",\"url\":\"https:\/\/instamedic.mx\/tienda-medica\/uniformes\/quirurgicos-uniformes\/uniforme-quirurgico-repelente\/uniforme-quirurgico-repelente-hassan-negro-caballero\/\",\"name\":\"Uniforme quir\u00fargico caballero repelente HASSAN Negro | Instamedic\",\"isPartOf\":{\"@id\":\"https:\/\/instamedic.mx\/#website\"},\"primaryImageOfPage\":{\"@id\":\"https:\/\/instamedic.mx\/tienda-medica\/uniformes\/quirurgicos-uniformes\/uniforme-quirurgico-repelente\/uniforme-quirurgico-repelente-hassan-negro-caballero\/#primaryimage\"},\"image\":{\"@id\":\"https:\/\/instamedic.mx\/tienda-medica\/uniformes\/quirurgicos-uniformes\/uniforme-quirurgico-repelente\/uniforme-quirurgico-repelente-hassan-negro-caballero\/#primaryimage\"},\"thumbnailUrl\":\"https:\/\/instamedic.mx\/wp-content\/uploads\/2021\/09\/Uniforme-quirurgico-para-caballero-color-negro-antifluidos-HASSAN.jpg\",\"datePublished\":\"2021-09-03T02:49:48+00:00\",\"dateModified\":\"2023-12-06T20:02:20+00:00\",\"breadcrumb\":{\"@id\":\"https:\/\/instamedic.mx\/tienda-medica\/uniformes\/quirurgicos-uniformes\/uniforme-quirurgico-repelente\/uniforme-quirurgico-repelente-hassan-negro-caballero\/#breadcrumb\"},\"inLanguage\":\"en-US\",\"potentialAction\":[{\"@type\":\"ReadAction\",\"target\":[\"https:\/\/instamedic.mx\/tienda-medica\/uniformes\/quirurgicos-uniformes\/uniforme-quirurgico-repelente\/uniforme-quirurgico-repelente-hassan-negro-caballero\/\"]}]},{\"@type\":\"ImageObject\",\"inLanguage\":\"en-US\",\"@id\":\"https:\/\/instamedic.mx\/tienda-medica\/uniformes\/quirurgicos-uniformes\/uniforme-quirurgico-repelente\/uniforme-quirurgico-repelente-hassan-negro-caballero\/#primaryimage\",\"url\":\"https:\/\/instamedic.mx\/wp-content\/uploads\/2021\/09\/Uniforme-quirurgico-para-caballero-color-negro-antifluidos-HASSAN.jpg\",\"contentUrl\":\"https:\/\/instamedic.mx\/wp-content\/uploads\/2021\/09\/Uniforme-quirurgico-para-caballero-color-negro-antifluidos-HASSAN.jpg\",\"width\":1365,\"height\":2048,\"caption\":\"Uniforme quir\u00fargico para caballero color negro antifluidos HASSAN\"},{\"@type\":\"BreadcrumbList\",\"@id\":\"https:\/\/instamedic.mx\/tienda-medica\/uniformes\/quirurgicos-uniformes\/uniforme-quirurgico-repelente\/uniforme-quirurgico-repelente-hassan-negro-caballero\/#breadcrumb\",\"itemListElement\":[{\"@type\":\"ListItem\",\"position\":1,\"name\":\"Inicio\",\"item\":\"https:\/\/instamedic.mx\/\"},{\"@type\":\"ListItem\",\"position\":2,\"name\":\"Tienda m\u00e9dica\",\"item\":\"https:\/\/instamedic.mx\/tienda-medica\/\"},{\"@type\":\"ListItem\",\"position\":3,\"name\":\"Uniforme quir\u00fargico caballero repelente HASSAN Negro\"}]},{\"@type\":\"WebSite\",\"@id\":\"https:\/\/instamedic.mx\/#website\",\"url\":\"https:\/\/instamedic.mx\/\",\"name\":\"INSTAMEDIC\",\"description\":\"Venta de equipo m\u00e9dico, instrumental y uniformes quirpurgicos\",\"publisher\":{\"@id\":\"https:\/\/instamedic.mx\/#organization\"},\"potentialAction\":[{\"@type\":\"SearchAction\",\"target\":{\"@type\":\"EntryPoint\",\"urlTemplate\":\"https:\/\/instamedic.mx\/?s={search_term_string}\"},\"query-input\":\"required name=search_term_string\"}],\"inLanguage\":\"en-US\"},{\"@type\":\"Organization\",\"@id\":\"https:\/\/instamedic.mx\/#organization\",\"name\":\"INSTAMEDIC\",\"url\":\"https:\/\/instamedic.mx\/\",\"logo\":{\"@type\":\"ImageObject\",\"inLanguage\":\"en-US\",\"@id\":\"https:\/\/instamedic.mx\/#\/schema\/logo\/image\/\",\"url\":\"https:\/\/instamedic.mx\/wp-content\/uploads\/2024\/02\/Logo-instamedic.png\",\"contentUrl\":\"https:\/\/instamedic.mx\/wp-content\/uploads\/2024\/02\/Logo-instamedic.png\",\"width\":500,\"height\":500,\"caption\":\"INSTAMEDIC\"},\"image\":{\"@id\":\"https:\/\/instamedic.mx\/#\/schema\/logo\/image\/\"},\"sameAs\":[\"https:\/\/www.facebook.com\/instamedicmx\",\"https:\/\/www.instagram.com\/instamedic_mx\/\"],\"email\":\"info@instamedic.mx\",\"telephone\":\"8713426247\"}]}<\/script>\n<!-- \/ Yoast SEO Premium plugin. -->","yoast_head_json":{"title":"Uniforme quir\u00fargico caballero repelente HASSAN Negro | Instamedic","robots":{"index":"index","follow":"follow","max-snippet":"max-snippet:-1","max-image-preview":"max-image-preview:large","max-video-preview":"max-video-preview:-1"},"canonical":"https:\/\/instamedic.mx\/en\/tienda-medica\/uniformes\/quirurgicos-uniformes\/uniforme-quirurgico-repelente\/uniforme-quirurgico-repelente-hassan-negro-caballero\/","og_locale":"en_US","og_type":"article","og_title":"Uniforme quir\u00fargico caballero repelente HASSAN Negro","og_description":"Protecci\u00f3n para el profesional de la salud TELA STRETCH FLEX-DRY-DYNAMIC . Conjunto de pantal\u00f3n y filipina manga corta y cuello en \u201cV\u201d con un amplio bolsillo en la parte superior izquierda. Juvenil y c\u00f3moda filipina. La composici\u00f3n textil de esta filipina es 96% Poli\u00e9ster y 4% Elast\u00e1no para que ambos materiales creen una prenda muy c\u00f3moda y duradera.","og_url":"https:\/\/instamedic.mx\/en\/tienda-medica\/uniformes\/quirurgicos-uniformes\/uniforme-quirurgico-repelente\/uniforme-quirurgico-repelente-hassan-negro-caballero\/","og_site_name":"Instamedic","article_publisher":"https:\/\/www.facebook.com\/instamedicmx","article_modified_time":"2023-12-06T20:02:20+00:00","og_image":[{"width":1365,"height":2048,"url":"https:\/\/instamedic.mx\/wp-content\/uploads\/2021\/09\/Uniforme-quirurgico-para-caballero-color-negro-antifluidos-HASSAN.jpg","type":"image\/jpeg"}],"twitter_card":"summary_large_image","twitter_misc":{"Est. reading time":"1 minute"},"schema":{"@context":"https:\/\/schema.org","@graph":[{"@type":"WebPage","@id":"https:\/\/instamedic.mx\/tienda-medica\/uniformes\/quirurgicos-uniformes\/uniforme-quirurgico-repelente\/uniforme-quirurgico-repelente-hassan-negro-caballero\/","url":"https:\/\/instamedic.mx\/tienda-medica\/uniformes\/quirurgicos-uniformes\/uniforme-quirurgico-repelente\/uniforme-quirurgico-repelente-hassan-negro-caballero\/","name":"Uniforme quir\u00fargico caballero repelente HASSAN Negro | Instamedic","isPartOf":{"@id":"https:\/\/instamedic.mx\/#website"},"primaryImageOfPage":{"@id":"https:\/\/instamedic.mx\/tienda-medica\/uniformes\/quirurgicos-uniformes\/uniforme-quirurgico-repelente\/uniforme-quirurgico-repelente-hassan-negro-caballero\/#primaryimage"},"image":{"@id":"https:\/\/instamedic.mx\/tienda-medica\/uniformes\/quirurgicos-uniformes\/uniforme-quirurgico-repelente\/uniforme-quirurgico-repelente-hassan-negro-caballero\/#primaryimage"},"thumbnailUrl":"https:\/\/instamedic.mx\/wp-content\/uploads\/2021\/09\/Uniforme-quirurgico-para-caballero-color-negro-antifluidos-HASSAN.jpg","datePublished":"2021-09-03T02:49:48+00:00","dateModified":"2023-12-06T20:02:20+00:00","breadcrumb":{"@id":"https:\/\/instamedic.mx\/tienda-medica\/uniformes\/quirurgicos-uniformes\/uniforme-quirurgico-repelente\/uniforme-quirurgico-repelente-hassan-negro-caballero\/#breadcrumb"},"inLanguage":"en-US","potentialAction":[{"@type":"ReadAction","target":["https:\/\/instamedic.mx\/tienda-medica\/uniformes\/quirurgicos-uniformes\/uniforme-quirurgico-repelente\/uniforme-quirurgico-repelente-hassan-negro-caballero\/"]}]},{"@type":"ImageObject","inLanguage":"en-US","@id":"https:\/\/instamedic.mx\/tienda-medica\/uniformes\/quirurgicos-uniformes\/uniforme-quirurgico-repelente\/uniforme-quirurgico-repelente-hassan-negro-caballero\/#primaryimage","url":"https:\/\/instamedic.mx\/wp-content\/uploads\/2021\/09\/Uniforme-quirurgico-para-caballero-color-negro-antifluidos-HASSAN.jpg","contentUrl":"https:\/\/instamedic.mx\/wp-content\/uploads\/2021\/09\/Uniforme-quirurgico-para-caballero-color-negro-antifluidos-HASSAN.jpg","width":1365,"height":2048,"caption":"Uniforme quir\u00fargico para caballero color negro antifluidos HASSAN"},{"@type":"BreadcrumbList","@id":"https:\/\/instamedic.mx\/tienda-medica\/uniformes\/quirurgicos-uniformes\/uniforme-quirurgico-repelente\/uniforme-quirurgico-repelente-hassan-negro-caballero\/#breadcrumb","itemListElement":[{"@type":"ListItem","position":1,"name":"Inicio","item":"https:\/\/instamedic.mx\/"},{"@type":"ListItem","position":2,"name":"Tienda m\u00e9dica","item":"https:\/\/instamedic.mx\/tienda-medica\/"},{"@type":"ListItem","position":3,"name":"Uniforme quir\u00fargico caballero repelente HASSAN Negro"}]},{"@type":"WebSite","@id":"https:\/\/instamedic.mx\/#website","url":"https:\/\/instamedic.mx\/","name":"INSTAMEDIC","description":"Venta de equipo m\u00e9dico, instrumental y uniformes quirpurgicos","publisher":{"@id":"https:\/\/instamedic.mx\/#organization"},"potentialAction":[{"@type":"SearchAction","target":{"@type":"EntryPoint","urlTemplate":"https:\/\/instamedic.mx\/?s={search_term_string}"},"query-input":"required name=search_term_string"}],"inLanguage":"en-US"},{"@type":"Organization","@id":"https:\/\/instamedic.mx\/#organization","name":"INSTAMEDIC","url":"https:\/\/instamedic.mx\/","logo":{"@type":"ImageObject","inLanguage":"en-US","@id":"https:\/\/instamedic.mx\/#\/schema\/logo\/image\/","url":"https:\/\/instamedic.mx\/wp-content\/uploads\/2024\/02\/Logo-instamedic.png","contentUrl":"https:\/\/instamedic.mx\/wp-content\/uploads\/2024\/02\/Logo-instamedic.png","width":500,"height":500,"caption":"INSTAMEDIC"},"image":{"@id":"https:\/\/instamedic.mx\/#\/schema\/logo\/image\/"},"sameAs":["https:\/\/www.facebook.com\/instamedicmx","https:\/\/www.instagram.com\/instamedic_mx\/"],"email":"info@instamedic.mx","telephone":"8713426247"}]}},"jetpack_sharing_enabled":true,"_links":{"self":[{"href":"https:\/\/instamedic.mx\/en\/wp-json\/wp\/v2\/product\/9144"}],"collection":[{"href":"https:\/\/instamedic.mx\/en\/wp-json\/wp\/v2\/product"}],"about":[{"href":"https:\/\/instamedic.mx\/en\/wp-json\/wp\/v2\/types\/product"}],"replies":[{"embeddable":true,"href":"https:\/\/instamedic.mx\/en\/wp-json\/wp\/v2\/comments?post=9144"}],"version-history":[{"count":2,"href":"https:\/\/instamedic.mx\/en\/wp-json\/wp\/v2\/product\/9144\/revisions"}],"predecessor-version":[{"id":21873,"href":"https:\/\/instamedic.mx\/en\/wp-json\/wp\/v2\/product\/9144\/revisions\/21873"}],"wp:featuredmedia":[{"embeddable":true,"href":"https:\/\/instamedic.mx\/en\/wp-json\/wp\/v2\/media\/9152"}],"wp:attachment":[{"href":"https:\/\/instamedic.mx\/en\/wp-json\/wp\/v2\/media?parent=9144"}],"wp:term":[{"taxonomy":"wpc-collection","embeddable":true,"href":"https:\/\/instamedic.mx\/en\/wp-json\/wp\/v2\/wpc-collection?post=9144"},{"taxonomy":"product_brand","embeddable":true,"href":"https:\/\/instamedic.mx\/en\/wp-json\/wp\/v2\/product_brand?post=9144"},{"taxonomy":"product_cat","embeddable":true,"href":"https:\/\/instamedic.mx\/en\/wp-json\/wp\/v2\/product_cat?post=9144"},{"taxonomy":"product_tag","embeddable":true,"href":"https:\/\/instamedic.mx\/en\/wp-json\/wp\/v2\/product_tag?post=9144"}],"curies":[{"name":"wp","href":"https:\/\/api.w.org\/{rel}","templated":true}]}}