{"id":9424,"date":"2021-10-21T22:27:32","date_gmt":"2021-10-21T22:27:32","guid":{"rendered":"https:\/\/instamedic.mx\/?post_type=product&#038;p=9424"},"modified":"2023-06-15T17:23:05","modified_gmt":"2023-06-15T17:23:05","slug":"aguja-curva-para-diseccion","status":"publish","type":"product","link":"https:\/\/instamedic.mx\/en\/tienda-medica\/instrumental-medico\/agujas\/aguja-curva-para-diseccion\/","title":{"rendered":"AGUJA CURVA PARA DISECCION"},"content":{"rendered":"<p>Aguja de disecci\u00f3n curva de punta fina con mango de pl\u00e1stico. Fabricada en acero inoxidable. Las agujas de disecci\u00f3n se utilizan para sujetar tejidos o peque\u00f1as estructuras durante un breve per\u00edodo de tiempo.<\/p>\n<p><strong>Caracter\u00edsticas:<\/strong><\/p>\n<ul>\n<li>Mango de plastico<\/li>\n<li>Acero inoxidable<\/li>\n<li>Punta fina<\/li>\n<li>Longitud de la aguja: 30 mm<\/li>\n<li>Longitud total: 130 mm<\/li>\n<li>Peso: 6 g<\/li>\n<\/ul>","protected":false},"excerpt":{"rendered":"<p>Aguja de disecci\u00f3n curva de punta fina con mango de pl\u00e1stico. Fabricada en acero inoxidable. Las agujas de disecci\u00f3n se utilizan para sujetar tejidos o peque\u00f1as estructuras durante un breve per\u00edodo de tiempo.<\/p>\n<p><strong>Caracter\u00edsticas:<\/strong><\/p>\n<ul>\n<li>Mango de plastico<\/li>\n<li>Acero inoxidable<\/li>\n<li>Punta fina<\/li>\n<li>Longitud de la aguja: 30 mm<\/li>\n<li>Longitud total: 130 mm<\/li>\n<li>Peso: 6 g<\/li>\n<\/ul>","protected":false},"featured_media":9425,"comment_status":"open","ping_status":"closed","template":"","meta":[],"wpc-collection":[],"product_brand":[],"product_cat":[474,92],"product_tag":[493,492],"yoast_head":"<!-- This site is optimized with the Yoast SEO Premium plugin v22.3 (Yoast SEO v22.4) - https:\/\/yoast.com\/wordpress\/plugins\/seo\/ -->\n<title>AGUJA CURVA PARA DISECCION | Instamedic<\/title>\n<meta name=\"robots\" content=\"index, follow, max-snippet:-1, max-image-preview:large, max-video-preview:-1\" \/>\n<link rel=\"canonical\" href=\"https:\/\/instamedic.mx\/en\/tienda-medica\/instrumental-medico\/agujas\/aguja-curva-para-diseccion\/\" \/>\n<meta property=\"og:locale\" content=\"en_US\" \/>\n<meta property=\"og:type\" content=\"article\" \/>\n<meta property=\"og:title\" content=\"AGUJA CURVA PARA DISECCION\" \/>\n<meta property=\"og:description\" content=\"Aguja de disecci\u00f3n curva de punta fina con mango de pl\u00e1stico. Fabricada en acero inoxidable. Las agujas de disecci\u00f3n se utilizan para sujetar tejidos o peque\u00f1as estructuras durante un breve per\u00edodo de tiempo.  Caracter\u00edsticas:   Mango de plastico  Acero inoxidable  Punta fina  Longitud de la aguja: 30 mm  Longitud total: 130 mm  Peso: 6 g\" \/>\n<meta property=\"og:url\" content=\"https:\/\/instamedic.mx\/en\/tienda-medica\/instrumental-medico\/agujas\/aguja-curva-para-diseccion\/\" \/>\n<meta property=\"og:site_name\" content=\"Instamedic\" \/>\n<meta property=\"article:publisher\" content=\"https:\/\/www.facebook.com\/instamedicmx\" \/>\n<meta property=\"article:modified_time\" content=\"2023-06-15T17:23:05+00:00\" \/>\n<meta property=\"og:image\" content=\"https:\/\/instamedic.mx\/wp-content\/uploads\/2021\/10\/Aguja-para-diseccion-curva.jpg\" \/>\n\t<meta property=\"og:image:width\" content=\"800\" \/>\n\t<meta property=\"og:image:height\" content=\"800\" \/>\n\t<meta property=\"og:image:type\" content=\"image\/jpeg\" \/>\n<meta name=\"twitter:card\" content=\"summary_large_image\" \/>\n<meta name=\"twitter:label1\" content=\"Est. reading time\" \/>\n\t<meta name=\"twitter:data1\" content=\"1 minute\" \/>\n<script type=\"application\/ld+json\" class=\"yoast-schema-graph\">{\"@context\":\"https:\/\/schema.org\",\"@graph\":[{\"@type\":\"WebPage\",\"@id\":\"https:\/\/instamedic.mx\/tienda-medica\/instrumental-medico\/agujas\/aguja-curva-para-diseccion\/\",\"url\":\"https:\/\/instamedic.mx\/tienda-medica\/instrumental-medico\/agujas\/aguja-curva-para-diseccion\/\",\"name\":\"AGUJA CURVA PARA DISECCION | Instamedic\",\"isPartOf\":{\"@id\":\"https:\/\/instamedic.mx\/#website\"},\"primaryImageOfPage\":{\"@id\":\"https:\/\/instamedic.mx\/tienda-medica\/instrumental-medico\/agujas\/aguja-curva-para-diseccion\/#primaryimage\"},\"image\":{\"@id\":\"https:\/\/instamedic.mx\/tienda-medica\/instrumental-medico\/agujas\/aguja-curva-para-diseccion\/#primaryimage\"},\"thumbnailUrl\":\"https:\/\/instamedic.mx\/wp-content\/uploads\/2021\/10\/Aguja-para-diseccion-curva.jpg\",\"datePublished\":\"2021-10-21T22:27:32+00:00\",\"dateModified\":\"2023-06-15T17:23:05+00:00\",\"breadcrumb\":{\"@id\":\"https:\/\/instamedic.mx\/tienda-medica\/instrumental-medico\/agujas\/aguja-curva-para-diseccion\/#breadcrumb\"},\"inLanguage\":\"en-US\",\"potentialAction\":[{\"@type\":\"ReadAction\",\"target\":[\"https:\/\/instamedic.mx\/tienda-medica\/instrumental-medico\/agujas\/aguja-curva-para-diseccion\/\"]}]},{\"@type\":\"ImageObject\",\"inLanguage\":\"en-US\",\"@id\":\"https:\/\/instamedic.mx\/tienda-medica\/instrumental-medico\/agujas\/aguja-curva-para-diseccion\/#primaryimage\",\"url\":\"https:\/\/instamedic.mx\/wp-content\/uploads\/2021\/10\/Aguja-para-diseccion-curva.jpg\",\"contentUrl\":\"https:\/\/instamedic.mx\/wp-content\/uploads\/2021\/10\/Aguja-para-diseccion-curva.jpg\",\"width\":800,\"height\":800,\"caption\":\"Aguja para disecci\u00f3n curva\"},{\"@type\":\"BreadcrumbList\",\"@id\":\"https:\/\/instamedic.mx\/tienda-medica\/instrumental-medico\/agujas\/aguja-curva-para-diseccion\/#breadcrumb\",\"itemListElement\":[{\"@type\":\"ListItem\",\"position\":1,\"name\":\"Inicio\",\"item\":\"https:\/\/instamedic.mx\/\"},{\"@type\":\"ListItem\",\"position\":2,\"name\":\"Tienda m\u00e9dica\",\"item\":\"https:\/\/instamedic.mx\/tienda-medica\/\"},{\"@type\":\"ListItem\",\"position\":3,\"name\":\"AGUJA CURVA PARA DISECCION\"}]},{\"@type\":\"WebSite\",\"@id\":\"https:\/\/instamedic.mx\/#website\",\"url\":\"https:\/\/instamedic.mx\/\",\"name\":\"INSTAMEDIC\",\"description\":\"Venta de equipo m\u00e9dico, instrumental y uniformes quirpurgicos\",\"publisher\":{\"@id\":\"https:\/\/instamedic.mx\/#organization\"},\"potentialAction\":[{\"@type\":\"SearchAction\",\"target\":{\"@type\":\"EntryPoint\",\"urlTemplate\":\"https:\/\/instamedic.mx\/?s={search_term_string}\"},\"query-input\":\"required name=search_term_string\"}],\"inLanguage\":\"en-US\"},{\"@type\":\"Organization\",\"@id\":\"https:\/\/instamedic.mx\/#organization\",\"name\":\"INSTAMEDIC\",\"url\":\"https:\/\/instamedic.mx\/\",\"logo\":{\"@type\":\"ImageObject\",\"inLanguage\":\"en-US\",\"@id\":\"https:\/\/instamedic.mx\/#\/schema\/logo\/image\/\",\"url\":\"https:\/\/instamedic.mx\/wp-content\/uploads\/2024\/02\/Logo-instamedic.png\",\"contentUrl\":\"https:\/\/instamedic.mx\/wp-content\/uploads\/2024\/02\/Logo-instamedic.png\",\"width\":500,\"height\":500,\"caption\":\"INSTAMEDIC\"},\"image\":{\"@id\":\"https:\/\/instamedic.mx\/#\/schema\/logo\/image\/\"},\"sameAs\":[\"https:\/\/www.facebook.com\/instamedicmx\",\"https:\/\/www.instagram.com\/instamedic_mx\/\"],\"email\":\"info@instamedic.mx\",\"telephone\":\"8713426247\"}]}<\/script>\n<!-- \/ Yoast SEO Premium plugin. -->","yoast_head_json":{"title":"AGUJA CURVA PARA DISECCION | Instamedic","robots":{"index":"index","follow":"follow","max-snippet":"max-snippet:-1","max-image-preview":"max-image-preview:large","max-video-preview":"max-video-preview:-1"},"canonical":"https:\/\/instamedic.mx\/en\/tienda-medica\/instrumental-medico\/agujas\/aguja-curva-para-diseccion\/","og_locale":"en_US","og_type":"article","og_title":"AGUJA CURVA PARA DISECCION","og_description":"Aguja de disecci\u00f3n curva de punta fina con mango de pl\u00e1stico. Fabricada en acero inoxidable. Las agujas de disecci\u00f3n se utilizan para sujetar tejidos o peque\u00f1as estructuras durante un breve per\u00edodo de tiempo.  Caracter\u00edsticas:   Mango de plastico  Acero inoxidable  Punta fina  Longitud de la aguja: 30 mm  Longitud total: 130 mm  Peso: 6 g","og_url":"https:\/\/instamedic.mx\/en\/tienda-medica\/instrumental-medico\/agujas\/aguja-curva-para-diseccion\/","og_site_name":"Instamedic","article_publisher":"https:\/\/www.facebook.com\/instamedicmx","article_modified_time":"2023-06-15T17:23:05+00:00","og_image":[{"width":800,"height":800,"url":"https:\/\/instamedic.mx\/wp-content\/uploads\/2021\/10\/Aguja-para-diseccion-curva.jpg","type":"image\/jpeg"}],"twitter_card":"summary_large_image","twitter_misc":{"Est. reading time":"1 minute"},"schema":{"@context":"https:\/\/schema.org","@graph":[{"@type":"WebPage","@id":"https:\/\/instamedic.mx\/tienda-medica\/instrumental-medico\/agujas\/aguja-curva-para-diseccion\/","url":"https:\/\/instamedic.mx\/tienda-medica\/instrumental-medico\/agujas\/aguja-curva-para-diseccion\/","name":"AGUJA CURVA PARA DISECCION | Instamedic","isPartOf":{"@id":"https:\/\/instamedic.mx\/#website"},"primaryImageOfPage":{"@id":"https:\/\/instamedic.mx\/tienda-medica\/instrumental-medico\/agujas\/aguja-curva-para-diseccion\/#primaryimage"},"image":{"@id":"https:\/\/instamedic.mx\/tienda-medica\/instrumental-medico\/agujas\/aguja-curva-para-diseccion\/#primaryimage"},"thumbnailUrl":"https:\/\/instamedic.mx\/wp-content\/uploads\/2021\/10\/Aguja-para-diseccion-curva.jpg","datePublished":"2021-10-21T22:27:32+00:00","dateModified":"2023-06-15T17:23:05+00:00","breadcrumb":{"@id":"https:\/\/instamedic.mx\/tienda-medica\/instrumental-medico\/agujas\/aguja-curva-para-diseccion\/#breadcrumb"},"inLanguage":"en-US","potentialAction":[{"@type":"ReadAction","target":["https:\/\/instamedic.mx\/tienda-medica\/instrumental-medico\/agujas\/aguja-curva-para-diseccion\/"]}]},{"@type":"ImageObject","inLanguage":"en-US","@id":"https:\/\/instamedic.mx\/tienda-medica\/instrumental-medico\/agujas\/aguja-curva-para-diseccion\/#primaryimage","url":"https:\/\/instamedic.mx\/wp-content\/uploads\/2021\/10\/Aguja-para-diseccion-curva.jpg","contentUrl":"https:\/\/instamedic.mx\/wp-content\/uploads\/2021\/10\/Aguja-para-diseccion-curva.jpg","width":800,"height":800,"caption":"Aguja para disecci\u00f3n curva"},{"@type":"BreadcrumbList","@id":"https:\/\/instamedic.mx\/tienda-medica\/instrumental-medico\/agujas\/aguja-curva-para-diseccion\/#breadcrumb","itemListElement":[{"@type":"ListItem","position":1,"name":"Inicio","item":"https:\/\/instamedic.mx\/"},{"@type":"ListItem","position":2,"name":"Tienda m\u00e9dica","item":"https:\/\/instamedic.mx\/tienda-medica\/"},{"@type":"ListItem","position":3,"name":"AGUJA CURVA PARA DISECCION"}]},{"@type":"WebSite","@id":"https:\/\/instamedic.mx\/#website","url":"https:\/\/instamedic.mx\/","name":"INSTAMEDIC","description":"Venta de equipo m\u00e9dico, instrumental y uniformes quirpurgicos","publisher":{"@id":"https:\/\/instamedic.mx\/#organization"},"potentialAction":[{"@type":"SearchAction","target":{"@type":"EntryPoint","urlTemplate":"https:\/\/instamedic.mx\/?s={search_term_string}"},"query-input":"required name=search_term_string"}],"inLanguage":"en-US"},{"@type":"Organization","@id":"https:\/\/instamedic.mx\/#organization","name":"INSTAMEDIC","url":"https:\/\/instamedic.mx\/","logo":{"@type":"ImageObject","inLanguage":"en-US","@id":"https:\/\/instamedic.mx\/#\/schema\/logo\/image\/","url":"https:\/\/instamedic.mx\/wp-content\/uploads\/2024\/02\/Logo-instamedic.png","contentUrl":"https:\/\/instamedic.mx\/wp-content\/uploads\/2024\/02\/Logo-instamedic.png","width":500,"height":500,"caption":"INSTAMEDIC"},"image":{"@id":"https:\/\/instamedic.mx\/#\/schema\/logo\/image\/"},"sameAs":["https:\/\/www.facebook.com\/instamedicmx","https:\/\/www.instagram.com\/instamedic_mx\/"],"email":"info@instamedic.mx","telephone":"8713426247"}]}},"jetpack_sharing_enabled":true,"_links":{"self":[{"href":"https:\/\/instamedic.mx\/en\/wp-json\/wp\/v2\/product\/9424"}],"collection":[{"href":"https:\/\/instamedic.mx\/en\/wp-json\/wp\/v2\/product"}],"about":[{"href":"https:\/\/instamedic.mx\/en\/wp-json\/wp\/v2\/types\/product"}],"replies":[{"embeddable":true,"href":"https:\/\/instamedic.mx\/en\/wp-json\/wp\/v2\/comments?post=9424"}],"version-history":[{"count":1,"href":"https:\/\/instamedic.mx\/en\/wp-json\/wp\/v2\/product\/9424\/revisions"}],"predecessor-version":[{"id":9426,"href":"https:\/\/instamedic.mx\/en\/wp-json\/wp\/v2\/product\/9424\/revisions\/9426"}],"wp:featuredmedia":[{"embeddable":true,"href":"https:\/\/instamedic.mx\/en\/wp-json\/wp\/v2\/media\/9425"}],"wp:attachment":[{"href":"https:\/\/instamedic.mx\/en\/wp-json\/wp\/v2\/media?parent=9424"}],"wp:term":[{"taxonomy":"wpc-collection","embeddable":true,"href":"https:\/\/instamedic.mx\/en\/wp-json\/wp\/v2\/wpc-collection?post=9424"},{"taxonomy":"product_brand","embeddable":true,"href":"https:\/\/instamedic.mx\/en\/wp-json\/wp\/v2\/product_brand?post=9424"},{"taxonomy":"product_cat","embeddable":true,"href":"https:\/\/instamedic.mx\/en\/wp-json\/wp\/v2\/product_cat?post=9424"},{"taxonomy":"product_tag","embeddable":true,"href":"https:\/\/instamedic.mx\/en\/wp-json\/wp\/v2\/product_tag?post=9424"}],"curies":[{"name":"wp","href":"https:\/\/api.w.org\/{rel}","templated":true}]}}