{"id":9526,"date":"2021-10-25T17:23:54","date_gmt":"2021-10-25T17:23:54","guid":{"rendered":"https:\/\/instamedic.mx\/?post_type=product&#038;p=9526"},"modified":"2024-01-02T21:39:08","modified_gmt":"2024-01-02T21:39:08","slug":"baumanometro-tensiometro-de-brazo-bm-27-beurer","status":"publish","type":"product","link":"https:\/\/instamedic.mx\/en\/tienda-medica\/equipo-medico\/diagnostico\/baumanometros\/baumanometros-digitales\/baumanometro-tensiometro-de-brazo-bm-27-beurer\/","title":{"rendered":"Bauman\u00f3metro (tensi\u00f3metro) digital de brazo BM 27 Beurer"},"content":{"rendered":"<h2>Baumanometro ( tensi\u00f3metro ) digital de brazo BM 27 de Beurer<\/h2>\n<p class=\"subline\">El aparato de medici\u00f3n con control de posici\u00f3n del brazalete<\/p>\n<div><\/div>\n<table class=\"table table-responsive table-sm\">\n<tbody>\n<tr>\n<td><img decoding=\"async\" class=\"img-fluid\" title=\"\" src=\"https:\/\/pim.beurer.com\/images\/attribut\/Picto_medical_irregular_heart_rhythm.svg\" alt=\"Detecci\u00f3n de arritmias Funci\u00f3n de advertencia de un posible trastorno del ritmo cardiaco\" width=\"75\" height=\"auto\" data-toggle=\"tooltip\" data-placement=\"top\" data-original-title=\"Detecci\u00f3n de arritmias\" \/><\/td>\n<td style=\"text-align: left;\"><strong>Detecci\u00f3n de arritmias<\/strong><br \/>\nFunci\u00f3n de advertencia de un posible trastorno del ritmo cardiaco<\/td>\n<\/tr>\n<tr>\n<td><img decoding=\"async\" class=\"img-fluid\" title=\"\" src=\"https:\/\/pim.beurer.com\/images\/attribut\/Picto_medical_measuring_position.png\" alt=\"Indicador de posicionamiento Para colocar correctamente el tensi&amp;oacute;metro a la altura del coraz&amp;oacute;n \" width=\"75\" height=\"auto\" data-toggle=\"tooltip\" data-placement=\"top\" data-original-title=\"Indicador de posicionamiento\" \/><\/td>\n<td style=\"text-align: left;\"><strong>Indicador de posicionamiento<\/strong><br \/>\nPara colocar correctamente el tensi\u00f3metro a la altura del coraz\u00f3n<\/td>\n<\/tr>\n<tr>\n<td><img decoding=\"async\" class=\"img-fluid\" title=\"\" src=\"https:\/\/pim.beurer.com\/images\/attribut\/Picto_medical_risk_indicator.svg\" alt=\"Indicador de riesgo Clasificaci\u00f3n de los resultados de medici\u00f3n con una escala de colores\" width=\"75\" height=\"auto\" data-toggle=\"tooltip\" data-placement=\"top\" data-original-title=\"Indicador de riesgo\" \/><\/td>\n<td style=\"text-align: left;\"><strong>Indicador de riesgo<\/strong><br \/>\nClasificaci\u00f3n de los resultados de medici\u00f3n con una escala de colores<\/td>\n<\/tr>\n<tr>\n<td><img decoding=\"async\" class=\"img-fluid\" title=\"\" src=\"https:\/\/pim.beurer.com\/images\/attribut\/Picto_medical_universal_cuff.svg\" alt=\"Brazalete universal Uso universal \" width=\"75\" height=\"auto\" data-toggle=\"tooltip\" data-placement=\"top\" data-original-title=\"Brazalete universal\" \/><\/td>\n<td>\n<div class=\"item text-center\" style=\"text-align: left;\"><strong>Brazalete universal<\/strong><br \/>\nUso universal<\/div>\n<\/td>\n<\/tr>\n<\/tbody>\n<\/table>\n<div class=\"item text-center\"><\/div>\n<div><\/div>\n<div><\/div>\n<table class=\"table table-responsive table-sm\">\n<tbody>\n<tr>\n<td>Denominaci\u00f3n del producto<\/td>\n<td>Tensi\u00f3metro de brazo<\/td>\n<\/tr>\n<tr>\n<td>Mecanismo de desconexi\u00f3n autom\u00e1tica<\/td>\n<td>S\u00ed<\/td>\n<\/tr>\n<tr>\n<td>Cantidad de mediciones con una pila<\/td>\n<td>Aprox. 300<\/td>\n<\/tr>\n<tr>\n<td>Cantidad de puestos de memoria<\/td>\n<td>4 x 30<\/td>\n<\/tr>\n<tr>\n<td>Detecci\u00f3n de arritmias<\/td>\n<td>S\u00ed<\/td>\n<\/tr>\n<tr>\n<td>Se suministra estuche\/bolsa para guardar<\/td>\n<td>S\u00ed<\/td>\n<\/tr>\n<tr>\n<td>Pilas<\/td>\n<td>S\u00ed<\/td>\n<\/tr>\n<tr>\n<td>Indicaci\u00f3n de cambio de pila<\/td>\n<td>S\u00ed<\/td>\n<\/tr>\n<tr>\n<td>Fecha y hora<\/td>\n<td>S\u00ed<\/td>\n<\/tr>\n<tr>\n<td>C\u00e1lculo de valor medio<\/td>\n<td>S\u00ed<\/td>\n<\/tr>\n<tr>\n<td>Pantalla grande de f\u00e1cil lectura<\/td>\n<td>S\u00ed<\/td>\n<\/tr>\n<tr>\n<td>Tama\u00f1o del brazalete en\u00a0cm<\/td>\n<td>22 &#8211; 44<\/td>\n<\/tr>\n<tr>\n<td>Control de posici\u00f3n del brazalete<\/td>\n<td>S\u00ed<\/td>\n<\/tr>\n<tr>\n<td>Producto sanitario<\/td>\n<td>S\u00ed<\/td>\n<\/tr>\n<tr>\n<td>Aviso en caso de errores de aplicaci\u00f3n<\/td>\n<td>S\u00ed<\/td>\n<\/tr>\n<tr>\n<td>Peso del producto<\/td>\n<td>Aprox. 219g (sin pilas ni brazalete)<\/td>\n<\/tr>\n<tr>\n<td>Dimensiones del producto (la. x an. x al.)<\/td>\n<td>112 x 110 x 53 mm<\/td>\n<\/tr>\n<tr>\n<td>CE<\/td>\n<td>S\u00ed<\/td>\n<\/tr>\n<tr>\n<td>Garant\u00eda en a\u00f1os (Para obtener informaci\u00f3n sobre la garant\u00eda, consulte las instrucciones de uso.)<\/td>\n<td>3<\/td>\n<\/tr>\n<tr>\n<td>EAN<\/td>\n<td>4211125658182<\/td>\n<\/tr>\n<tr>\n<td>N\u00famero de art\u00edculo<\/td>\n<td>65818<\/td>\n<\/tr>\n<\/tbody>\n<\/table>","protected":false},"excerpt":{"rendered":"<p>Con el tensi\u00f3metro de brazo BM 27 la medici\u00f3n es todav\u00eda m\u00e1s f\u00e1cil. El control de sujeci\u00f3n del brazalete y el aviso autom\u00e1tico en caso de errores de aplicaci\u00f3n le facilitan la tarea y, a su vez, ayudan a evitar errores en la medici\u00f3n.<\/p>\n<div><\/div>\n<table class=\"table table-responsive table-sm\">\n<tbody>\n<tr>\n<td>\n<ul>\n<li>Pantalla f\u00e1cil de leer<\/li>\n<li>Valor promedio de todos los valores de medici\u00f3n<\/li>\n<li>4\u00a0\u00d7\u00a030 posiciones de memoria<\/li>\n<\/ul>\n<\/td>\n<td style=\"text-align: left;\">\n<ul>\n<li>Clasificaci\u00f3n de los resultados de medici\u00f3n con una escala de colores<\/li>\n<li>Detecci\u00f3n de arritmias: detecta y advierte de eventuales<\/li>\n<li>alteraciones del ritmo cardiaco<\/li>\n<\/ul>\n<\/td>\n<\/tr>\n<tr>\n<td>\n<ul>\n<li>Control de sujeci\u00f3n del brazalete<\/li>\n<li>Para contornos de brazo de 22-42\u00a0cm<\/li>\n<li>Producto sanitario<\/li>\n<\/ul>\n<\/td>\n<td style=\"text-align: left;\">\n<ul>\n<li>Fecha y hora \/ mecanismo de desconexi\u00f3n autom\u00e1tica<\/li>\n<li>Aviso en caso de errores de aplicaci\u00f3n<\/li>\n<li>Preselecci\u00f3n de presi\u00f3n autom\u00e1tica y salida de aire<\/li>\n<\/ul>\n<\/td>\n<\/tr>\n<tr>\n<td>\n<ul>\n<li>Tabla para registrar la tensi\u00f3n<\/li>\n<li>Indicaci\u00f3n de cambio de pila<\/li>\n<li>Con bolsa para guardarlo<\/li>\n<\/ul>\n<\/td>\n<td style=\"text-align: left;\"><a href=\"https:\/\/pim.beurer.com\/images\/attribut\/de\/BEU_Quality_Siegel_RZ.png\" data-fancybox=\"\"><img decoding=\"async\" class=\"img-fluid\" title=\"\" src=\"https:\/\/pim.beurer.com\/images\/attribut\/de\/BEU_Quality_Siegel_RZ.png\" alt=\"\" width=\"100\" height=\"auto\" data-toggle=\"tooltip\" data-placement=\"top\" data-original-title=\"German Quality since 1919\" \/><\/a><\/td>\n<\/tr>\n<tr>\n<td><a href=\"https:\/\/pim.beurer.com\/images\/attribut\/de\/DHL_BM27.png\" data-fancybox=\"\"><img decoding=\"async\" class=\"img-fluid\" title=\"\" src=\"https:\/\/pim.beurer.com\/images\/attribut\/de\/DHL_BM27.png\" alt=\"El tensi\u00f3metro fue premiado por la Liga Alemana de Hipertensi\u00f3n\" width=\"100\" height=\"auto\" data-toggle=\"tooltip\" data-placement=\"top\" data-original-title=\"DHL BM 27\" \/><\/a><\/td>\n<td><a href=\"https:\/\/pim.beurer.com\/images\/attribut\/de\/ESH-Sticker_neutral_EN_1.png\" data-fancybox=\"\"><img decoding=\"async\" class=\"img-fluid\" title=\"\" src=\"https:\/\/pim.beurer.com\/images\/attribut\/de\/ESH-Sticker_neutral_EN_1.png\" alt=\"Premiado por la Liga Europea de Hipertensi\u00f3n \" width=\"100\" height=\"auto\" data-toggle=\"tooltip\" data-placement=\"top\" data-original-title=\"ESH\" \/><\/a><\/td>\n<\/tr>\n<\/tbody>\n<\/table>\n<p>&nbsp;<\/p>\n<div class=\"col-12 col-md-3\">\n<div class=\"product-seals\">\n<div class=\"item text-center\"><\/div>\n<div class=\"item text-center\"><\/div>\n<\/div>\n<\/div>","protected":false},"featured_media":9529,"comment_status":"open","ping_status":"closed","template":"","meta":[],"wpc-collection":[],"product_brand":[702],"product_cat":[103,104],"product_tag":[149,148,498],"yoast_head":"<!-- This site is optimized with the Yoast SEO Premium plugin v22.3 (Yoast SEO v22.4) - https:\/\/yoast.com\/wordpress\/plugins\/seo\/ -->\n<title>Bauman\u00f3metro (tensi\u00f3metro) digital de brazo BM 27 Beurer | Instamedic<\/title>\n<meta name=\"description\" content=\"Con el baumanometro digital de brazo BM 27 la medici\u00f3n es m\u00e1s f\u00e1cil. El control de sujeci\u00f3n del brazal y el aviso autom\u00e1tico ayuda una visi\u00f3n clara de salud\" \/>\n<meta name=\"robots\" content=\"index, follow, max-snippet:-1, max-image-preview:large, max-video-preview:-1\" \/>\n<link rel=\"canonical\" href=\"https:\/\/instamedic.mx\/en\/tienda-medica\/equipo-medico\/diagnostico\/baumanometros\/baumanometros-digitales\/baumanometro-tensiometro-de-brazo-bm-27-beurer\/\" \/>\n<meta property=\"og:locale\" content=\"en_US\" \/>\n<meta property=\"og:type\" content=\"article\" \/>\n<meta property=\"og:title\" content=\"Bauman\u00f3metro (tensi\u00f3metro) digital de brazo BM 27 Beurer\" \/>\n<meta property=\"og:description\" content=\"Con el baumanometro digital de brazo BM 27 la medici\u00f3n es m\u00e1s f\u00e1cil. El control de sujeci\u00f3n del brazal y el aviso autom\u00e1tico ayuda una visi\u00f3n clara de salud\" \/>\n<meta property=\"og:url\" content=\"https:\/\/instamedic.mx\/en\/tienda-medica\/equipo-medico\/diagnostico\/baumanometros\/baumanometros-digitales\/baumanometro-tensiometro-de-brazo-bm-27-beurer\/\" \/>\n<meta property=\"og:site_name\" content=\"Instamedic\" \/>\n<meta property=\"article:publisher\" content=\"https:\/\/www.facebook.com\/instamedicmx\" \/>\n<meta property=\"article:modified_time\" content=\"2024-01-02T21:39:08+00:00\" \/>\n<meta property=\"og:image\" content=\"https:\/\/instamedic.mx\/wp-content\/uploads\/2021\/10\/Baumanometro-de-brazo-digital-con-deteccion-de-arritmia-y-manguito-universal-beurer-BM27.jpg\" \/>\n\t<meta property=\"og:image:width\" content=\"800\" \/>\n\t<meta property=\"og:image:height\" content=\"800\" \/>\n\t<meta property=\"og:image:type\" content=\"image\/jpeg\" \/>\n<meta name=\"twitter:card\" content=\"summary_large_image\" \/>\n<meta name=\"twitter:label1\" content=\"Est. reading time\" \/>\n\t<meta name=\"twitter:data1\" content=\"2 minutes\" \/>\n<script type=\"application\/ld+json\" class=\"yoast-schema-graph\">{\"@context\":\"https:\/\/schema.org\",\"@graph\":[{\"@type\":\"WebPage\",\"@id\":\"https:\/\/instamedic.mx\/tienda-medica\/equipo-medico\/diagnostico\/baumanometros\/baumanometros-digitales\/baumanometro-tensiometro-de-brazo-bm-27-beurer\/\",\"url\":\"https:\/\/instamedic.mx\/tienda-medica\/equipo-medico\/diagnostico\/baumanometros\/baumanometros-digitales\/baumanometro-tensiometro-de-brazo-bm-27-beurer\/\",\"name\":\"Bauman\u00f3metro (tensi\u00f3metro) digital de brazo BM 27 Beurer | Instamedic\",\"isPartOf\":{\"@id\":\"https:\/\/instamedic.mx\/#website\"},\"primaryImageOfPage\":{\"@id\":\"https:\/\/instamedic.mx\/tienda-medica\/equipo-medico\/diagnostico\/baumanometros\/baumanometros-digitales\/baumanometro-tensiometro-de-brazo-bm-27-beurer\/#primaryimage\"},\"image\":{\"@id\":\"https:\/\/instamedic.mx\/tienda-medica\/equipo-medico\/diagnostico\/baumanometros\/baumanometros-digitales\/baumanometro-tensiometro-de-brazo-bm-27-beurer\/#primaryimage\"},\"thumbnailUrl\":\"https:\/\/instamedic.mx\/wp-content\/uploads\/2021\/10\/Baumanometro-de-brazo-digital-con-deteccion-de-arritmia-y-manguito-universal-beurer-BM27.jpg\",\"datePublished\":\"2021-10-25T17:23:54+00:00\",\"dateModified\":\"2024-01-02T21:39:08+00:00\",\"description\":\"Con el baumanometro digital de brazo BM 27 la medici\u00f3n es m\u00e1s f\u00e1cil. El control de sujeci\u00f3n del brazal y el aviso autom\u00e1tico ayuda una visi\u00f3n clara de salud\",\"breadcrumb\":{\"@id\":\"https:\/\/instamedic.mx\/tienda-medica\/equipo-medico\/diagnostico\/baumanometros\/baumanometros-digitales\/baumanometro-tensiometro-de-brazo-bm-27-beurer\/#breadcrumb\"},\"inLanguage\":\"en-US\",\"potentialAction\":[{\"@type\":\"ReadAction\",\"target\":[\"https:\/\/instamedic.mx\/tienda-medica\/equipo-medico\/diagnostico\/baumanometros\/baumanometros-digitales\/baumanometro-tensiometro-de-brazo-bm-27-beurer\/\"]}]},{\"@type\":\"ImageObject\",\"inLanguage\":\"en-US\",\"@id\":\"https:\/\/instamedic.mx\/tienda-medica\/equipo-medico\/diagnostico\/baumanometros\/baumanometros-digitales\/baumanometro-tensiometro-de-brazo-bm-27-beurer\/#primaryimage\",\"url\":\"https:\/\/instamedic.mx\/wp-content\/uploads\/2021\/10\/Baumanometro-de-brazo-digital-con-deteccion-de-arritmia-y-manguito-universal-beurer-BM27.jpg\",\"contentUrl\":\"https:\/\/instamedic.mx\/wp-content\/uploads\/2021\/10\/Baumanometro-de-brazo-digital-con-deteccion-de-arritmia-y-manguito-universal-beurer-BM27.jpg\",\"width\":800,\"height\":800,\"caption\":\"Bauman\u00f3metro de brazo digital con detecci\u00f3n de arritmia y manguito universal beurer BM27\"},{\"@type\":\"BreadcrumbList\",\"@id\":\"https:\/\/instamedic.mx\/tienda-medica\/equipo-medico\/diagnostico\/baumanometros\/baumanometros-digitales\/baumanometro-tensiometro-de-brazo-bm-27-beurer\/#breadcrumb\",\"itemListElement\":[{\"@type\":\"ListItem\",\"position\":1,\"name\":\"Inicio\",\"item\":\"https:\/\/instamedic.mx\/\"},{\"@type\":\"ListItem\",\"position\":2,\"name\":\"Tienda m\u00e9dica\",\"item\":\"https:\/\/instamedic.mx\/tienda-medica\/\"},{\"@type\":\"ListItem\",\"position\":3,\"name\":\"Bauman\u00f3metro (tensi\u00f3metro) digital de brazo BM 27 Beurer\"}]},{\"@type\":\"WebSite\",\"@id\":\"https:\/\/instamedic.mx\/#website\",\"url\":\"https:\/\/instamedic.mx\/\",\"name\":\"INSTAMEDIC\",\"description\":\"Venta de equipo m\u00e9dico, instrumental y uniformes quirpurgicos\",\"publisher\":{\"@id\":\"https:\/\/instamedic.mx\/#organization\"},\"potentialAction\":[{\"@type\":\"SearchAction\",\"target\":{\"@type\":\"EntryPoint\",\"urlTemplate\":\"https:\/\/instamedic.mx\/?s={search_term_string}\"},\"query-input\":\"required name=search_term_string\"}],\"inLanguage\":\"en-US\"},{\"@type\":\"Organization\",\"@id\":\"https:\/\/instamedic.mx\/#organization\",\"name\":\"INSTAMEDIC\",\"url\":\"https:\/\/instamedic.mx\/\",\"logo\":{\"@type\":\"ImageObject\",\"inLanguage\":\"en-US\",\"@id\":\"https:\/\/instamedic.mx\/#\/schema\/logo\/image\/\",\"url\":\"https:\/\/instamedic.mx\/wp-content\/uploads\/2024\/02\/Logo-instamedic.png\",\"contentUrl\":\"https:\/\/instamedic.mx\/wp-content\/uploads\/2024\/02\/Logo-instamedic.png\",\"width\":500,\"height\":500,\"caption\":\"INSTAMEDIC\"},\"image\":{\"@id\":\"https:\/\/instamedic.mx\/#\/schema\/logo\/image\/\"},\"sameAs\":[\"https:\/\/www.facebook.com\/instamedicmx\",\"https:\/\/www.instagram.com\/instamedic_mx\/\"],\"email\":\"info@instamedic.mx\",\"telephone\":\"8713426247\"}]}<\/script>\n<!-- \/ Yoast SEO Premium plugin. -->","yoast_head_json":{"title":"Bauman\u00f3metro (tensi\u00f3metro) digital de brazo BM 27 Beurer | Instamedic","description":"Con el baumanometro digital de brazo BM 27 la medici\u00f3n es m\u00e1s f\u00e1cil. El control de sujeci\u00f3n del brazal y el aviso autom\u00e1tico ayuda una visi\u00f3n clara de salud","robots":{"index":"index","follow":"follow","max-snippet":"max-snippet:-1","max-image-preview":"max-image-preview:large","max-video-preview":"max-video-preview:-1"},"canonical":"https:\/\/instamedic.mx\/en\/tienda-medica\/equipo-medico\/diagnostico\/baumanometros\/baumanometros-digitales\/baumanometro-tensiometro-de-brazo-bm-27-beurer\/","og_locale":"en_US","og_type":"article","og_title":"Bauman\u00f3metro (tensi\u00f3metro) digital de brazo BM 27 Beurer","og_description":"Con el baumanometro digital de brazo BM 27 la medici\u00f3n es m\u00e1s f\u00e1cil. El control de sujeci\u00f3n del brazal y el aviso autom\u00e1tico ayuda una visi\u00f3n clara de salud","og_url":"https:\/\/instamedic.mx\/en\/tienda-medica\/equipo-medico\/diagnostico\/baumanometros\/baumanometros-digitales\/baumanometro-tensiometro-de-brazo-bm-27-beurer\/","og_site_name":"Instamedic","article_publisher":"https:\/\/www.facebook.com\/instamedicmx","article_modified_time":"2024-01-02T21:39:08+00:00","og_image":[{"width":800,"height":800,"url":"https:\/\/instamedic.mx\/wp-content\/uploads\/2021\/10\/Baumanometro-de-brazo-digital-con-deteccion-de-arritmia-y-manguito-universal-beurer-BM27.jpg","type":"image\/jpeg"}],"twitter_card":"summary_large_image","twitter_misc":{"Est. reading time":"2 minutes"},"schema":{"@context":"https:\/\/schema.org","@graph":[{"@type":"WebPage","@id":"https:\/\/instamedic.mx\/tienda-medica\/equipo-medico\/diagnostico\/baumanometros\/baumanometros-digitales\/baumanometro-tensiometro-de-brazo-bm-27-beurer\/","url":"https:\/\/instamedic.mx\/tienda-medica\/equipo-medico\/diagnostico\/baumanometros\/baumanometros-digitales\/baumanometro-tensiometro-de-brazo-bm-27-beurer\/","name":"Bauman\u00f3metro (tensi\u00f3metro) digital de brazo BM 27 Beurer | Instamedic","isPartOf":{"@id":"https:\/\/instamedic.mx\/#website"},"primaryImageOfPage":{"@id":"https:\/\/instamedic.mx\/tienda-medica\/equipo-medico\/diagnostico\/baumanometros\/baumanometros-digitales\/baumanometro-tensiometro-de-brazo-bm-27-beurer\/#primaryimage"},"image":{"@id":"https:\/\/instamedic.mx\/tienda-medica\/equipo-medico\/diagnostico\/baumanometros\/baumanometros-digitales\/baumanometro-tensiometro-de-brazo-bm-27-beurer\/#primaryimage"},"thumbnailUrl":"https:\/\/instamedic.mx\/wp-content\/uploads\/2021\/10\/Baumanometro-de-brazo-digital-con-deteccion-de-arritmia-y-manguito-universal-beurer-BM27.jpg","datePublished":"2021-10-25T17:23:54+00:00","dateModified":"2024-01-02T21:39:08+00:00","description":"Con el baumanometro digital de brazo BM 27 la medici\u00f3n es m\u00e1s f\u00e1cil. El control de sujeci\u00f3n del brazal y el aviso autom\u00e1tico ayuda una visi\u00f3n clara de salud","breadcrumb":{"@id":"https:\/\/instamedic.mx\/tienda-medica\/equipo-medico\/diagnostico\/baumanometros\/baumanometros-digitales\/baumanometro-tensiometro-de-brazo-bm-27-beurer\/#breadcrumb"},"inLanguage":"en-US","potentialAction":[{"@type":"ReadAction","target":["https:\/\/instamedic.mx\/tienda-medica\/equipo-medico\/diagnostico\/baumanometros\/baumanometros-digitales\/baumanometro-tensiometro-de-brazo-bm-27-beurer\/"]}]},{"@type":"ImageObject","inLanguage":"en-US","@id":"https:\/\/instamedic.mx\/tienda-medica\/equipo-medico\/diagnostico\/baumanometros\/baumanometros-digitales\/baumanometro-tensiometro-de-brazo-bm-27-beurer\/#primaryimage","url":"https:\/\/instamedic.mx\/wp-content\/uploads\/2021\/10\/Baumanometro-de-brazo-digital-con-deteccion-de-arritmia-y-manguito-universal-beurer-BM27.jpg","contentUrl":"https:\/\/instamedic.mx\/wp-content\/uploads\/2021\/10\/Baumanometro-de-brazo-digital-con-deteccion-de-arritmia-y-manguito-universal-beurer-BM27.jpg","width":800,"height":800,"caption":"Bauman\u00f3metro de brazo digital con detecci\u00f3n de arritmia y manguito universal beurer BM27"},{"@type":"BreadcrumbList","@id":"https:\/\/instamedic.mx\/tienda-medica\/equipo-medico\/diagnostico\/baumanometros\/baumanometros-digitales\/baumanometro-tensiometro-de-brazo-bm-27-beurer\/#breadcrumb","itemListElement":[{"@type":"ListItem","position":1,"name":"Inicio","item":"https:\/\/instamedic.mx\/"},{"@type":"ListItem","position":2,"name":"Tienda m\u00e9dica","item":"https:\/\/instamedic.mx\/tienda-medica\/"},{"@type":"ListItem","position":3,"name":"Bauman\u00f3metro (tensi\u00f3metro) digital de brazo BM 27 Beurer"}]},{"@type":"WebSite","@id":"https:\/\/instamedic.mx\/#website","url":"https:\/\/instamedic.mx\/","name":"INSTAMEDIC","description":"Venta de equipo m\u00e9dico, instrumental y uniformes quirpurgicos","publisher":{"@id":"https:\/\/instamedic.mx\/#organization"},"potentialAction":[{"@type":"SearchAction","target":{"@type":"EntryPoint","urlTemplate":"https:\/\/instamedic.mx\/?s={search_term_string}"},"query-input":"required name=search_term_string"}],"inLanguage":"en-US"},{"@type":"Organization","@id":"https:\/\/instamedic.mx\/#organization","name":"INSTAMEDIC","url":"https:\/\/instamedic.mx\/","logo":{"@type":"ImageObject","inLanguage":"en-US","@id":"https:\/\/instamedic.mx\/#\/schema\/logo\/image\/","url":"https:\/\/instamedic.mx\/wp-content\/uploads\/2024\/02\/Logo-instamedic.png","contentUrl":"https:\/\/instamedic.mx\/wp-content\/uploads\/2024\/02\/Logo-instamedic.png","width":500,"height":500,"caption":"INSTAMEDIC"},"image":{"@id":"https:\/\/instamedic.mx\/#\/schema\/logo\/image\/"},"sameAs":["https:\/\/www.facebook.com\/instamedicmx","https:\/\/www.instagram.com\/instamedic_mx\/"],"email":"info@instamedic.mx","telephone":"8713426247"}]}},"jetpack_sharing_enabled":true,"_links":{"self":[{"href":"https:\/\/instamedic.mx\/en\/wp-json\/wp\/v2\/product\/9526"}],"collection":[{"href":"https:\/\/instamedic.mx\/en\/wp-json\/wp\/v2\/product"}],"about":[{"href":"https:\/\/instamedic.mx\/en\/wp-json\/wp\/v2\/types\/product"}],"replies":[{"embeddable":true,"href":"https:\/\/instamedic.mx\/en\/wp-json\/wp\/v2\/comments?post=9526"}],"version-history":[{"count":9,"href":"https:\/\/instamedic.mx\/en\/wp-json\/wp\/v2\/product\/9526\/revisions"}],"predecessor-version":[{"id":22832,"href":"https:\/\/instamedic.mx\/en\/wp-json\/wp\/v2\/product\/9526\/revisions\/22832"}],"wp:featuredmedia":[{"embeddable":true,"href":"https:\/\/instamedic.mx\/en\/wp-json\/wp\/v2\/media\/9529"}],"wp:attachment":[{"href":"https:\/\/instamedic.mx\/en\/wp-json\/wp\/v2\/media?parent=9526"}],"wp:term":[{"taxonomy":"wpc-collection","embeddable":true,"href":"https:\/\/instamedic.mx\/en\/wp-json\/wp\/v2\/wpc-collection?post=9526"},{"taxonomy":"product_brand","embeddable":true,"href":"https:\/\/instamedic.mx\/en\/wp-json\/wp\/v2\/product_brand?post=9526"},{"taxonomy":"product_cat","embeddable":true,"href":"https:\/\/instamedic.mx\/en\/wp-json\/wp\/v2\/product_cat?post=9526"},{"taxonomy":"product_tag","embeddable":true,"href":"https:\/\/instamedic.mx\/en\/wp-json\/wp\/v2\/product_tag?post=9526"}],"curies":[{"name":"wp","href":"https:\/\/api.w.org\/{rel}","templated":true}]}}