{"id":9790,"date":"2021-11-08T21:11:59","date_gmt":"2021-11-08T21:11:59","guid":{"rendered":"https:\/\/instamedic.mx\/?post_type=product&#038;p=9790"},"modified":"2024-03-20T20:09:49","modified_gmt":"2024-03-20T20:09:49","slug":"mango-para-bisturi-4-largo-h-p","status":"publish","type":"product","link":"https:\/\/instamedic.mx\/en\/tienda-medica\/instrumental-medico\/bisturis\/mango-para-bisturi-4-largo-h-p\/","title":{"rendered":"MANGO PARA BISTURI #4 LARGO H.P."},"content":{"rendered":"<div data-elementor-type=\"wp-post\" data-elementor-id=\"9790\" class=\"elementor elementor-9790\">\n\t\t\t\t<div class=\"elementor-element elementor-element-3b1f900d e-flex e-con-boxed e-con e-parent\" data-id=\"3b1f900d\" data-element_type=\"container\" data-core-v316-plus=\"true\">\n\t\t\t\t\t<div class=\"e-con-inner\">\n\t\t<div class=\"elementor-element elementor-element-1b800d4 e-flex e-con-boxed e-con e-child\" data-id=\"1b800d4\" data-element_type=\"container\">\n\t\t\t\t\t<div class=\"e-con-inner\">\n\t\t<div class=\"elementor-element elementor-element-02ccdb9 e-con-full e-flex e-con e-child\" data-id=\"02ccdb9\" data-element_type=\"container\">\n\t\t\t\t<div class=\"elementor-element elementor-element-236ac882 elementor-widget elementor-widget-text-editor\" data-id=\"236ac882\" data-element_type=\"widget\" data-widget_type=\"text-editor.default\">\n\t\t\t\t<div class=\"elementor-widget-container\">\n\t\t\t<style>\/*! elementor - v3.20.0 - 26-03-2024 *\/\n.elementor-widget-text-editor.elementor-drop-cap-view-stacked .elementor-drop-cap{background-color:#69727d;color:#fff}.elementor-widget-text-editor.elementor-drop-cap-view-framed .elementor-drop-cap{color:#69727d;border:3px solid;background-color:transparent}.elementor-widget-text-editor:not(.elementor-drop-cap-view-default) .elementor-drop-cap{margin-top:8px}.elementor-widget-text-editor:not(.elementor-drop-cap-view-default) .elementor-drop-cap-letter{width:1em;height:1em}.elementor-widget-text-editor .elementor-drop-cap{float:left;text-align:center;line-height:1;font-size:50px}.elementor-widget-text-editor .elementor-drop-cap-letter{display:inline-block}<\/style>\t\t\t\t<h2>Medidas del mango de bistur\u00ed n\u00famero 4<\/h2><ul><li>Longitud:220mm<\/li><li>Ancho del mango 15mm<\/li><li>Ancho del tal\u00f3n 3mm<\/li><li>Largo de la base al tal\u00f3n: 185mm<\/li><\/ul><div>El bitur\u00ed se compone del mango, y del tal\u00f3n (parte que une al mango con la hoja de bistru\u00ed) la punta de este bistur\u00ed es roma y el peso aproximado de todo el bistur\u00ed es de 25 gramos\u00a0<\/div><div>\u00a0<\/div><div><h2>Qu\u00e9 tipo de hojas se utilizan en el Mango para bistur\u00ed n\u00famero 4<\/h2><p>Las hojas que se utilzan s\u00f3n del n\u00famero 20, 21, 22, 23 y 24.<\/p><\/div>\t\t\t\t\t\t<\/div>\n\t\t\t\t<\/div>\n\t\t\t\t<\/div>\n\t\t<div class=\"elementor-element elementor-element-1ac0d36 e-flex e-con-boxed e-con e-child\" data-id=\"1ac0d36\" data-element_type=\"container\">\n\t\t\t\t\t<div class=\"e-con-inner\">\n\t\t\t\t<div class=\"elementor-element elementor-element-1a6c77b elementor-widget elementor-widget-image\" data-id=\"1a6c77b\" data-element_type=\"widget\" data-widget_type=\"image.default\">\n\t\t\t\t<div class=\"elementor-widget-container\">\n\t\t\t<style>\/*! elementor - v3.20.0 - 26-03-2024 *\/\n.elementor-widget-image{text-align:center}.elementor-widget-image a{display:inline-block}.elementor-widget-image a img[src$=\".svg\"]{width:48px}.elementor-widget-image img{vertical-align:middle;display:inline-block}<\/style>\t\t\t\t\t\t\t\t\t\t<img fetchpriority=\"high\" decoding=\"async\" width=\"458\" height=\"458\" src=\"https:\/\/instamedic.mx\/wp-content\/uploads\/2021\/11\/Medidas-mango-de-bisturi-numero-4.webp\" class=\"attachment-large size-large wp-image-23087\" alt=\"Medidas mango de bistur\u00ed numero 4\" \/>\t\t\t\t\t\t\t\t\t\t\t\t\t<\/div>\n\t\t\t\t<\/div>\n\t\t\t\t\t<\/div>\n\t\t\t\t<\/div>\n\t\t\t\t\t<\/div>\n\t\t\t\t<\/div>\n\t\t\t\t\t<\/div>\n\t\t\t\t<\/div>\n\t\t<div class=\"elementor-element elementor-element-3c5e7ef e-flex e-con-boxed e-con e-parent\" data-id=\"3c5e7ef\" data-element_type=\"container\" data-core-v316-plus=\"true\">\n\t\t\t\t\t<div class=\"e-con-inner\">\n\t\t<div class=\"elementor-element elementor-element-fe515a5 e-flex e-con-boxed e-con e-child\" data-id=\"fe515a5\" data-element_type=\"container\">\n\t\t\t\t\t<div class=\"e-con-inner\">\n\t\t<div class=\"elementor-element elementor-element-4c39131 e-flex e-con-boxed e-con e-child\" data-id=\"4c39131\" data-element_type=\"container\">\n\t\t\t\t\t<div class=\"e-con-inner\">\n\t\t\t\t<div class=\"elementor-element elementor-element-d876870 elementor-widget elementor-widget-text-editor\" data-id=\"d876870\" data-element_type=\"widget\" data-widget_type=\"text-editor.default\">\n\t\t\t\t<div class=\"elementor-widget-container\">\n\t\t\t\t\t\t\t<h2>C\u00f3mo se agrega la hoja al mango de bistur\u00ed n\u00famero 4<\/h2><p>La hoja se fija al mango resbalando la hendidura dentro de las muescas del mango. Es importante recordar que para mayor seguridad las <a href=\"https:\/\/instamedic.mx\/en\/product-category\/instrumental-medico\/bisturis\/hojas-de-bisturi\/\">hojas de bistur\u00ed<\/a> deben tomarse con un <a href=\"https:\/\/instamedic.mx\/en\/tienda-medica\/instrumental-medico\/estuche-de-disecciones\/porta-agujas\/\">portaagujas<\/a> de esta manera te proteges de no cortarte, adem\u00e1s al colocar la hoja es importante hacerlo apuntando hacia abajo esto es para evitar lastimar a alguien si es que la hoja saliera volando.<\/p><h2>C\u00f3mo agarrar el bistur\u00ed<\/h2><p>Este bistur\u00ed es de una sola hoja. Existen varias formas de agarrar el bistur\u00ed pero recomendamos sujetarlo con los dos dedos en la base del tal\u00f3n para que tengas un buen agarre y evitar pueda moverse al realizar una incici\u00f3n, normalmente el corte se dirige siempre de la izquierda del operador a su derecha y del punto m\u00e1s lejano al m\u00e1s cercano al operador.<\/p>\t\t\t\t\t\t<\/div>\n\t\t\t\t<\/div>\n\t\t\t\t\t<\/div>\n\t\t\t\t<\/div>\n\t\t<div class=\"elementor-element elementor-element-d287ee2 e-flex e-con-boxed e-con e-child\" data-id=\"d287ee2\" data-element_type=\"container\">\n\t\t\t\t\t<div class=\"e-con-inner\">\n\t\t\t\t<div class=\"elementor-element elementor-element-eb6bf94 elementor-widget elementor-widget-video\" data-id=\"eb6bf94\" data-element_type=\"widget\" data-settings=\"{&quot;video_type&quot;:&quot;hosted&quot;,&quot;controls&quot;:&quot;yes&quot;}\" data-widget_type=\"video.default\">\n\t\t\t\t<div class=\"elementor-widget-container\">\n\t\t\t<style>\/*! elementor - v3.20.0 - 26-03-2024 *\/\n.elementor-widget-video .elementor-widget-container{overflow:hidden;transform:translateZ(0)}.elementor-widget-video .elementor-wrapper{aspect-ratio:var(--video-aspect-ratio)}.elementor-widget-video .elementor-wrapper iframe,.elementor-widget-video .elementor-wrapper video{height:100%;width:100%;display:flex;border:none;background-color:#000}@supports not (aspect-ratio:1\/1){.elementor-widget-video .elementor-wrapper{position:relative;overflow:hidden;height:0;padding-bottom:calc(100% \/ var(--video-aspect-ratio))}.elementor-widget-video .elementor-wrapper iframe,.elementor-widget-video .elementor-wrapper video{position:absolute;top:0;right:0;bottom:0;left:0}}.elementor-widget-video .elementor-open-inline .elementor-custom-embed-image-overlay{position:absolute;top:0;right:0;bottom:0;left:0;background-size:cover;background-position:50%}.elementor-widget-video .elementor-custom-embed-image-overlay{cursor:pointer;text-align:center}.elementor-widget-video .elementor-custom-embed-image-overlay:hover .elementor-custom-embed-play i{opacity:1}.elementor-widget-video .elementor-custom-embed-image-overlay img{display:block;width:100%;aspect-ratio:var(--video-aspect-ratio);-o-object-fit:cover;object-fit:cover;-o-object-position:center center;object-position:center center}@supports not (aspect-ratio:1\/1){.elementor-widget-video .elementor-custom-embed-image-overlay{position:relative;overflow:hidden;height:0;padding-bottom:calc(100% \/ var(--video-aspect-ratio))}.elementor-widget-video .elementor-custom-embed-image-overlay img{position:absolute;top:0;right:0;bottom:0;left:0}}.elementor-widget-video .e-hosted-video .elementor-video{-o-object-fit:cover;object-fit:cover}.e-con-inner>.elementor-widget-video,.e-con>.elementor-widget-video{width:var(--container-widget-width);--flex-grow:var(--container-widget-flex-grow)}<\/style>\t\t<div class=\"e-hosted-video elementor-wrapper elementor-open-inline\">\n\t\t\t\t\t<video class=\"elementor-video\" src=\"https:\/\/instamedic.mx\/wp-content\/uploads\/2021\/11\/Como-montar-en-un-mango-de-bisturi-una-hoja-de-bisturi.mp4\" controls=\"\" preload=\"metadata\" controlslist=\"nodownload\"><\/video>\n\t\t\t\t<\/div>\n\t\t\t\t<\/div>\n\t\t\t\t<\/div>\n\t\t\t\t\t<\/div>\n\t\t\t\t<\/div>\n\t\t\t\t\t<\/div>\n\t\t\t\t<\/div>\n\t\t\t\t\t<\/div>\n\t\t\t\t<\/div>\n\t\t<div class=\"elementor-element elementor-element-9b9f63f e-flex e-con-boxed e-con e-parent\" data-id=\"9b9f63f\" data-element_type=\"container\" data-core-v316-plus=\"true\">\n\t\t\t\t\t<div class=\"e-con-inner\">\n\t\t\t\t\t<\/div>\n\t\t\t\t<\/div>\n\t\t\t\t<\/div>","protected":false},"excerpt":{"rendered":"<h2 style=\"font-size: 18px;\">Mango para bistur\u00ed largo #4<\/h2>\n<p>El uso de este bistur\u00ed es para realizar todo tipo de inciciones finas<\/p>\n<h3 style=\"font-size: 18px;\">Caracteristicas del mango de bistur\u00ed n\u00famero 4<\/h3>\n<ul>\n<li>Fabricado en Acero Alem\u00e1n inoxidable<\/li>\n<li>Tipo de punta: Roma<\/li>\n<li>Requiere Hojas del No 20 al 25<\/li>\n<li>Longitud 220mm<\/li>\n<\/ul>\n<p>&nbsp;<\/p>","protected":false},"featured_media":9803,"comment_status":"open","ping_status":"closed","template":"","meta":[],"wpc-collection":[],"product_brand":[691],"product_cat":[501,516],"product_tag":[515,772,794,503,797,509,796],"yoast_head":"<!-- This site is optimized with the Yoast SEO Premium plugin v22.3 (Yoast SEO v22.4) - https:\/\/yoast.com\/wordpress\/plugins\/seo\/ -->\n<title>\u25b7 MANGO PARA BISTURI #4 LARGO H.P. | MEJOR PRECIO<\/title>\n<meta name=\"description\" content=\"Mango de bistur\u00ed n\u00famero 4 para todo tipo de incisiones. Las hojas para el bistur\u00ed 4 son n\u00famero 20, 21, 22, 23 y 24. Fabricado en Acero inoxidable alem\u00e1n.\" \/>\n<meta name=\"robots\" content=\"index, follow, max-snippet:-1, max-image-preview:large, max-video-preview:-1\" \/>\n<link rel=\"canonical\" href=\"https:\/\/instamedic.mx\/en\/tienda-medica\/instrumental-medico\/bisturis\/mango-para-bisturi-4-largo-h-p\/\" \/>\n<meta property=\"og:locale\" content=\"en_US\" \/>\n<meta property=\"og:type\" content=\"article\" \/>\n<meta property=\"og:title\" content=\"MANGO PARA BISTURI #4 LARGO H.P.\" \/>\n<meta property=\"og:description\" content=\"Mango de bistur\u00ed n\u00famero 4 para todo tipo de incisiones. Las hojas para el bistur\u00ed 4 son n\u00famero 20, 21, 22, 23 y 24. Fabricado en Acero inoxidable alem\u00e1n.\" \/>\n<meta property=\"og:url\" content=\"https:\/\/instamedic.mx\/en\/tienda-medica\/instrumental-medico\/bisturis\/mango-para-bisturi-4-largo-h-p\/\" \/>\n<meta property=\"og:site_name\" content=\"Instamedic\" \/>\n<meta property=\"article:publisher\" content=\"https:\/\/www.facebook.com\/instamedicmx\" \/>\n<meta property=\"article:modified_time\" content=\"2024-03-20T20:09:49+00:00\" \/>\n<meta property=\"og:image\" content=\"https:\/\/instamedic.mx\/wp-content\/uploads\/2021\/11\/Mango-de-bisturi-no-4-para-hojas-del-no-20_-21_-22_-23_-24..jpg\" \/>\n\t<meta property=\"og:image:width\" content=\"800\" \/>\n\t<meta property=\"og:image:height\" content=\"800\" \/>\n\t<meta property=\"og:image:type\" content=\"image\/jpeg\" \/>\n<meta name=\"twitter:card\" content=\"summary_large_image\" \/>\n<meta name=\"twitter:label1\" content=\"Est. reading time\" \/>\n\t<meta name=\"twitter:data1\" content=\"2 minutes\" \/>\n<script type=\"application\/ld+json\" class=\"yoast-schema-graph\">{\"@context\":\"https:\/\/schema.org\",\"@graph\":[{\"@type\":\"WebPage\",\"@id\":\"https:\/\/instamedic.mx\/tienda-medica\/instrumental-medico\/bisturis\/mango-para-bisturi-4-largo-h-p\/\",\"url\":\"https:\/\/instamedic.mx\/tienda-medica\/instrumental-medico\/bisturis\/mango-para-bisturi-4-largo-h-p\/\",\"name\":\"\u25b7 MANGO PARA BISTURI #4 LARGO H.P. | MEJOR PRECIO\",\"isPartOf\":{\"@id\":\"https:\/\/instamedic.mx\/#website\"},\"primaryImageOfPage\":{\"@id\":\"https:\/\/instamedic.mx\/tienda-medica\/instrumental-medico\/bisturis\/mango-para-bisturi-4-largo-h-p\/#primaryimage\"},\"image\":{\"@id\":\"https:\/\/instamedic.mx\/tienda-medica\/instrumental-medico\/bisturis\/mango-para-bisturi-4-largo-h-p\/#primaryimage\"},\"thumbnailUrl\":\"https:\/\/instamedic.mx\/wp-content\/uploads\/2021\/11\/Mango-de-bisturi-no-4-para-hojas-del-no-20_-21_-22_-23_-24..jpg\",\"datePublished\":\"2021-11-08T21:11:59+00:00\",\"dateModified\":\"2024-03-20T20:09:49+00:00\",\"description\":\"Mango de bistur\u00ed n\u00famero 4 para todo tipo de incisiones. Las hojas para el bistur\u00ed 4 son n\u00famero 20, 21, 22, 23 y 24. Fabricado en Acero inoxidable alem\u00e1n.\",\"breadcrumb\":{\"@id\":\"https:\/\/instamedic.mx\/tienda-medica\/instrumental-medico\/bisturis\/mango-para-bisturi-4-largo-h-p\/#breadcrumb\"},\"inLanguage\":\"en-US\",\"potentialAction\":[{\"@type\":\"ReadAction\",\"target\":[\"https:\/\/instamedic.mx\/tienda-medica\/instrumental-medico\/bisturis\/mango-para-bisturi-4-largo-h-p\/\"]}]},{\"@type\":\"ImageObject\",\"inLanguage\":\"en-US\",\"@id\":\"https:\/\/instamedic.mx\/tienda-medica\/instrumental-medico\/bisturis\/mango-para-bisturi-4-largo-h-p\/#primaryimage\",\"url\":\"https:\/\/instamedic.mx\/wp-content\/uploads\/2021\/11\/Mango-de-bisturi-no-4-para-hojas-del-no-20_-21_-22_-23_-24..jpg\",\"contentUrl\":\"https:\/\/instamedic.mx\/wp-content\/uploads\/2021\/11\/Mango-de-bisturi-no-4-para-hojas-del-no-20_-21_-22_-23_-24..jpg\",\"width\":800,\"height\":800,\"caption\":\"Mango-de-bisturi-no-4-para-hojas-del-n\u00ba-20_-21_-22_-23_-24.\"},{\"@type\":\"BreadcrumbList\",\"@id\":\"https:\/\/instamedic.mx\/tienda-medica\/instrumental-medico\/bisturis\/mango-para-bisturi-4-largo-h-p\/#breadcrumb\",\"itemListElement\":[{\"@type\":\"ListItem\",\"position\":1,\"name\":\"Inicio\",\"item\":\"https:\/\/instamedic.mx\/\"},{\"@type\":\"ListItem\",\"position\":2,\"name\":\"Tienda m\u00e9dica\",\"item\":\"https:\/\/instamedic.mx\/tienda-medica\/\"},{\"@type\":\"ListItem\",\"position\":3,\"name\":\"MANGO PARA BISTURI #4 LARGO H.P.\"}]},{\"@type\":\"WebSite\",\"@id\":\"https:\/\/instamedic.mx\/#website\",\"url\":\"https:\/\/instamedic.mx\/\",\"name\":\"INSTAMEDIC\",\"description\":\"Venta de equipo m\u00e9dico, instrumental y uniformes quirpurgicos\",\"publisher\":{\"@id\":\"https:\/\/instamedic.mx\/#organization\"},\"potentialAction\":[{\"@type\":\"SearchAction\",\"target\":{\"@type\":\"EntryPoint\",\"urlTemplate\":\"https:\/\/instamedic.mx\/?s={search_term_string}\"},\"query-input\":\"required name=search_term_string\"}],\"inLanguage\":\"en-US\"},{\"@type\":\"Organization\",\"@id\":\"https:\/\/instamedic.mx\/#organization\",\"name\":\"INSTAMEDIC\",\"url\":\"https:\/\/instamedic.mx\/\",\"logo\":{\"@type\":\"ImageObject\",\"inLanguage\":\"en-US\",\"@id\":\"https:\/\/instamedic.mx\/#\/schema\/logo\/image\/\",\"url\":\"https:\/\/instamedic.mx\/wp-content\/uploads\/2024\/02\/Logo-instamedic.png\",\"contentUrl\":\"https:\/\/instamedic.mx\/wp-content\/uploads\/2024\/02\/Logo-instamedic.png\",\"width\":500,\"height\":500,\"caption\":\"INSTAMEDIC\"},\"image\":{\"@id\":\"https:\/\/instamedic.mx\/#\/schema\/logo\/image\/\"},\"sameAs\":[\"https:\/\/www.facebook.com\/instamedicmx\",\"https:\/\/www.instagram.com\/instamedic_mx\/\"],\"email\":\"info@instamedic.mx\",\"telephone\":\"8713426247\"}]}<\/script>\n<!-- \/ Yoast SEO Premium plugin. -->","yoast_head_json":{"title":"\u25b7 MANGO PARA BISTURI #4 LARGO H.P. | MEJOR PRECIO","description":"Mango de bistur\u00ed n\u00famero 4 para todo tipo de incisiones. Las hojas para el bistur\u00ed 4 son n\u00famero 20, 21, 22, 23 y 24. Fabricado en Acero inoxidable alem\u00e1n.","robots":{"index":"index","follow":"follow","max-snippet":"max-snippet:-1","max-image-preview":"max-image-preview:large","max-video-preview":"max-video-preview:-1"},"canonical":"https:\/\/instamedic.mx\/en\/tienda-medica\/instrumental-medico\/bisturis\/mango-para-bisturi-4-largo-h-p\/","og_locale":"en_US","og_type":"article","og_title":"MANGO PARA BISTURI #4 LARGO H.P.","og_description":"Mango de bistur\u00ed n\u00famero 4 para todo tipo de incisiones. Las hojas para el bistur\u00ed 4 son n\u00famero 20, 21, 22, 23 y 24. Fabricado en Acero inoxidable alem\u00e1n.","og_url":"https:\/\/instamedic.mx\/en\/tienda-medica\/instrumental-medico\/bisturis\/mango-para-bisturi-4-largo-h-p\/","og_site_name":"Instamedic","article_publisher":"https:\/\/www.facebook.com\/instamedicmx","article_modified_time":"2024-03-20T20:09:49+00:00","og_image":[{"width":800,"height":800,"url":"https:\/\/instamedic.mx\/wp-content\/uploads\/2021\/11\/Mango-de-bisturi-no-4-para-hojas-del-no-20_-21_-22_-23_-24..jpg","type":"image\/jpeg"}],"twitter_card":"summary_large_image","twitter_misc":{"Est. reading time":"2 minutes"},"schema":{"@context":"https:\/\/schema.org","@graph":[{"@type":"WebPage","@id":"https:\/\/instamedic.mx\/tienda-medica\/instrumental-medico\/bisturis\/mango-para-bisturi-4-largo-h-p\/","url":"https:\/\/instamedic.mx\/tienda-medica\/instrumental-medico\/bisturis\/mango-para-bisturi-4-largo-h-p\/","name":"\u25b7 MANGO PARA BISTURI #4 LARGO H.P. | MEJOR PRECIO","isPartOf":{"@id":"https:\/\/instamedic.mx\/#website"},"primaryImageOfPage":{"@id":"https:\/\/instamedic.mx\/tienda-medica\/instrumental-medico\/bisturis\/mango-para-bisturi-4-largo-h-p\/#primaryimage"},"image":{"@id":"https:\/\/instamedic.mx\/tienda-medica\/instrumental-medico\/bisturis\/mango-para-bisturi-4-largo-h-p\/#primaryimage"},"thumbnailUrl":"https:\/\/instamedic.mx\/wp-content\/uploads\/2021\/11\/Mango-de-bisturi-no-4-para-hojas-del-no-20_-21_-22_-23_-24..jpg","datePublished":"2021-11-08T21:11:59+00:00","dateModified":"2024-03-20T20:09:49+00:00","description":"Mango de bistur\u00ed n\u00famero 4 para todo tipo de incisiones. Las hojas para el bistur\u00ed 4 son n\u00famero 20, 21, 22, 23 y 24. Fabricado en Acero inoxidable alem\u00e1n.","breadcrumb":{"@id":"https:\/\/instamedic.mx\/tienda-medica\/instrumental-medico\/bisturis\/mango-para-bisturi-4-largo-h-p\/#breadcrumb"},"inLanguage":"en-US","potentialAction":[{"@type":"ReadAction","target":["https:\/\/instamedic.mx\/tienda-medica\/instrumental-medico\/bisturis\/mango-para-bisturi-4-largo-h-p\/"]}]},{"@type":"ImageObject","inLanguage":"en-US","@id":"https:\/\/instamedic.mx\/tienda-medica\/instrumental-medico\/bisturis\/mango-para-bisturi-4-largo-h-p\/#primaryimage","url":"https:\/\/instamedic.mx\/wp-content\/uploads\/2021\/11\/Mango-de-bisturi-no-4-para-hojas-del-no-20_-21_-22_-23_-24..jpg","contentUrl":"https:\/\/instamedic.mx\/wp-content\/uploads\/2021\/11\/Mango-de-bisturi-no-4-para-hojas-del-no-20_-21_-22_-23_-24..jpg","width":800,"height":800,"caption":"Mango-de-bisturi-no-4-para-hojas-del-n\u00ba-20_-21_-22_-23_-24."},{"@type":"BreadcrumbList","@id":"https:\/\/instamedic.mx\/tienda-medica\/instrumental-medico\/bisturis\/mango-para-bisturi-4-largo-h-p\/#breadcrumb","itemListElement":[{"@type":"ListItem","position":1,"name":"Inicio","item":"https:\/\/instamedic.mx\/"},{"@type":"ListItem","position":2,"name":"Tienda m\u00e9dica","item":"https:\/\/instamedic.mx\/tienda-medica\/"},{"@type":"ListItem","position":3,"name":"MANGO PARA BISTURI #4 LARGO H.P."}]},{"@type":"WebSite","@id":"https:\/\/instamedic.mx\/#website","url":"https:\/\/instamedic.mx\/","name":"INSTAMEDIC","description":"Venta de equipo m\u00e9dico, instrumental y uniformes quirpurgicos","publisher":{"@id":"https:\/\/instamedic.mx\/#organization"},"potentialAction":[{"@type":"SearchAction","target":{"@type":"EntryPoint","urlTemplate":"https:\/\/instamedic.mx\/?s={search_term_string}"},"query-input":"required name=search_term_string"}],"inLanguage":"en-US"},{"@type":"Organization","@id":"https:\/\/instamedic.mx\/#organization","name":"INSTAMEDIC","url":"https:\/\/instamedic.mx\/","logo":{"@type":"ImageObject","inLanguage":"en-US","@id":"https:\/\/instamedic.mx\/#\/schema\/logo\/image\/","url":"https:\/\/instamedic.mx\/wp-content\/uploads\/2024\/02\/Logo-instamedic.png","contentUrl":"https:\/\/instamedic.mx\/wp-content\/uploads\/2024\/02\/Logo-instamedic.png","width":500,"height":500,"caption":"INSTAMEDIC"},"image":{"@id":"https:\/\/instamedic.mx\/#\/schema\/logo\/image\/"},"sameAs":["https:\/\/www.facebook.com\/instamedicmx","https:\/\/www.instagram.com\/instamedic_mx\/"],"email":"info@instamedic.mx","telephone":"8713426247"}]}},"jetpack_sharing_enabled":true,"_links":{"self":[{"href":"https:\/\/instamedic.mx\/en\/wp-json\/wp\/v2\/product\/9790"}],"collection":[{"href":"https:\/\/instamedic.mx\/en\/wp-json\/wp\/v2\/product"}],"about":[{"href":"https:\/\/instamedic.mx\/en\/wp-json\/wp\/v2\/types\/product"}],"replies":[{"embeddable":true,"href":"https:\/\/instamedic.mx\/en\/wp-json\/wp\/v2\/comments?post=9790"}],"version-history":[{"count":13,"href":"https:\/\/instamedic.mx\/en\/wp-json\/wp\/v2\/product\/9790\/revisions"}],"predecessor-version":[{"id":23103,"href":"https:\/\/instamedic.mx\/en\/wp-json\/wp\/v2\/product\/9790\/revisions\/23103"}],"wp:featuredmedia":[{"embeddable":true,"href":"https:\/\/instamedic.mx\/en\/wp-json\/wp\/v2\/media\/9803"}],"wp:attachment":[{"href":"https:\/\/instamedic.mx\/en\/wp-json\/wp\/v2\/media?parent=9790"}],"wp:term":[{"taxonomy":"wpc-collection","embeddable":true,"href":"https:\/\/instamedic.mx\/en\/wp-json\/wp\/v2\/wpc-collection?post=9790"},{"taxonomy":"product_brand","embeddable":true,"href":"https:\/\/instamedic.mx\/en\/wp-json\/wp\/v2\/product_brand?post=9790"},{"taxonomy":"product_cat","embeddable":true,"href":"https:\/\/instamedic.mx\/en\/wp-json\/wp\/v2\/product_cat?post=9790"},{"taxonomy":"product_tag","embeddable":true,"href":"https:\/\/instamedic.mx\/en\/wp-json\/wp\/v2\/product_tag?post=9790"}],"curies":[{"name":"wp","href":"https:\/\/api.w.org\/{rel}","templated":true}]}}