{"id":9831,"date":"2021-11-10T03:05:23","date_gmt":"2021-11-10T03:05:23","guid":{"rendered":"https:\/\/instamedic.mx\/?post_type=product&#038;p=9831"},"modified":"2023-09-15T18:51:05","modified_gmt":"2023-09-15T18:51:05","slug":"hoja-de-bisturi-acero-inoxidable-21-caja-c-100-piezas","status":"publish","type":"product","link":"https:\/\/instamedic.mx\/en\/tienda-medica\/instrumental-medico\/bisturis\/hoja-de-bisturi-acero-inoxidable-21-caja-c-100-piezas\/","title":{"rendered":"Hoja de bistur\u00ed acero inoxidable # 21 Caja C\/100 piezas"},"content":{"rendered":"<section class=\"page-product-box\">\n<div class=\"rte\">\n<p>Las hojas para bistur\u00ed est\u00e1n empacadas en una envoltura de aluminio unida herm\u00e9ticamente a trav\u00e9s de calor y presi\u00f3n; el empacado se efect\u00faa en condiciones ambientales controladas de humedad y temperatura, por lo que, dentro del empaque se crea una atm\u00f3sfera que no permite el paso de la humedad hacia el interior lo que elimina la posibilidad de oxidaci\u00f3n.<\/p>\n<p>Las hojas de bistur\u00ed intercambiables se fabrican con una ranura en su centro de una forma espec\u00edfica para que encaje en el mango, y se distinguen por su numeraci\u00f3n que est\u00e1 de acuerdo a su forma.<\/p>\n<\/div>\n<\/section>","protected":false},"excerpt":{"rendered":"<p>Hoja de bistur\u00ed acero inoxidable # 23 Caja C\/100 piezas<\/p>","protected":false},"featured_media":9832,"comment_status":"open","ping_status":"closed","template":"","meta":[],"wpc-collection":[],"product_brand":[],"product_cat":[501,518],"product_tag":[525,503,521,124,520],"yoast_head":"<!-- This site is optimized with the Yoast SEO Premium plugin v22.3 (Yoast SEO v22.4) - https:\/\/yoast.com\/wordpress\/plugins\/seo\/ -->\n<title>Hoja de bistur\u00ed acero inoxidable # 21 Caja C\/100 piezas<\/title>\n<meta name=\"robots\" content=\"index, follow, max-snippet:-1, max-image-preview:large, max-video-preview:-1\" \/>\n<link rel=\"canonical\" href=\"https:\/\/instamedic.mx\/en\/tienda-medica\/instrumental-medico\/bisturis\/hoja-de-bisturi-acero-inoxidable-21-caja-c-100-piezas\/\" \/>\n<meta property=\"og:locale\" content=\"en_US\" \/>\n<meta property=\"og:type\" content=\"article\" \/>\n<meta property=\"og:title\" content=\"Hoja de bistur\u00ed acero inoxidable # 21 Caja C\/100 piezas\" \/>\n<meta property=\"og:description\" content=\"Hoja de bistur\u00ed acero inoxidable # 23 Caja C\/100 piezas\" \/>\n<meta property=\"og:url\" content=\"https:\/\/instamedic.mx\/en\/tienda-medica\/instrumental-medico\/bisturis\/hoja-de-bisturi-acero-inoxidable-21-caja-c-100-piezas\/\" \/>\n<meta property=\"og:site_name\" content=\"Instamedic\" \/>\n<meta property=\"article:publisher\" content=\"https:\/\/www.facebook.com\/instamedicmx\" \/>\n<meta property=\"article:modified_time\" content=\"2023-09-15T18:51:05+00:00\" \/>\n<meta property=\"og:image\" content=\"https:\/\/instamedic.mx\/wp-content\/uploads\/2021\/11\/Hoja-de-bisturi-numero-21-para-mango-de-bisturi-numero-4.jpeg\" \/>\n\t<meta property=\"og:image:width\" content=\"800\" \/>\n\t<meta property=\"og:image:height\" content=\"800\" \/>\n\t<meta property=\"og:image:type\" content=\"image\/jpeg\" \/>\n<meta name=\"twitter:card\" content=\"summary_large_image\" \/>\n<meta name=\"twitter:label1\" content=\"Est. reading time\" \/>\n\t<meta name=\"twitter:data1\" content=\"1 minute\" \/>\n<script type=\"application\/ld+json\" class=\"yoast-schema-graph\">{\"@context\":\"https:\/\/schema.org\",\"@graph\":[{\"@type\":\"WebPage\",\"@id\":\"https:\/\/instamedic.mx\/tienda-medica\/instrumental-medico\/bisturis\/hoja-de-bisturi-acero-inoxidable-21-caja-c-100-piezas\/\",\"url\":\"https:\/\/instamedic.mx\/tienda-medica\/instrumental-medico\/bisturis\/hoja-de-bisturi-acero-inoxidable-21-caja-c-100-piezas\/\",\"name\":\"Hoja de bistur\u00ed acero inoxidable # 21 Caja C\/100 piezas\",\"isPartOf\":{\"@id\":\"https:\/\/instamedic.mx\/#website\"},\"primaryImageOfPage\":{\"@id\":\"https:\/\/instamedic.mx\/tienda-medica\/instrumental-medico\/bisturis\/hoja-de-bisturi-acero-inoxidable-21-caja-c-100-piezas\/#primaryimage\"},\"image\":{\"@id\":\"https:\/\/instamedic.mx\/tienda-medica\/instrumental-medico\/bisturis\/hoja-de-bisturi-acero-inoxidable-21-caja-c-100-piezas\/#primaryimage\"},\"thumbnailUrl\":\"https:\/\/instamedic.mx\/wp-content\/uploads\/2021\/11\/Hoja-de-bisturi-numero-21-para-mango-de-bisturi-numero-4.jpeg\",\"datePublished\":\"2021-11-10T03:05:23+00:00\",\"dateModified\":\"2023-09-15T18:51:05+00:00\",\"breadcrumb\":{\"@id\":\"https:\/\/instamedic.mx\/tienda-medica\/instrumental-medico\/bisturis\/hoja-de-bisturi-acero-inoxidable-21-caja-c-100-piezas\/#breadcrumb\"},\"inLanguage\":\"en-US\",\"potentialAction\":[{\"@type\":\"ReadAction\",\"target\":[\"https:\/\/instamedic.mx\/tienda-medica\/instrumental-medico\/bisturis\/hoja-de-bisturi-acero-inoxidable-21-caja-c-100-piezas\/\"]}]},{\"@type\":\"ImageObject\",\"inLanguage\":\"en-US\",\"@id\":\"https:\/\/instamedic.mx\/tienda-medica\/instrumental-medico\/bisturis\/hoja-de-bisturi-acero-inoxidable-21-caja-c-100-piezas\/#primaryimage\",\"url\":\"https:\/\/instamedic.mx\/wp-content\/uploads\/2021\/11\/Hoja-de-bisturi-numero-21-para-mango-de-bisturi-numero-4.jpeg\",\"contentUrl\":\"https:\/\/instamedic.mx\/wp-content\/uploads\/2021\/11\/Hoja-de-bisturi-numero-21-para-mango-de-bisturi-numero-4.jpeg\",\"width\":800,\"height\":800},{\"@type\":\"BreadcrumbList\",\"@id\":\"https:\/\/instamedic.mx\/tienda-medica\/instrumental-medico\/bisturis\/hoja-de-bisturi-acero-inoxidable-21-caja-c-100-piezas\/#breadcrumb\",\"itemListElement\":[{\"@type\":\"ListItem\",\"position\":1,\"name\":\"Inicio\",\"item\":\"https:\/\/instamedic.mx\/\"},{\"@type\":\"ListItem\",\"position\":2,\"name\":\"Tienda m\u00e9dica\",\"item\":\"https:\/\/instamedic.mx\/tienda-medica\/\"},{\"@type\":\"ListItem\",\"position\":3,\"name\":\"Hoja de bistur\u00ed acero inoxidable # 21 Caja C\/100 piezas\"}]},{\"@type\":\"WebSite\",\"@id\":\"https:\/\/instamedic.mx\/#website\",\"url\":\"https:\/\/instamedic.mx\/\",\"name\":\"INSTAMEDIC\",\"description\":\"Venta de equipo m\u00e9dico, instrumental y uniformes quirpurgicos\",\"publisher\":{\"@id\":\"https:\/\/instamedic.mx\/#organization\"},\"potentialAction\":[{\"@type\":\"SearchAction\",\"target\":{\"@type\":\"EntryPoint\",\"urlTemplate\":\"https:\/\/instamedic.mx\/?s={search_term_string}\"},\"query-input\":\"required name=search_term_string\"}],\"inLanguage\":\"en-US\"},{\"@type\":\"Organization\",\"@id\":\"https:\/\/instamedic.mx\/#organization\",\"name\":\"INSTAMEDIC\",\"url\":\"https:\/\/instamedic.mx\/\",\"logo\":{\"@type\":\"ImageObject\",\"inLanguage\":\"en-US\",\"@id\":\"https:\/\/instamedic.mx\/#\/schema\/logo\/image\/\",\"url\":\"https:\/\/instamedic.mx\/wp-content\/uploads\/2024\/02\/Logo-instamedic.png\",\"contentUrl\":\"https:\/\/instamedic.mx\/wp-content\/uploads\/2024\/02\/Logo-instamedic.png\",\"width\":500,\"height\":500,\"caption\":\"INSTAMEDIC\"},\"image\":{\"@id\":\"https:\/\/instamedic.mx\/#\/schema\/logo\/image\/\"},\"sameAs\":[\"https:\/\/www.facebook.com\/instamedicmx\",\"https:\/\/www.instagram.com\/instamedic_mx\/\"],\"email\":\"info@instamedic.mx\",\"telephone\":\"8713426247\"}]}<\/script>\n<!-- \/ Yoast SEO Premium plugin. -->","yoast_head_json":{"title":"Hoja de bistur\u00ed acero inoxidable # 21 Caja C\/100 piezas","robots":{"index":"index","follow":"follow","max-snippet":"max-snippet:-1","max-image-preview":"max-image-preview:large","max-video-preview":"max-video-preview:-1"},"canonical":"https:\/\/instamedic.mx\/en\/tienda-medica\/instrumental-medico\/bisturis\/hoja-de-bisturi-acero-inoxidable-21-caja-c-100-piezas\/","og_locale":"en_US","og_type":"article","og_title":"Hoja de bistur\u00ed acero inoxidable # 21 Caja C\/100 piezas","og_description":"Hoja de bistur\u00ed acero inoxidable # 23 Caja C\/100 piezas","og_url":"https:\/\/instamedic.mx\/en\/tienda-medica\/instrumental-medico\/bisturis\/hoja-de-bisturi-acero-inoxidable-21-caja-c-100-piezas\/","og_site_name":"Instamedic","article_publisher":"https:\/\/www.facebook.com\/instamedicmx","article_modified_time":"2023-09-15T18:51:05+00:00","og_image":[{"width":800,"height":800,"url":"https:\/\/instamedic.mx\/wp-content\/uploads\/2021\/11\/Hoja-de-bisturi-numero-21-para-mango-de-bisturi-numero-4.jpeg","type":"image\/jpeg"}],"twitter_card":"summary_large_image","twitter_misc":{"Est. reading time":"1 minute"},"schema":{"@context":"https:\/\/schema.org","@graph":[{"@type":"WebPage","@id":"https:\/\/instamedic.mx\/tienda-medica\/instrumental-medico\/bisturis\/hoja-de-bisturi-acero-inoxidable-21-caja-c-100-piezas\/","url":"https:\/\/instamedic.mx\/tienda-medica\/instrumental-medico\/bisturis\/hoja-de-bisturi-acero-inoxidable-21-caja-c-100-piezas\/","name":"Hoja de bistur\u00ed acero inoxidable # 21 Caja C\/100 piezas","isPartOf":{"@id":"https:\/\/instamedic.mx\/#website"},"primaryImageOfPage":{"@id":"https:\/\/instamedic.mx\/tienda-medica\/instrumental-medico\/bisturis\/hoja-de-bisturi-acero-inoxidable-21-caja-c-100-piezas\/#primaryimage"},"image":{"@id":"https:\/\/instamedic.mx\/tienda-medica\/instrumental-medico\/bisturis\/hoja-de-bisturi-acero-inoxidable-21-caja-c-100-piezas\/#primaryimage"},"thumbnailUrl":"https:\/\/instamedic.mx\/wp-content\/uploads\/2021\/11\/Hoja-de-bisturi-numero-21-para-mango-de-bisturi-numero-4.jpeg","datePublished":"2021-11-10T03:05:23+00:00","dateModified":"2023-09-15T18:51:05+00:00","breadcrumb":{"@id":"https:\/\/instamedic.mx\/tienda-medica\/instrumental-medico\/bisturis\/hoja-de-bisturi-acero-inoxidable-21-caja-c-100-piezas\/#breadcrumb"},"inLanguage":"en-US","potentialAction":[{"@type":"ReadAction","target":["https:\/\/instamedic.mx\/tienda-medica\/instrumental-medico\/bisturis\/hoja-de-bisturi-acero-inoxidable-21-caja-c-100-piezas\/"]}]},{"@type":"ImageObject","inLanguage":"en-US","@id":"https:\/\/instamedic.mx\/tienda-medica\/instrumental-medico\/bisturis\/hoja-de-bisturi-acero-inoxidable-21-caja-c-100-piezas\/#primaryimage","url":"https:\/\/instamedic.mx\/wp-content\/uploads\/2021\/11\/Hoja-de-bisturi-numero-21-para-mango-de-bisturi-numero-4.jpeg","contentUrl":"https:\/\/instamedic.mx\/wp-content\/uploads\/2021\/11\/Hoja-de-bisturi-numero-21-para-mango-de-bisturi-numero-4.jpeg","width":800,"height":800},{"@type":"BreadcrumbList","@id":"https:\/\/instamedic.mx\/tienda-medica\/instrumental-medico\/bisturis\/hoja-de-bisturi-acero-inoxidable-21-caja-c-100-piezas\/#breadcrumb","itemListElement":[{"@type":"ListItem","position":1,"name":"Inicio","item":"https:\/\/instamedic.mx\/"},{"@type":"ListItem","position":2,"name":"Tienda m\u00e9dica","item":"https:\/\/instamedic.mx\/tienda-medica\/"},{"@type":"ListItem","position":3,"name":"Hoja de bistur\u00ed acero inoxidable # 21 Caja C\/100 piezas"}]},{"@type":"WebSite","@id":"https:\/\/instamedic.mx\/#website","url":"https:\/\/instamedic.mx\/","name":"INSTAMEDIC","description":"Venta de equipo m\u00e9dico, instrumental y uniformes quirpurgicos","publisher":{"@id":"https:\/\/instamedic.mx\/#organization"},"potentialAction":[{"@type":"SearchAction","target":{"@type":"EntryPoint","urlTemplate":"https:\/\/instamedic.mx\/?s={search_term_string}"},"query-input":"required name=search_term_string"}],"inLanguage":"en-US"},{"@type":"Organization","@id":"https:\/\/instamedic.mx\/#organization","name":"INSTAMEDIC","url":"https:\/\/instamedic.mx\/","logo":{"@type":"ImageObject","inLanguage":"en-US","@id":"https:\/\/instamedic.mx\/#\/schema\/logo\/image\/","url":"https:\/\/instamedic.mx\/wp-content\/uploads\/2024\/02\/Logo-instamedic.png","contentUrl":"https:\/\/instamedic.mx\/wp-content\/uploads\/2024\/02\/Logo-instamedic.png","width":500,"height":500,"caption":"INSTAMEDIC"},"image":{"@id":"https:\/\/instamedic.mx\/#\/schema\/logo\/image\/"},"sameAs":["https:\/\/www.facebook.com\/instamedicmx","https:\/\/www.instagram.com\/instamedic_mx\/"],"email":"info@instamedic.mx","telephone":"8713426247"}]}},"jetpack_sharing_enabled":true,"_links":{"self":[{"href":"https:\/\/instamedic.mx\/en\/wp-json\/wp\/v2\/product\/9831"}],"collection":[{"href":"https:\/\/instamedic.mx\/en\/wp-json\/wp\/v2\/product"}],"about":[{"href":"https:\/\/instamedic.mx\/en\/wp-json\/wp\/v2\/types\/product"}],"replies":[{"embeddable":true,"href":"https:\/\/instamedic.mx\/en\/wp-json\/wp\/v2\/comments?post=9831"}],"version-history":[{"count":2,"href":"https:\/\/instamedic.mx\/en\/wp-json\/wp\/v2\/product\/9831\/revisions"}],"predecessor-version":[{"id":9834,"href":"https:\/\/instamedic.mx\/en\/wp-json\/wp\/v2\/product\/9831\/revisions\/9834"}],"wp:featuredmedia":[{"embeddable":true,"href":"https:\/\/instamedic.mx\/en\/wp-json\/wp\/v2\/media\/9832"}],"wp:attachment":[{"href":"https:\/\/instamedic.mx\/en\/wp-json\/wp\/v2\/media?parent=9831"}],"wp:term":[{"taxonomy":"wpc-collection","embeddable":true,"href":"https:\/\/instamedic.mx\/en\/wp-json\/wp\/v2\/wpc-collection?post=9831"},{"taxonomy":"product_brand","embeddable":true,"href":"https:\/\/instamedic.mx\/en\/wp-json\/wp\/v2\/product_brand?post=9831"},{"taxonomy":"product_cat","embeddable":true,"href":"https:\/\/instamedic.mx\/en\/wp-json\/wp\/v2\/product_cat?post=9831"},{"taxonomy":"product_tag","embeddable":true,"href":"https:\/\/instamedic.mx\/en\/wp-json\/wp\/v2\/product_tag?post=9831"}],"curies":[{"name":"wp","href":"https:\/\/api.w.org\/{rel}","templated":true}]}}