{"id":9839,"date":"2021-11-10T19:16:44","date_gmt":"2021-11-10T19:16:44","guid":{"rendered":"https:\/\/instamedic.mx\/?post_type=product&#038;p=9839"},"modified":"2023-09-15T18:51:04","modified_gmt":"2023-09-15T18:51:04","slug":"otoscopio-de-diagnostico-con-luz-led","status":"publish","type":"product","link":"https:\/\/instamedic.mx\/en\/tienda-medica\/equipo-medico\/diagnostico\/otoscopio\/otoscopio-de-diagnostico-con-luz-led\/","title":{"rendered":"Otoscopio de diagn\u00f3stico con Luz LED e iluminaci\u00f3n por fibra \u00f3ptica"},"content":{"rendered":"<h2><strong>Otoscopio de fibra \u00f3ptica mini3000 con mango de pilas, 4 esp\u00e9culos permanentes<\/strong><\/h2>\n<p><em>Otoscopio de bolsillo\u00a0compacto con iluminaci\u00f3n de fibra \u00f3ptica (F.O.)<\/em><\/p>\n<p>Moderno otoscopio de bolsillo con un dise\u00f1o excepcional. compacto y de luz intensa.<\/p>\n<p><u>Caracter\u00edsticas:<\/u><\/p>\n<ul>\n<li><b>L\u00e1mpara hal\u00f3gena XHL\u00a0Xen\u00f3n<\/b>\u00a0con luz clara y reproducci\u00f3n exacta de colores.<\/li>\n<li><strong>20.000<\/strong>\u00a0ciclos garantizados de encendido y apagado.<\/li>\n<li><strong>Iluminaci\u00f3n distal de fibra \u00f3ptica (F.O.):<\/strong>\u00a0Iluminaci\u00f3n clara y sin reflejos del t\u00edmpano y conducto auditivo.<\/li>\n<li><strong>Ventana de visualizaci\u00f3n con aumento de 3x<\/strong>\u00a0y una superficie de carcasa optimizada que ofrece im\u00e1genes muy n\u00edtidas y minimiza los reflejos. Ventana de visualizaci\u00f3n integrada, con giro lateral.<\/li>\n<li><strong>Prueba neum\u00e1tica<\/strong>\u00a0de la movilidad de la membrana timp\u00e1nica mediante conexi\u00f3n para insuflaci\u00f3n y adaptador opcional para insuflaci\u00f3n.<\/li>\n<li><strong>Clip de sujeci\u00f3n con interruptor.<\/strong>\u00a0Desconexi\u00f3n autom\u00e1tica al engancharlo en la bata.<\/li>\n<li><strong>Funciona a pilas (AA)<\/strong>\u00a0o con bater\u00eda recargable opcional con el cargador mini NT*.<\/li>\n<li><strong>Mango y cabezal en dos piezas.<\/strong>\u00a0De f\u00e1cil mantenimiento.<\/li>\n<li><strong>Dise\u00f1o laureado.<\/strong> Dispositivo peque\u00f1o de gran calidad.<\/li>\n<\/ul>\n<p><u>Incluye:<\/u><\/p>\n<ul>\n<li>Mango de\u00a0pilas mini 3000 con 1 juego<\/li>\n<li>3 esp\u00e9culos de uso permanente y<\/li>\n<li>5 esp\u00e9culos desechables de 2,5 y de 4 mm \u00d8<\/li>\n<li>Pilas<\/li>\n<\/ul>\n<p>&nbsp;<\/p>\n<div>Garantia: 1<strong>\u00a0a\u00f1os<\/strong><br \/>\nOrigen:\u00a0<strong>Alemania<\/strong><\/div>","protected":false},"excerpt":{"rendered":"<h2 class=\"vtex-store-components-3-x-productDescriptionTitle t-heading-5 mb5 mt0\"><span style=\"font-size: 16px;\">Caracter\u00edsticas:<\/span><\/h2>\n<div class=\"vtex-store-components-3-x-productDescriptionText c-muted-1\">\n<div class=\"vtex-store-components-3-x-container relative\">\n<div class=\"vtex-store-components-3-x-content h-auto\">\n<ul>\n<li>Aumento 3X<\/li>\n<li>Ventana de vista m\u00e1s grande<\/li>\n<li>Iluminaci\u00f3n por fibra \u00f3ptica<\/li>\n<li>Tecnolog\u00eda LED<\/li>\n<li>8 esp\u00e9culos reusables<\/li>\n<\/ul>\n<\/div>\n<\/div>\n<\/div>","protected":false},"featured_media":9840,"comment_status":"open","ping_status":"closed","template":"","meta":[],"wpc-collection":[],"product_brand":[],"product_cat":[92,288],"product_tag":[126,124,526,212],"yoast_head":"<!-- This site is optimized with the Yoast SEO Premium plugin v22.3 (Yoast SEO v22.4) - https:\/\/yoast.com\/wordpress\/plugins\/seo\/ -->\n<title>Otoscopio de diagn\u00f3stico con Luz LED e iluminaci\u00f3n por fibra \u00f3ptica<\/title>\n<meta name=\"robots\" content=\"index, follow, max-snippet:-1, max-image-preview:large, max-video-preview:-1\" \/>\n<link rel=\"canonical\" href=\"https:\/\/instamedic.mx\/en\/tienda-medica\/equipo-medico\/diagnostico\/otoscopio\/otoscopio-de-diagnostico-con-luz-led\/\" \/>\n<meta property=\"og:locale\" content=\"en_US\" \/>\n<meta property=\"og:type\" content=\"article\" \/>\n<meta property=\"og:title\" content=\"Otoscopio de diagn\u00f3stico con Luz LED e iluminaci\u00f3n por fibra \u00f3ptica\" \/>\n<meta property=\"og:description\" content=\"Caracter\u00edsticas:      Aumento 3X  Ventana de vista m\u00e1s grande  Iluminaci\u00f3n por fibra \u00f3ptica  Tecnolog\u00eda LED  8 esp\u00e9culos reusables\" \/>\n<meta property=\"og:url\" content=\"https:\/\/instamedic.mx\/en\/tienda-medica\/equipo-medico\/diagnostico\/otoscopio\/otoscopio-de-diagnostico-con-luz-led\/\" \/>\n<meta property=\"og:site_name\" content=\"Instamedic\" \/>\n<meta property=\"article:publisher\" content=\"https:\/\/www.facebook.com\/instamedicmx\" \/>\n<meta property=\"article:modified_time\" content=\"2023-09-15T18:51:04+00:00\" \/>\n<meta property=\"og:image\" content=\"https:\/\/instamedic.mx\/wp-content\/uploads\/2021\/11\/Otoscopio-de-diagnostico-con-Luz-LED-e-iluminacion-por-fibra-optica.jpeg\" \/>\n\t<meta property=\"og:image:width\" content=\"800\" \/>\n\t<meta property=\"og:image:height\" content=\"800\" \/>\n\t<meta property=\"og:image:type\" content=\"image\/jpeg\" \/>\n<meta name=\"twitter:card\" content=\"summary_large_image\" \/>\n<meta name=\"twitter:label1\" content=\"Est. reading time\" \/>\n\t<meta name=\"twitter:data1\" content=\"1 minute\" \/>\n<script type=\"application\/ld+json\" class=\"yoast-schema-graph\">{\"@context\":\"https:\/\/schema.org\",\"@graph\":[{\"@type\":\"WebPage\",\"@id\":\"https:\/\/instamedic.mx\/tienda-medica\/equipo-medico\/diagnostico\/otoscopio\/otoscopio-de-diagnostico-con-luz-led\/\",\"url\":\"https:\/\/instamedic.mx\/tienda-medica\/equipo-medico\/diagnostico\/otoscopio\/otoscopio-de-diagnostico-con-luz-led\/\",\"name\":\"Otoscopio de diagn\u00f3stico con Luz LED e iluminaci\u00f3n por fibra \u00f3ptica\",\"isPartOf\":{\"@id\":\"https:\/\/instamedic.mx\/#website\"},\"primaryImageOfPage\":{\"@id\":\"https:\/\/instamedic.mx\/tienda-medica\/equipo-medico\/diagnostico\/otoscopio\/otoscopio-de-diagnostico-con-luz-led\/#primaryimage\"},\"image\":{\"@id\":\"https:\/\/instamedic.mx\/tienda-medica\/equipo-medico\/diagnostico\/otoscopio\/otoscopio-de-diagnostico-con-luz-led\/#primaryimage\"},\"thumbnailUrl\":\"https:\/\/instamedic.mx\/wp-content\/uploads\/2021\/11\/Otoscopio-de-diagnostico-con-Luz-LED-e-iluminacion-por-fibra-optica.jpeg\",\"datePublished\":\"2021-11-10T19:16:44+00:00\",\"dateModified\":\"2023-09-15T18:51:04+00:00\",\"breadcrumb\":{\"@id\":\"https:\/\/instamedic.mx\/tienda-medica\/equipo-medico\/diagnostico\/otoscopio\/otoscopio-de-diagnostico-con-luz-led\/#breadcrumb\"},\"inLanguage\":\"en-US\",\"potentialAction\":[{\"@type\":\"ReadAction\",\"target\":[\"https:\/\/instamedic.mx\/tienda-medica\/equipo-medico\/diagnostico\/otoscopio\/otoscopio-de-diagnostico-con-luz-led\/\"]}]},{\"@type\":\"ImageObject\",\"inLanguage\":\"en-US\",\"@id\":\"https:\/\/instamedic.mx\/tienda-medica\/equipo-medico\/diagnostico\/otoscopio\/otoscopio-de-diagnostico-con-luz-led\/#primaryimage\",\"url\":\"https:\/\/instamedic.mx\/wp-content\/uploads\/2021\/11\/Otoscopio-de-diagnostico-con-Luz-LED-e-iluminacion-por-fibra-optica.jpeg\",\"contentUrl\":\"https:\/\/instamedic.mx\/wp-content\/uploads\/2021\/11\/Otoscopio-de-diagnostico-con-Luz-LED-e-iluminacion-por-fibra-optica.jpeg\",\"width\":800,\"height\":800,\"caption\":\"Otoscopio de diagn\u00f3stico con Luz LED e iluminaci\u00f3n por fibra \u00f3ptica\"},{\"@type\":\"BreadcrumbList\",\"@id\":\"https:\/\/instamedic.mx\/tienda-medica\/equipo-medico\/diagnostico\/otoscopio\/otoscopio-de-diagnostico-con-luz-led\/#breadcrumb\",\"itemListElement\":[{\"@type\":\"ListItem\",\"position\":1,\"name\":\"Inicio\",\"item\":\"https:\/\/instamedic.mx\/\"},{\"@type\":\"ListItem\",\"position\":2,\"name\":\"Tienda m\u00e9dica\",\"item\":\"https:\/\/instamedic.mx\/tienda-medica\/\"},{\"@type\":\"ListItem\",\"position\":3,\"name\":\"Otoscopio de diagn\u00f3stico con Luz LED e iluminaci\u00f3n por fibra \u00f3ptica\"}]},{\"@type\":\"WebSite\",\"@id\":\"https:\/\/instamedic.mx\/#website\",\"url\":\"https:\/\/instamedic.mx\/\",\"name\":\"INSTAMEDIC\",\"description\":\"Venta de equipo m\u00e9dico, instrumental y uniformes quirpurgicos\",\"publisher\":{\"@id\":\"https:\/\/instamedic.mx\/#organization\"},\"potentialAction\":[{\"@type\":\"SearchAction\",\"target\":{\"@type\":\"EntryPoint\",\"urlTemplate\":\"https:\/\/instamedic.mx\/?s={search_term_string}\"},\"query-input\":\"required name=search_term_string\"}],\"inLanguage\":\"en-US\"},{\"@type\":\"Organization\",\"@id\":\"https:\/\/instamedic.mx\/#organization\",\"name\":\"INSTAMEDIC\",\"url\":\"https:\/\/instamedic.mx\/\",\"logo\":{\"@type\":\"ImageObject\",\"inLanguage\":\"en-US\",\"@id\":\"https:\/\/instamedic.mx\/#\/schema\/logo\/image\/\",\"url\":\"https:\/\/instamedic.mx\/wp-content\/uploads\/2024\/02\/Logo-instamedic.png\",\"contentUrl\":\"https:\/\/instamedic.mx\/wp-content\/uploads\/2024\/02\/Logo-instamedic.png\",\"width\":500,\"height\":500,\"caption\":\"INSTAMEDIC\"},\"image\":{\"@id\":\"https:\/\/instamedic.mx\/#\/schema\/logo\/image\/\"},\"sameAs\":[\"https:\/\/www.facebook.com\/instamedicmx\",\"https:\/\/www.instagram.com\/instamedic_mx\/\"],\"email\":\"info@instamedic.mx\",\"telephone\":\"8713426247\"}]}<\/script>\n<!-- \/ Yoast SEO Premium plugin. -->","yoast_head_json":{"title":"Otoscopio de diagn\u00f3stico con Luz LED e iluminaci\u00f3n por fibra \u00f3ptica","robots":{"index":"index","follow":"follow","max-snippet":"max-snippet:-1","max-image-preview":"max-image-preview:large","max-video-preview":"max-video-preview:-1"},"canonical":"https:\/\/instamedic.mx\/en\/tienda-medica\/equipo-medico\/diagnostico\/otoscopio\/otoscopio-de-diagnostico-con-luz-led\/","og_locale":"en_US","og_type":"article","og_title":"Otoscopio de diagn\u00f3stico con Luz LED e iluminaci\u00f3n por fibra \u00f3ptica","og_description":"Caracter\u00edsticas:      Aumento 3X  Ventana de vista m\u00e1s grande  Iluminaci\u00f3n por fibra \u00f3ptica  Tecnolog\u00eda LED  8 esp\u00e9culos reusables","og_url":"https:\/\/instamedic.mx\/en\/tienda-medica\/equipo-medico\/diagnostico\/otoscopio\/otoscopio-de-diagnostico-con-luz-led\/","og_site_name":"Instamedic","article_publisher":"https:\/\/www.facebook.com\/instamedicmx","article_modified_time":"2023-09-15T18:51:04+00:00","og_image":[{"width":800,"height":800,"url":"https:\/\/instamedic.mx\/wp-content\/uploads\/2021\/11\/Otoscopio-de-diagnostico-con-Luz-LED-e-iluminacion-por-fibra-optica.jpeg","type":"image\/jpeg"}],"twitter_card":"summary_large_image","twitter_misc":{"Est. reading time":"1 minute"},"schema":{"@context":"https:\/\/schema.org","@graph":[{"@type":"WebPage","@id":"https:\/\/instamedic.mx\/tienda-medica\/equipo-medico\/diagnostico\/otoscopio\/otoscopio-de-diagnostico-con-luz-led\/","url":"https:\/\/instamedic.mx\/tienda-medica\/equipo-medico\/diagnostico\/otoscopio\/otoscopio-de-diagnostico-con-luz-led\/","name":"Otoscopio de diagn\u00f3stico con Luz LED e iluminaci\u00f3n por fibra \u00f3ptica","isPartOf":{"@id":"https:\/\/instamedic.mx\/#website"},"primaryImageOfPage":{"@id":"https:\/\/instamedic.mx\/tienda-medica\/equipo-medico\/diagnostico\/otoscopio\/otoscopio-de-diagnostico-con-luz-led\/#primaryimage"},"image":{"@id":"https:\/\/instamedic.mx\/tienda-medica\/equipo-medico\/diagnostico\/otoscopio\/otoscopio-de-diagnostico-con-luz-led\/#primaryimage"},"thumbnailUrl":"https:\/\/instamedic.mx\/wp-content\/uploads\/2021\/11\/Otoscopio-de-diagnostico-con-Luz-LED-e-iluminacion-por-fibra-optica.jpeg","datePublished":"2021-11-10T19:16:44+00:00","dateModified":"2023-09-15T18:51:04+00:00","breadcrumb":{"@id":"https:\/\/instamedic.mx\/tienda-medica\/equipo-medico\/diagnostico\/otoscopio\/otoscopio-de-diagnostico-con-luz-led\/#breadcrumb"},"inLanguage":"en-US","potentialAction":[{"@type":"ReadAction","target":["https:\/\/instamedic.mx\/tienda-medica\/equipo-medico\/diagnostico\/otoscopio\/otoscopio-de-diagnostico-con-luz-led\/"]}]},{"@type":"ImageObject","inLanguage":"en-US","@id":"https:\/\/instamedic.mx\/tienda-medica\/equipo-medico\/diagnostico\/otoscopio\/otoscopio-de-diagnostico-con-luz-led\/#primaryimage","url":"https:\/\/instamedic.mx\/wp-content\/uploads\/2021\/11\/Otoscopio-de-diagnostico-con-Luz-LED-e-iluminacion-por-fibra-optica.jpeg","contentUrl":"https:\/\/instamedic.mx\/wp-content\/uploads\/2021\/11\/Otoscopio-de-diagnostico-con-Luz-LED-e-iluminacion-por-fibra-optica.jpeg","width":800,"height":800,"caption":"Otoscopio de diagn\u00f3stico con Luz LED e iluminaci\u00f3n por fibra \u00f3ptica"},{"@type":"BreadcrumbList","@id":"https:\/\/instamedic.mx\/tienda-medica\/equipo-medico\/diagnostico\/otoscopio\/otoscopio-de-diagnostico-con-luz-led\/#breadcrumb","itemListElement":[{"@type":"ListItem","position":1,"name":"Inicio","item":"https:\/\/instamedic.mx\/"},{"@type":"ListItem","position":2,"name":"Tienda m\u00e9dica","item":"https:\/\/instamedic.mx\/tienda-medica\/"},{"@type":"ListItem","position":3,"name":"Otoscopio de diagn\u00f3stico con Luz LED e iluminaci\u00f3n por fibra \u00f3ptica"}]},{"@type":"WebSite","@id":"https:\/\/instamedic.mx\/#website","url":"https:\/\/instamedic.mx\/","name":"INSTAMEDIC","description":"Venta de equipo m\u00e9dico, instrumental y uniformes quirpurgicos","publisher":{"@id":"https:\/\/instamedic.mx\/#organization"},"potentialAction":[{"@type":"SearchAction","target":{"@type":"EntryPoint","urlTemplate":"https:\/\/instamedic.mx\/?s={search_term_string}"},"query-input":"required name=search_term_string"}],"inLanguage":"en-US"},{"@type":"Organization","@id":"https:\/\/instamedic.mx\/#organization","name":"INSTAMEDIC","url":"https:\/\/instamedic.mx\/","logo":{"@type":"ImageObject","inLanguage":"en-US","@id":"https:\/\/instamedic.mx\/#\/schema\/logo\/image\/","url":"https:\/\/instamedic.mx\/wp-content\/uploads\/2024\/02\/Logo-instamedic.png","contentUrl":"https:\/\/instamedic.mx\/wp-content\/uploads\/2024\/02\/Logo-instamedic.png","width":500,"height":500,"caption":"INSTAMEDIC"},"image":{"@id":"https:\/\/instamedic.mx\/#\/schema\/logo\/image\/"},"sameAs":["https:\/\/www.facebook.com\/instamedicmx","https:\/\/www.instagram.com\/instamedic_mx\/"],"email":"info@instamedic.mx","telephone":"8713426247"}]}},"jetpack_sharing_enabled":true,"_links":{"self":[{"href":"https:\/\/instamedic.mx\/en\/wp-json\/wp\/v2\/product\/9839"}],"collection":[{"href":"https:\/\/instamedic.mx\/en\/wp-json\/wp\/v2\/product"}],"about":[{"href":"https:\/\/instamedic.mx\/en\/wp-json\/wp\/v2\/types\/product"}],"replies":[{"embeddable":true,"href":"https:\/\/instamedic.mx\/en\/wp-json\/wp\/v2\/comments?post=9839"}],"version-history":[{"count":1,"href":"https:\/\/instamedic.mx\/en\/wp-json\/wp\/v2\/product\/9839\/revisions"}],"predecessor-version":[{"id":9847,"href":"https:\/\/instamedic.mx\/en\/wp-json\/wp\/v2\/product\/9839\/revisions\/9847"}],"wp:featuredmedia":[{"embeddable":true,"href":"https:\/\/instamedic.mx\/en\/wp-json\/wp\/v2\/media\/9840"}],"wp:attachment":[{"href":"https:\/\/instamedic.mx\/en\/wp-json\/wp\/v2\/media?parent=9839"}],"wp:term":[{"taxonomy":"wpc-collection","embeddable":true,"href":"https:\/\/instamedic.mx\/en\/wp-json\/wp\/v2\/wpc-collection?post=9839"},{"taxonomy":"product_brand","embeddable":true,"href":"https:\/\/instamedic.mx\/en\/wp-json\/wp\/v2\/product_brand?post=9839"},{"taxonomy":"product_cat","embeddable":true,"href":"https:\/\/instamedic.mx\/en\/wp-json\/wp\/v2\/product_cat?post=9839"},{"taxonomy":"product_tag","embeddable":true,"href":"https:\/\/instamedic.mx\/en\/wp-json\/wp\/v2\/product_tag?post=9839"}],"curies":[{"name":"wp","href":"https:\/\/api.w.org\/{rel}","templated":true}]}}