{"id":9852,"date":"2021-11-10T20:17:39","date_gmt":"2021-11-10T20:17:39","guid":{"rendered":"https:\/\/instamedic.mx\/?post_type=product&#038;p=9852"},"modified":"2023-09-15T18:51:03","modified_gmt":"2023-09-15T18:51:03","slug":"estuche-de-diagnostico-set-otoscopio-y-oftalmoscopio-con-luz-led-e-iluminacion-por-fibra-optica","status":"publish","type":"product","link":"https:\/\/instamedic.mx\/en\/tienda-medica\/equipo-medico\/diagnostico\/otoscopio\/estuche-de-diagnostico-set-otoscopio-y-oftalmoscopio-con-luz-led-e-iluminacion-por-fibra-optica\/","title":{"rendered":"Estuche de diagn\u00f3stico set Otoscopio y oftalmoscopio con Luz LED e iluminaci\u00f3n por fibra \u00f3ptica recargable"},"content":{"rendered":"<p>Otoscopio de fibra \u00f3ptica el cual cuenta con iluminaci\u00f3n LED (blanca) con 3X ampliaciones de aumento. Oftalmoscopio de iluminaci\u00f3n directa LED (amarilla para la protecci\u00f3n y Cuidado del ojo) de alta calidad. Con interruptor tipo clip on\/off, adem\u00e1s incluye pr\u00e1ctico estuche y esp\u00e9culos.<\/p>\n<h2>OTOSCOPIO<\/h2>\n<p>&#8211; Iluminaci\u00f3n: Iluminaci\u00f3n de fibra \u00f3ptica<br \/>\n&#8211; Luminancia: 24 Lumen<br \/>\n&#8211; Amplificaci\u00f3n: 3 X<br \/>\n&#8211; Esp\u00e9culos: Incluye 8 esp\u00e9culos #5 mm<br \/>\n&#8211; Bater\u00edas: 2 AA Alcalinas (No incluidas) \u2013 NO Debe usarse con bater\u00edas recargables<br \/>\n&#8211; Registro INVIMA 2016DM0014663<\/p>\n<h2>OFTALMOSCOPIO<\/h2>\n<p>&#8211; Iluminaci\u00f3n: Iluminaci\u00f3n directa<br \/>\n&#8211; Luminancia: 14 Lumen<br \/>\n&#8211; Aperturas: 5<br \/>\n&#8211; Lentes: -20 D a +20 D<br \/>\n&#8211; Bater\u00edas: 2 AA Alcalinas (No incluidas) \u2013 NO Debe usarse con bater\u00edas<br \/>\n&#8211; Registro INVIMA 2016DM0014660<\/p>\n<p>Estuche blando de transporte para otoscopio y oftalmoscopio.<\/p>\n<div>Garantia: 1<strong>\u00a0a\u00f1os<\/strong><br \/>\nOrigen:\u00a0<strong>Alemania<\/strong><\/div>","protected":false},"excerpt":{"rendered":"<h2 class=\"vtex-store-components-3-x-productDescriptionTitle t-heading-5 mb5 mt0\"><\/h2>\n<div class=\"vtex-store-components-3-x-productDescriptionText c-muted-1\">\n<div class=\"vtex-store-components-3-x-container relative\">\n<div class=\"vtex-store-components-3-x-content h-auto\">\n<div>\u25cf Aumento 3X<\/div>\n<div>\u25cf Ventana de vista m\u00e1s grande<\/div>\n<div>\u25cf Iluminaci\u00f3n por fibra \u00f3ptica<\/div>\n<div>\u25cf Tecnolog\u00eda LED<\/div>\n<div>\u25cf 8 esp\u00e9culos reusables<\/div>\n<\/div>\n<\/div>\n<\/div>","protected":false},"featured_media":9853,"comment_status":"open","ping_status":"closed","template":"","meta":[],"wpc-collection":[],"product_brand":[],"product_cat":[92,288],"product_tag":[126,216,124,526,212,527],"yoast_head":"<!-- This site is optimized with the Yoast SEO Premium plugin v22.3 (Yoast SEO v22.4) - https:\/\/yoast.com\/wordpress\/plugins\/seo\/ -->\n<title>Estuche de diagn\u00f3stico otoscopio y oftalmoscopio<\/title>\n<meta name=\"robots\" content=\"index, follow, max-snippet:-1, max-image-preview:large, max-video-preview:-1\" \/>\n<link rel=\"canonical\" href=\"https:\/\/instamedic.mx\/en\/tienda-medica\/equipo-medico\/diagnostico\/otoscopio\/estuche-de-diagnostico-set-otoscopio-y-oftalmoscopio-con-luz-led-e-iluminacion-por-fibra-optica\/\" \/>\n<meta property=\"og:locale\" content=\"en_US\" \/>\n<meta property=\"og:type\" content=\"article\" \/>\n<meta property=\"og:title\" content=\"Estuche de diagn\u00f3stico set Otoscopio y oftalmoscopio con Luz LED e iluminaci\u00f3n por fibra \u00f3ptica recargable\" \/>\n<meta property=\"og:description\" content=\"\u25cf Aumento 3X \u25cf Ventana de vista m\u00e1s grande \u25cf Iluminaci\u00f3n por fibra \u00f3ptica \u25cf Tecnolog\u00eda LED \u25cf 8 esp\u00e9culos reusables\" \/>\n<meta property=\"og:url\" content=\"https:\/\/instamedic.mx\/en\/tienda-medica\/equipo-medico\/diagnostico\/otoscopio\/estuche-de-diagnostico-set-otoscopio-y-oftalmoscopio-con-luz-led-e-iluminacion-por-fibra-optica\/\" \/>\n<meta property=\"og:site_name\" content=\"Instamedic\" \/>\n<meta property=\"article:publisher\" content=\"https:\/\/www.facebook.com\/instamedicmx\" \/>\n<meta property=\"article:modified_time\" content=\"2023-09-15T18:51:03+00:00\" \/>\n<meta property=\"og:image\" content=\"https:\/\/instamedic.mx\/wp-content\/uploads\/2021\/11\/Estuche-de-diagnostico-set-de-otosopio-y-oftalmoscopio-checkatek-pila-recargable.jpeg\" \/>\n\t<meta property=\"og:image:width\" content=\"800\" \/>\n\t<meta property=\"og:image:height\" content=\"800\" \/>\n\t<meta property=\"og:image:type\" content=\"image\/jpeg\" \/>\n<meta name=\"twitter:card\" content=\"summary_large_image\" \/>\n<script type=\"application\/ld+json\" class=\"yoast-schema-graph\">{\"@context\":\"https:\/\/schema.org\",\"@graph\":[{\"@type\":\"WebPage\",\"@id\":\"https:\/\/instamedic.mx\/tienda-medica\/equipo-medico\/diagnostico\/otoscopio\/estuche-de-diagnostico-set-otoscopio-y-oftalmoscopio-con-luz-led-e-iluminacion-por-fibra-optica\/\",\"url\":\"https:\/\/instamedic.mx\/tienda-medica\/equipo-medico\/diagnostico\/otoscopio\/estuche-de-diagnostico-set-otoscopio-y-oftalmoscopio-con-luz-led-e-iluminacion-por-fibra-optica\/\",\"name\":\"Estuche de diagn\u00f3stico otoscopio y oftalmoscopio\",\"isPartOf\":{\"@id\":\"https:\/\/instamedic.mx\/#website\"},\"primaryImageOfPage\":{\"@id\":\"https:\/\/instamedic.mx\/tienda-medica\/equipo-medico\/diagnostico\/otoscopio\/estuche-de-diagnostico-set-otoscopio-y-oftalmoscopio-con-luz-led-e-iluminacion-por-fibra-optica\/#primaryimage\"},\"image\":{\"@id\":\"https:\/\/instamedic.mx\/tienda-medica\/equipo-medico\/diagnostico\/otoscopio\/estuche-de-diagnostico-set-otoscopio-y-oftalmoscopio-con-luz-led-e-iluminacion-por-fibra-optica\/#primaryimage\"},\"thumbnailUrl\":\"https:\/\/instamedic.mx\/wp-content\/uploads\/2021\/11\/Estuche-de-diagnostico-set-de-otosopio-y-oftalmoscopio-checkatek-pila-recargable.jpeg\",\"datePublished\":\"2021-11-10T20:17:39+00:00\",\"dateModified\":\"2023-09-15T18:51:03+00:00\",\"breadcrumb\":{\"@id\":\"https:\/\/instamedic.mx\/tienda-medica\/equipo-medico\/diagnostico\/otoscopio\/estuche-de-diagnostico-set-otoscopio-y-oftalmoscopio-con-luz-led-e-iluminacion-por-fibra-optica\/#breadcrumb\"},\"inLanguage\":\"en-US\",\"potentialAction\":[{\"@type\":\"ReadAction\",\"target\":[\"https:\/\/instamedic.mx\/tienda-medica\/equipo-medico\/diagnostico\/otoscopio\/estuche-de-diagnostico-set-otoscopio-y-oftalmoscopio-con-luz-led-e-iluminacion-por-fibra-optica\/\"]}]},{\"@type\":\"ImageObject\",\"inLanguage\":\"en-US\",\"@id\":\"https:\/\/instamedic.mx\/tienda-medica\/equipo-medico\/diagnostico\/otoscopio\/estuche-de-diagnostico-set-otoscopio-y-oftalmoscopio-con-luz-led-e-iluminacion-por-fibra-optica\/#primaryimage\",\"url\":\"https:\/\/instamedic.mx\/wp-content\/uploads\/2021\/11\/Estuche-de-diagnostico-set-de-otosopio-y-oftalmoscopio-checkatek-pila-recargable.jpeg\",\"contentUrl\":\"https:\/\/instamedic.mx\/wp-content\/uploads\/2021\/11\/Estuche-de-diagnostico-set-de-otosopio-y-oftalmoscopio-checkatek-pila-recargable.jpeg\",\"width\":800,\"height\":800,\"caption\":\"Estuche de diagn\u00f3stico set de otosopio y oftalmoscopio checkatek pila recargable\"},{\"@type\":\"BreadcrumbList\",\"@id\":\"https:\/\/instamedic.mx\/tienda-medica\/equipo-medico\/diagnostico\/otoscopio\/estuche-de-diagnostico-set-otoscopio-y-oftalmoscopio-con-luz-led-e-iluminacion-por-fibra-optica\/#breadcrumb\",\"itemListElement\":[{\"@type\":\"ListItem\",\"position\":1,\"name\":\"Inicio\",\"item\":\"https:\/\/instamedic.mx\/\"},{\"@type\":\"ListItem\",\"position\":2,\"name\":\"Tienda m\u00e9dica\",\"item\":\"https:\/\/instamedic.mx\/tienda-medica\/\"},{\"@type\":\"ListItem\",\"position\":3,\"name\":\"Estuche de diagn\u00f3stico set Otoscopio y oftalmoscopio con Luz LED e iluminaci\u00f3n por fibra \u00f3ptica recargable\"}]},{\"@type\":\"WebSite\",\"@id\":\"https:\/\/instamedic.mx\/#website\",\"url\":\"https:\/\/instamedic.mx\/\",\"name\":\"INSTAMEDIC\",\"description\":\"Venta de equipo m\u00e9dico, instrumental y uniformes quirpurgicos\",\"publisher\":{\"@id\":\"https:\/\/instamedic.mx\/#organization\"},\"potentialAction\":[{\"@type\":\"SearchAction\",\"target\":{\"@type\":\"EntryPoint\",\"urlTemplate\":\"https:\/\/instamedic.mx\/?s={search_term_string}\"},\"query-input\":\"required name=search_term_string\"}],\"inLanguage\":\"en-US\"},{\"@type\":\"Organization\",\"@id\":\"https:\/\/instamedic.mx\/#organization\",\"name\":\"INSTAMEDIC\",\"url\":\"https:\/\/instamedic.mx\/\",\"logo\":{\"@type\":\"ImageObject\",\"inLanguage\":\"en-US\",\"@id\":\"https:\/\/instamedic.mx\/#\/schema\/logo\/image\/\",\"url\":\"https:\/\/instamedic.mx\/wp-content\/uploads\/2024\/02\/Logo-instamedic.png\",\"contentUrl\":\"https:\/\/instamedic.mx\/wp-content\/uploads\/2024\/02\/Logo-instamedic.png\",\"width\":500,\"height\":500,\"caption\":\"INSTAMEDIC\"},\"image\":{\"@id\":\"https:\/\/instamedic.mx\/#\/schema\/logo\/image\/\"},\"sameAs\":[\"https:\/\/www.facebook.com\/instamedicmx\",\"https:\/\/www.instagram.com\/instamedic_mx\/\"],\"email\":\"info@instamedic.mx\",\"telephone\":\"8713426247\"}]}<\/script>\n<!-- \/ Yoast SEO Premium plugin. -->","yoast_head_json":{"title":"Estuche de diagn\u00f3stico otoscopio y oftalmoscopio","robots":{"index":"index","follow":"follow","max-snippet":"max-snippet:-1","max-image-preview":"max-image-preview:large","max-video-preview":"max-video-preview:-1"},"canonical":"https:\/\/instamedic.mx\/en\/tienda-medica\/equipo-medico\/diagnostico\/otoscopio\/estuche-de-diagnostico-set-otoscopio-y-oftalmoscopio-con-luz-led-e-iluminacion-por-fibra-optica\/","og_locale":"en_US","og_type":"article","og_title":"Estuche de diagn\u00f3stico set Otoscopio y oftalmoscopio con Luz LED e iluminaci\u00f3n por fibra \u00f3ptica recargable","og_description":"\u25cf Aumento 3X \u25cf Ventana de vista m\u00e1s grande \u25cf Iluminaci\u00f3n por fibra \u00f3ptica \u25cf Tecnolog\u00eda LED \u25cf 8 esp\u00e9culos reusables","og_url":"https:\/\/instamedic.mx\/en\/tienda-medica\/equipo-medico\/diagnostico\/otoscopio\/estuche-de-diagnostico-set-otoscopio-y-oftalmoscopio-con-luz-led-e-iluminacion-por-fibra-optica\/","og_site_name":"Instamedic","article_publisher":"https:\/\/www.facebook.com\/instamedicmx","article_modified_time":"2023-09-15T18:51:03+00:00","og_image":[{"width":800,"height":800,"url":"https:\/\/instamedic.mx\/wp-content\/uploads\/2021\/11\/Estuche-de-diagnostico-set-de-otosopio-y-oftalmoscopio-checkatek-pila-recargable.jpeg","type":"image\/jpeg"}],"twitter_card":"summary_large_image","schema":{"@context":"https:\/\/schema.org","@graph":[{"@type":"WebPage","@id":"https:\/\/instamedic.mx\/tienda-medica\/equipo-medico\/diagnostico\/otoscopio\/estuche-de-diagnostico-set-otoscopio-y-oftalmoscopio-con-luz-led-e-iluminacion-por-fibra-optica\/","url":"https:\/\/instamedic.mx\/tienda-medica\/equipo-medico\/diagnostico\/otoscopio\/estuche-de-diagnostico-set-otoscopio-y-oftalmoscopio-con-luz-led-e-iluminacion-por-fibra-optica\/","name":"Estuche de diagn\u00f3stico otoscopio y oftalmoscopio","isPartOf":{"@id":"https:\/\/instamedic.mx\/#website"},"primaryImageOfPage":{"@id":"https:\/\/instamedic.mx\/tienda-medica\/equipo-medico\/diagnostico\/otoscopio\/estuche-de-diagnostico-set-otoscopio-y-oftalmoscopio-con-luz-led-e-iluminacion-por-fibra-optica\/#primaryimage"},"image":{"@id":"https:\/\/instamedic.mx\/tienda-medica\/equipo-medico\/diagnostico\/otoscopio\/estuche-de-diagnostico-set-otoscopio-y-oftalmoscopio-con-luz-led-e-iluminacion-por-fibra-optica\/#primaryimage"},"thumbnailUrl":"https:\/\/instamedic.mx\/wp-content\/uploads\/2021\/11\/Estuche-de-diagnostico-set-de-otosopio-y-oftalmoscopio-checkatek-pila-recargable.jpeg","datePublished":"2021-11-10T20:17:39+00:00","dateModified":"2023-09-15T18:51:03+00:00","breadcrumb":{"@id":"https:\/\/instamedic.mx\/tienda-medica\/equipo-medico\/diagnostico\/otoscopio\/estuche-de-diagnostico-set-otoscopio-y-oftalmoscopio-con-luz-led-e-iluminacion-por-fibra-optica\/#breadcrumb"},"inLanguage":"en-US","potentialAction":[{"@type":"ReadAction","target":["https:\/\/instamedic.mx\/tienda-medica\/equipo-medico\/diagnostico\/otoscopio\/estuche-de-diagnostico-set-otoscopio-y-oftalmoscopio-con-luz-led-e-iluminacion-por-fibra-optica\/"]}]},{"@type":"ImageObject","inLanguage":"en-US","@id":"https:\/\/instamedic.mx\/tienda-medica\/equipo-medico\/diagnostico\/otoscopio\/estuche-de-diagnostico-set-otoscopio-y-oftalmoscopio-con-luz-led-e-iluminacion-por-fibra-optica\/#primaryimage","url":"https:\/\/instamedic.mx\/wp-content\/uploads\/2021\/11\/Estuche-de-diagnostico-set-de-otosopio-y-oftalmoscopio-checkatek-pila-recargable.jpeg","contentUrl":"https:\/\/instamedic.mx\/wp-content\/uploads\/2021\/11\/Estuche-de-diagnostico-set-de-otosopio-y-oftalmoscopio-checkatek-pila-recargable.jpeg","width":800,"height":800,"caption":"Estuche de diagn\u00f3stico set de otosopio y oftalmoscopio checkatek pila recargable"},{"@type":"BreadcrumbList","@id":"https:\/\/instamedic.mx\/tienda-medica\/equipo-medico\/diagnostico\/otoscopio\/estuche-de-diagnostico-set-otoscopio-y-oftalmoscopio-con-luz-led-e-iluminacion-por-fibra-optica\/#breadcrumb","itemListElement":[{"@type":"ListItem","position":1,"name":"Inicio","item":"https:\/\/instamedic.mx\/"},{"@type":"ListItem","position":2,"name":"Tienda m\u00e9dica","item":"https:\/\/instamedic.mx\/tienda-medica\/"},{"@type":"ListItem","position":3,"name":"Estuche de diagn\u00f3stico set Otoscopio y oftalmoscopio con Luz LED e iluminaci\u00f3n por fibra \u00f3ptica recargable"}]},{"@type":"WebSite","@id":"https:\/\/instamedic.mx\/#website","url":"https:\/\/instamedic.mx\/","name":"INSTAMEDIC","description":"Venta de equipo m\u00e9dico, instrumental y uniformes quirpurgicos","publisher":{"@id":"https:\/\/instamedic.mx\/#organization"},"potentialAction":[{"@type":"SearchAction","target":{"@type":"EntryPoint","urlTemplate":"https:\/\/instamedic.mx\/?s={search_term_string}"},"query-input":"required name=search_term_string"}],"inLanguage":"en-US"},{"@type":"Organization","@id":"https:\/\/instamedic.mx\/#organization","name":"INSTAMEDIC","url":"https:\/\/instamedic.mx\/","logo":{"@type":"ImageObject","inLanguage":"en-US","@id":"https:\/\/instamedic.mx\/#\/schema\/logo\/image\/","url":"https:\/\/instamedic.mx\/wp-content\/uploads\/2024\/02\/Logo-instamedic.png","contentUrl":"https:\/\/instamedic.mx\/wp-content\/uploads\/2024\/02\/Logo-instamedic.png","width":500,"height":500,"caption":"INSTAMEDIC"},"image":{"@id":"https:\/\/instamedic.mx\/#\/schema\/logo\/image\/"},"sameAs":["https:\/\/www.facebook.com\/instamedicmx","https:\/\/www.instagram.com\/instamedic_mx\/"],"email":"info@instamedic.mx","telephone":"8713426247"}]}},"jetpack_sharing_enabled":true,"_links":{"self":[{"href":"https:\/\/instamedic.mx\/en\/wp-json\/wp\/v2\/product\/9852"}],"collection":[{"href":"https:\/\/instamedic.mx\/en\/wp-json\/wp\/v2\/product"}],"about":[{"href":"https:\/\/instamedic.mx\/en\/wp-json\/wp\/v2\/types\/product"}],"replies":[{"embeddable":true,"href":"https:\/\/instamedic.mx\/en\/wp-json\/wp\/v2\/comments?post=9852"}],"version-history":[{"count":2,"href":"https:\/\/instamedic.mx\/en\/wp-json\/wp\/v2\/product\/9852\/revisions"}],"predecessor-version":[{"id":10240,"href":"https:\/\/instamedic.mx\/en\/wp-json\/wp\/v2\/product\/9852\/revisions\/10240"}],"wp:featuredmedia":[{"embeddable":true,"href":"https:\/\/instamedic.mx\/en\/wp-json\/wp\/v2\/media\/9853"}],"wp:attachment":[{"href":"https:\/\/instamedic.mx\/en\/wp-json\/wp\/v2\/media?parent=9852"}],"wp:term":[{"taxonomy":"wpc-collection","embeddable":true,"href":"https:\/\/instamedic.mx\/en\/wp-json\/wp\/v2\/wpc-collection?post=9852"},{"taxonomy":"product_brand","embeddable":true,"href":"https:\/\/instamedic.mx\/en\/wp-json\/wp\/v2\/product_brand?post=9852"},{"taxonomy":"product_cat","embeddable":true,"href":"https:\/\/instamedic.mx\/en\/wp-json\/wp\/v2\/product_cat?post=9852"},{"taxonomy":"product_tag","embeddable":true,"href":"https:\/\/instamedic.mx\/en\/wp-json\/wp\/v2\/product_tag?post=9852"}],"curies":[{"name":"wp","href":"https:\/\/api.w.org\/{rel}","templated":true}]}}