{"id":9862,"date":"2021-11-18T01:18:59","date_gmt":"2021-11-18T01:18:59","guid":{"rendered":"https:\/\/instamedic.mx\/?post_type=product&#038;p=9862"},"modified":"2024-01-03T18:42:47","modified_gmt":"2024-01-03T18:42:47","slug":"pad-de-sutura-3-capas","status":"publish","type":"product","link":"https:\/\/instamedic.mx\/en\/tienda-medica\/equipo-medico\/pad-de-sutura\/pad-de-sutura-3-capas\/","title":{"rendered":"PAD de sutura 3 capas"},"content":{"rendered":"<p>Pad de sutura verdaderamente tricapa, notaras la diferencia en la textura al momento de suturar,<br \/>\nbrindando suavidad, flexibilidad y resistencia.<\/p>\n<p>Simulando dermis, tejido sub cut\u00e1neo y m\u00fasculo.<br \/>\nIdeal para seguir practicando cualquier t\u00e9cnica de sutura desde surgete continuo hasta suturas<br \/>\nsub-cuticulares.<br \/>\nCuenta con patrones de corte rectos, curvos y con bodes irregulares, favoreciendo el desarrollo de<br \/>\nhabilidades psicomotoras de los estudiantes de medicina, veterinaria y odontolog\u00eda.<\/p>\n<p>Medidas: 12X12X1 cm, re utilizable (probado m\u00e1s de 24 veces en suturas de 3-0 0 menores).<\/p>\n<p><u>Materiales de Primera Calidad<\/u><\/p>\n<p>Nuestros Pad de Sutura est\u00e1n compuestos por una almohadilla de Silicona de alta calidad, que emula fielmente la sensaci\u00f3n de suturar piel real, es resistente, es compacta y muy f\u00e1cil de transportar. No se rompen ni se desgarran\u00a0f\u00e1cilmente. Ideales para personas que buscan Pads de Sutura de calidad.<\/p>\n<p><u>Perfectos para Capacitaci\u00f3n<\/u><\/p>\n<p>Domine su habilidad de suturar o ponga a prueba las habilidades de estudiantes.\u00a0 Nuestros Pad de Sutura vienen con una gran cantidad de desafiantes patrones de heridas. Esto es ideal para usuarios principiantes, intermedios y avanzados.<\/p>\n<p><u>Dise\u00f1o Perfecto\u00a0<\/u><\/p>\n<p>La parte inferior de nuestros Pad de Sutura se adhieren f\u00e1cilmente a las superficies lo que permite que se mantengan est\u00e1ticos en la mesa para as\u00ed evitar movimientos no deseados al momento de practicar la sutura.<\/p>\n<p><u>Ideal para Regalo.<\/u><\/p>\n<p>Por su gran utilidad y costos, nuestros Pad de Sutura\u00a0son el regalo perfecto para Estudiantes de Medicina, Enfermer\u00eda, Odont\u00f3logos o Veterinarios<\/p>","protected":false},"excerpt":{"rendered":"<p>Pad de sutura verdaderamente tricapa, notaras la diferencia en la textura al momento de suturar, brindando suavidad, flexibilidad y resistencia. Simulando dermis, tejido sub cut\u00e1neo y m\u00fasculo. Ideal para seguir practicando cualquier t\u00e9cnica de sutura desde surgete continuo hasta suturas sub-cuticulares. Cuenta con patrones de corte rectos, curvos y con bodes irregulares, favoreciendo el desarrollo de habilidades psicomotoras de los estudiantes de medicina, veterinaria y odontolog\u00eda. Medidas: 12X12X1 cm, re utilizable (probado m\u00e1s de 24 veces en suturas de 3-0 0 menores). Materiales de Primera Calidad Nuestros Pad de Sutura est\u00e1n compuestos por una almohadilla de Silicona de alta calidad, que emula fielmente la sensaci\u00f3n de suturar piel real, es resistente, es compacta y muy f\u00e1cil de transportar. No se rompen ni se desgarran\u00a0f\u00e1cilmente. Ideales para personas que buscan Pads de Sutura de calidad. Perfectos para Capacitaci\u00f3n Domine su habilidad de suturar o ponga a prueba las habilidades de estudiantes.\u00a0 Nuestros Pad de Sutura vienen con una gran cantidad de desafiantes patrones de heridas. Esto es ideal para usuarios principiantes, intermedios y avanzados. Dise\u00f1o Perfecto\u00a0 La parte inferior de nuestros Pad de Sutura se adhieren f\u00e1cilmente a las superficies lo que permite que se mantengan est\u00e1ticos en la mesa para as\u00ed evitar movimientos no deseados al momento de practicar la sutura. Ideal para Regalo. Por su gran utilidad y costos, nuestros Pad de Sutura\u00a0son el regalo perfecto para Estudiantes de Medicina, Enfermer\u00eda, Odont\u00f3logos o Veterinarios<\/p>","protected":false},"featured_media":9863,"comment_status":"open","ping_status":"closed","template":"","meta":[],"wpc-collection":[],"product_brand":[785],"product_cat":[92,528],"product_tag":[532,529,531,530,192],"yoast_head":"<!-- This site is optimized with the Yoast SEO Premium plugin v22.3 (Yoast SEO v22.4) - https:\/\/yoast.com\/wordpress\/plugins\/seo\/ -->\n<title>PAD de sutura 3 capas | Instamedic<\/title>\n<meta name=\"description\" content=\"Pad de sutura tricapa, Ideal para seguir practicando cualquier t\u00e9cnica de sutura. Cuenta con patrones de corte rectos, curvos y con bodes irregulares\" \/>\n<meta name=\"robots\" content=\"index, follow, max-snippet:-1, max-image-preview:large, max-video-preview:-1\" \/>\n<link rel=\"canonical\" href=\"https:\/\/instamedic.mx\/en\/tienda-medica\/equipo-medico\/pad-de-sutura\/pad-de-sutura-3-capas\/\" \/>\n<meta property=\"og:locale\" content=\"en_US\" \/>\n<meta property=\"og:type\" content=\"article\" \/>\n<meta property=\"og:title\" content=\"PAD de sutura 3 capas\" \/>\n<meta property=\"og:description\" content=\"Pad de sutura tricapa, Ideal para seguir practicando cualquier t\u00e9cnica de sutura. Cuenta con patrones de corte rectos, curvos y con bodes irregulares\" \/>\n<meta property=\"og:url\" content=\"https:\/\/instamedic.mx\/en\/tienda-medica\/equipo-medico\/pad-de-sutura\/pad-de-sutura-3-capas\/\" \/>\n<meta property=\"og:site_name\" content=\"Instamedic\" \/>\n<meta property=\"article:publisher\" content=\"https:\/\/www.facebook.com\/instamedicmx\" \/>\n<meta property=\"article:modified_time\" content=\"2024-01-03T18:42:47+00:00\" \/>\n<meta property=\"og:image\" content=\"https:\/\/instamedic.mx\/wp-content\/uploads\/2021\/11\/Pad-de-sutura-de-3-capas.jpeg\" \/>\n\t<meta property=\"og:image:width\" content=\"960\" \/>\n\t<meta property=\"og:image:height\" content=\"960\" \/>\n\t<meta property=\"og:image:type\" content=\"image\/jpeg\" \/>\n<meta name=\"twitter:card\" content=\"summary_large_image\" \/>\n<meta name=\"twitter:label1\" content=\"Est. reading time\" \/>\n\t<meta name=\"twitter:data1\" content=\"2 minutes\" \/>\n<script type=\"application\/ld+json\" class=\"yoast-schema-graph\">{\"@context\":\"https:\/\/schema.org\",\"@graph\":[{\"@type\":\"WebPage\",\"@id\":\"https:\/\/instamedic.mx\/tienda-medica\/equipo-medico\/pad-de-sutura\/pad-de-sutura-3-capas\/\",\"url\":\"https:\/\/instamedic.mx\/tienda-medica\/equipo-medico\/pad-de-sutura\/pad-de-sutura-3-capas\/\",\"name\":\"PAD de sutura 3 capas | Instamedic\",\"isPartOf\":{\"@id\":\"https:\/\/instamedic.mx\/#website\"},\"primaryImageOfPage\":{\"@id\":\"https:\/\/instamedic.mx\/tienda-medica\/equipo-medico\/pad-de-sutura\/pad-de-sutura-3-capas\/#primaryimage\"},\"image\":{\"@id\":\"https:\/\/instamedic.mx\/tienda-medica\/equipo-medico\/pad-de-sutura\/pad-de-sutura-3-capas\/#primaryimage\"},\"thumbnailUrl\":\"https:\/\/instamedic.mx\/wp-content\/uploads\/2021\/11\/Pad-de-sutura-de-3-capas.jpeg\",\"datePublished\":\"2021-11-18T01:18:59+00:00\",\"dateModified\":\"2024-01-03T18:42:47+00:00\",\"description\":\"Pad de sutura tricapa, Ideal para seguir practicando cualquier t\u00e9cnica de sutura. Cuenta con patrones de corte rectos, curvos y con bodes irregulares\",\"breadcrumb\":{\"@id\":\"https:\/\/instamedic.mx\/tienda-medica\/equipo-medico\/pad-de-sutura\/pad-de-sutura-3-capas\/#breadcrumb\"},\"inLanguage\":\"en-US\",\"potentialAction\":[{\"@type\":\"ReadAction\",\"target\":[\"https:\/\/instamedic.mx\/tienda-medica\/equipo-medico\/pad-de-sutura\/pad-de-sutura-3-capas\/\"]}]},{\"@type\":\"ImageObject\",\"inLanguage\":\"en-US\",\"@id\":\"https:\/\/instamedic.mx\/tienda-medica\/equipo-medico\/pad-de-sutura\/pad-de-sutura-3-capas\/#primaryimage\",\"url\":\"https:\/\/instamedic.mx\/wp-content\/uploads\/2021\/11\/Pad-de-sutura-de-3-capas.jpeg\",\"contentUrl\":\"https:\/\/instamedic.mx\/wp-content\/uploads\/2021\/11\/Pad-de-sutura-de-3-capas.jpeg\",\"width\":960,\"height\":960,\"caption\":\"Pad de sutura de 3 capas\"},{\"@type\":\"BreadcrumbList\",\"@id\":\"https:\/\/instamedic.mx\/tienda-medica\/equipo-medico\/pad-de-sutura\/pad-de-sutura-3-capas\/#breadcrumb\",\"itemListElement\":[{\"@type\":\"ListItem\",\"position\":1,\"name\":\"Inicio\",\"item\":\"https:\/\/instamedic.mx\/\"},{\"@type\":\"ListItem\",\"position\":2,\"name\":\"Tienda m\u00e9dica\",\"item\":\"https:\/\/instamedic.mx\/tienda-medica\/\"},{\"@type\":\"ListItem\",\"position\":3,\"name\":\"PAD de sutura 3 capas\"}]},{\"@type\":\"WebSite\",\"@id\":\"https:\/\/instamedic.mx\/#website\",\"url\":\"https:\/\/instamedic.mx\/\",\"name\":\"INSTAMEDIC\",\"description\":\"Venta de equipo m\u00e9dico, instrumental y uniformes quirpurgicos\",\"publisher\":{\"@id\":\"https:\/\/instamedic.mx\/#organization\"},\"potentialAction\":[{\"@type\":\"SearchAction\",\"target\":{\"@type\":\"EntryPoint\",\"urlTemplate\":\"https:\/\/instamedic.mx\/?s={search_term_string}\"},\"query-input\":\"required name=search_term_string\"}],\"inLanguage\":\"en-US\"},{\"@type\":\"Organization\",\"@id\":\"https:\/\/instamedic.mx\/#organization\",\"name\":\"INSTAMEDIC\",\"url\":\"https:\/\/instamedic.mx\/\",\"logo\":{\"@type\":\"ImageObject\",\"inLanguage\":\"en-US\",\"@id\":\"https:\/\/instamedic.mx\/#\/schema\/logo\/image\/\",\"url\":\"https:\/\/instamedic.mx\/wp-content\/uploads\/2024\/02\/Logo-instamedic.png\",\"contentUrl\":\"https:\/\/instamedic.mx\/wp-content\/uploads\/2024\/02\/Logo-instamedic.png\",\"width\":500,\"height\":500,\"caption\":\"INSTAMEDIC\"},\"image\":{\"@id\":\"https:\/\/instamedic.mx\/#\/schema\/logo\/image\/\"},\"sameAs\":[\"https:\/\/www.facebook.com\/instamedicmx\",\"https:\/\/www.instagram.com\/instamedic_mx\/\"],\"email\":\"info@instamedic.mx\",\"telephone\":\"8713426247\"}]}<\/script>\n<!-- \/ Yoast SEO Premium plugin. -->","yoast_head_json":{"title":"PAD de sutura 3 capas | Instamedic","description":"Pad de sutura tricapa, Ideal para seguir practicando cualquier t\u00e9cnica de sutura. Cuenta con patrones de corte rectos, curvos y con bodes irregulares","robots":{"index":"index","follow":"follow","max-snippet":"max-snippet:-1","max-image-preview":"max-image-preview:large","max-video-preview":"max-video-preview:-1"},"canonical":"https:\/\/instamedic.mx\/en\/tienda-medica\/equipo-medico\/pad-de-sutura\/pad-de-sutura-3-capas\/","og_locale":"en_US","og_type":"article","og_title":"PAD de sutura 3 capas","og_description":"Pad de sutura tricapa, Ideal para seguir practicando cualquier t\u00e9cnica de sutura. Cuenta con patrones de corte rectos, curvos y con bodes irregulares","og_url":"https:\/\/instamedic.mx\/en\/tienda-medica\/equipo-medico\/pad-de-sutura\/pad-de-sutura-3-capas\/","og_site_name":"Instamedic","article_publisher":"https:\/\/www.facebook.com\/instamedicmx","article_modified_time":"2024-01-03T18:42:47+00:00","og_image":[{"width":960,"height":960,"url":"https:\/\/instamedic.mx\/wp-content\/uploads\/2021\/11\/Pad-de-sutura-de-3-capas.jpeg","type":"image\/jpeg"}],"twitter_card":"summary_large_image","twitter_misc":{"Est. reading time":"2 minutes"},"schema":{"@context":"https:\/\/schema.org","@graph":[{"@type":"WebPage","@id":"https:\/\/instamedic.mx\/tienda-medica\/equipo-medico\/pad-de-sutura\/pad-de-sutura-3-capas\/","url":"https:\/\/instamedic.mx\/tienda-medica\/equipo-medico\/pad-de-sutura\/pad-de-sutura-3-capas\/","name":"PAD de sutura 3 capas | Instamedic","isPartOf":{"@id":"https:\/\/instamedic.mx\/#website"},"primaryImageOfPage":{"@id":"https:\/\/instamedic.mx\/tienda-medica\/equipo-medico\/pad-de-sutura\/pad-de-sutura-3-capas\/#primaryimage"},"image":{"@id":"https:\/\/instamedic.mx\/tienda-medica\/equipo-medico\/pad-de-sutura\/pad-de-sutura-3-capas\/#primaryimage"},"thumbnailUrl":"https:\/\/instamedic.mx\/wp-content\/uploads\/2021\/11\/Pad-de-sutura-de-3-capas.jpeg","datePublished":"2021-11-18T01:18:59+00:00","dateModified":"2024-01-03T18:42:47+00:00","description":"Pad de sutura tricapa, Ideal para seguir practicando cualquier t\u00e9cnica de sutura. Cuenta con patrones de corte rectos, curvos y con bodes irregulares","breadcrumb":{"@id":"https:\/\/instamedic.mx\/tienda-medica\/equipo-medico\/pad-de-sutura\/pad-de-sutura-3-capas\/#breadcrumb"},"inLanguage":"en-US","potentialAction":[{"@type":"ReadAction","target":["https:\/\/instamedic.mx\/tienda-medica\/equipo-medico\/pad-de-sutura\/pad-de-sutura-3-capas\/"]}]},{"@type":"ImageObject","inLanguage":"en-US","@id":"https:\/\/instamedic.mx\/tienda-medica\/equipo-medico\/pad-de-sutura\/pad-de-sutura-3-capas\/#primaryimage","url":"https:\/\/instamedic.mx\/wp-content\/uploads\/2021\/11\/Pad-de-sutura-de-3-capas.jpeg","contentUrl":"https:\/\/instamedic.mx\/wp-content\/uploads\/2021\/11\/Pad-de-sutura-de-3-capas.jpeg","width":960,"height":960,"caption":"Pad de sutura de 3 capas"},{"@type":"BreadcrumbList","@id":"https:\/\/instamedic.mx\/tienda-medica\/equipo-medico\/pad-de-sutura\/pad-de-sutura-3-capas\/#breadcrumb","itemListElement":[{"@type":"ListItem","position":1,"name":"Inicio","item":"https:\/\/instamedic.mx\/"},{"@type":"ListItem","position":2,"name":"Tienda m\u00e9dica","item":"https:\/\/instamedic.mx\/tienda-medica\/"},{"@type":"ListItem","position":3,"name":"PAD de sutura 3 capas"}]},{"@type":"WebSite","@id":"https:\/\/instamedic.mx\/#website","url":"https:\/\/instamedic.mx\/","name":"INSTAMEDIC","description":"Venta de equipo m\u00e9dico, instrumental y uniformes quirpurgicos","publisher":{"@id":"https:\/\/instamedic.mx\/#organization"},"potentialAction":[{"@type":"SearchAction","target":{"@type":"EntryPoint","urlTemplate":"https:\/\/instamedic.mx\/?s={search_term_string}"},"query-input":"required name=search_term_string"}],"inLanguage":"en-US"},{"@type":"Organization","@id":"https:\/\/instamedic.mx\/#organization","name":"INSTAMEDIC","url":"https:\/\/instamedic.mx\/","logo":{"@type":"ImageObject","inLanguage":"en-US","@id":"https:\/\/instamedic.mx\/#\/schema\/logo\/image\/","url":"https:\/\/instamedic.mx\/wp-content\/uploads\/2024\/02\/Logo-instamedic.png","contentUrl":"https:\/\/instamedic.mx\/wp-content\/uploads\/2024\/02\/Logo-instamedic.png","width":500,"height":500,"caption":"INSTAMEDIC"},"image":{"@id":"https:\/\/instamedic.mx\/#\/schema\/logo\/image\/"},"sameAs":["https:\/\/www.facebook.com\/instamedicmx","https:\/\/www.instagram.com\/instamedic_mx\/"],"email":"info@instamedic.mx","telephone":"8713426247"}]}},"jetpack_sharing_enabled":true,"_links":{"self":[{"href":"https:\/\/instamedic.mx\/en\/wp-json\/wp\/v2\/product\/9862"}],"collection":[{"href":"https:\/\/instamedic.mx\/en\/wp-json\/wp\/v2\/product"}],"about":[{"href":"https:\/\/instamedic.mx\/en\/wp-json\/wp\/v2\/types\/product"}],"replies":[{"embeddable":true,"href":"https:\/\/instamedic.mx\/en\/wp-json\/wp\/v2\/comments?post=9862"}],"version-history":[{"count":1,"href":"https:\/\/instamedic.mx\/en\/wp-json\/wp\/v2\/product\/9862\/revisions"}],"predecessor-version":[{"id":9866,"href":"https:\/\/instamedic.mx\/en\/wp-json\/wp\/v2\/product\/9862\/revisions\/9866"}],"wp:featuredmedia":[{"embeddable":true,"href":"https:\/\/instamedic.mx\/en\/wp-json\/wp\/v2\/media\/9863"}],"wp:attachment":[{"href":"https:\/\/instamedic.mx\/en\/wp-json\/wp\/v2\/media?parent=9862"}],"wp:term":[{"taxonomy":"wpc-collection","embeddable":true,"href":"https:\/\/instamedic.mx\/en\/wp-json\/wp\/v2\/wpc-collection?post=9862"},{"taxonomy":"product_brand","embeddable":true,"href":"https:\/\/instamedic.mx\/en\/wp-json\/wp\/v2\/product_brand?post=9862"},{"taxonomy":"product_cat","embeddable":true,"href":"https:\/\/instamedic.mx\/en\/wp-json\/wp\/v2\/product_cat?post=9862"},{"taxonomy":"product_tag","embeddable":true,"href":"https:\/\/instamedic.mx\/en\/wp-json\/wp\/v2\/product_tag?post=9862"}],"curies":[{"name":"wp","href":"https:\/\/api.w.org\/{rel}","templated":true}]}}